{"id":722,"date":"2022-11-03T14:42:37","date_gmt":"2022-11-03T13:42:37","guid":{"rendered":"https:\/\/printagram.com\/?post_type=product&#038;p=722"},"modified":"2026-02-10T15:46:59","modified_gmt":"2026-02-10T14:46:59","slug":"teczki-firmowe-a4","status":"publish","type":"product","link":"https:\/\/printagram.com\/pl\/produkt\/teczki-firmowe-a4\/","title":{"rendered":"Teczki firmowe A4"},"content":{"rendered":"<p>Dzi\u0119ki szybkiemu rozwojowi techniki drukarskiej i obni\u017cce koszt\u00f3w przygotowania do druku mo\u017cemy zaproponowa\u0107 Pa\u0144stwu bardzo przyst\u0119pne teczki ofertowe.\u00a0Dla tego typu teczek firmowych posiadamy dwa wykrojniki do wyboru. W teczce zmie\u015bci si\u0119 do ok. 10 lub 30 standardowych kartek A4 &#8211; zale\u017cy od wybranego kroju teczki.<\/p>\n<p>Teczki firmowe s\u0105 drukowane, a nast\u0119pnie laminowane foli\u0105 b\u0142ysk, mat lub soft-touch b\u0105d\u017a te\u017c lakierowane na stronie zewn\u0119trznej i w ko\u0144cu sztancowane. W innych teczkach kieszonka do trzymania dokument\u00f3w bywa, \u017ce jest po prostu doklejana. Nasze teczki maj\u0105 prawdziwe solidne, nie przyklejane skrzyde\u0142ka. Ca\u0142a teczka sk\u0142ada si\u0119 z jednego bardzo sztywnego kartonowego arkusza. W dolnym skrzyde\u0142ku wykonane s\u0105 naci\u0119cia na wizyt\u00f3wk\u0119.\u00a0Teczki dostarczane s\u0105 w formie nieposk\u0142adanej.<\/p>\n","protected":false},"excerpt":{"rendered":"<p>Dzi\u0119ki szybkiemu rozwojowi techniki drukarskiej i obni\u017cce koszt\u00f3w przygotowania do druku mo\u017cemy zaproponowa\u0107 Pa\u0144stwu bardzo przyst\u0119pne teczki ofertowe.\u00a0Dla tego typu<\/p>\n","protected":false},"featured_media":21978,"template":"","meta":{"_seopress_robots_primary_cat":"none","_seopress_titles_title":"","_seopress_titles_desc":"","_seopress_robots_index":""},"product_brand":[],"product_cat":[292],"product_tag":[444,448,437,446],"class_list":{"0":"post-722","1":"product","2":"type-product","3":"status-publish","4":"has-post-thumbnail","6":"product_cat-teczki-segregatory","7":"product_tag-firma-biuro","8":"product_tag-konferencje-kursy-szkolenia","9":"product_tag-lakier-uv-selektywny","10":"product_tag-promowanie","12":"first","13":"instock","14":"taxable","15":"shipping-taxable","16":"purchasable","17":"product-type-simple"},"_links":{"self":[{"href":"https:\/\/printagram.com\/pl\/wp-json\/wp\/v2\/product\/722","targetHints":{"allow":["GET"]}}],"collection":[{"href":"https:\/\/printagram.com\/pl\/wp-json\/wp\/v2\/product"}],"about":[{"href":"https:\/\/printagram.com\/pl\/wp-json\/wp\/v2\/types\/product"}],"wp:featuredmedia":[{"embeddable":true,"href":"https:\/\/printagram.com\/pl\/wp-json\/wp\/v2\/media\/21978"}],"wp:attachment":[{"href":"https:\/\/printagram.com\/pl\/wp-json\/wp\/v2\/media?parent=722"}],"wp:term":[{"taxonomy":"product_brand","embeddable":true,"href":"https:\/\/printagram.com\/pl\/wp-json\/wp\/v2\/product_brand?post=722"},{"taxonomy":"product_cat","embeddable":true,"href":"https:\/\/printagram.com\/pl\/wp-json\/wp\/v2\/product_cat?post=722"},{"taxonomy":"product_tag","embeddable":true,"href":"https:\/\/printagram.com\/pl\/wp-json\/wp\/v2\/product_tag?post=722"}],"curies":[{"name":"wp","href":"https:\/\/api.w.org\/{rel}","templated":true}]}}