{"id":699,"date":"2022-10-23T21:12:44","date_gmt":"2022-10-23T19:12:44","guid":{"rendered":"https:\/\/printagram.com\/produkt\/projekt-graficzny\/"},"modified":"2025-07-11T11:27:24","modified_gmt":"2025-07-11T09:27:24","slug":"projekt-graficzny","status":"publish","type":"product","link":"https:\/\/printagram.com\/pl\/produkt\/projekt-graficzny\/","title":{"rendered":"Projekt graficzny u\u017cytkowy"},"content":{"rendered":"<p>Do wykonania projektu potrzebujemy od Pa\u0144stwa wskaz\u00f3wek i danych oraz ewentualnie innych materia\u0142\u00f3w (logo, grafiki itp.).<br \/>\nGwarantujemy pe\u0142n\u0105 satysfakcj\u0119. Nasi graficy to do\u015bwiadczeni profesjonali\u015bci. Pierwsza propozycja zwykle jest przedstawiana w ci\u0105gu 3 dni roboczych po otrzymaniu wskaz\u00f3wek i materia\u0142\u00f3w. Poni\u017cej kilka najcz\u0119\u015bciej zadawanych pyta\u0144:<\/p>\n<ul>\n<li>Czy dostan\u0119 kilka propozycji do wyboru?<br \/>\nNie, przedstawiamy jedn\u0105 propozycj\u0119. Je\u015bli b\u0119dzie ona zdaniem Pa\u0144stwa niewystarczaj\u0105ca w\u00f3wczas na podstawie przekazanych uwag przygotowujemy kolejn\u0105 propozycj\u0119 uwzgl\u0119dniaj\u0105c\u0105 poprawki.<\/li>\n<li>A co je\u015bli projekt mi si\u0119 nie spodoba?<br \/>\nMaj\u0105 Pa\u0144stwo prawo przedstawi\u0107 uwagi do niego. W\u00f3wczas wykonujemy poprawki i znowu przesy\u0142amy do akceptacji. I tak a\u017c do szcz\u0119\u015bliwego zako\u0144czenia \ud83d\ude42<\/li>\n<li>Czy mo\u017cecie zaprojektowa\u0107 mi przy okazji logo?<br \/>\nNie! Us\u0142uga dotyczy wy\u0142\u0105cznie projektu u\u017cytkowego dla konkretnego produktu. Logotypy to projekty konsepcyjne i s\u0105 wyceniane w zupe\u0142nie inny spos\u00f3b.<\/li>\n<\/ul>\n","protected":false},"excerpt":{"rendered":"<p>Projekt graficzny oraz przygotowanie techniczne do druku.<\/p>\n","protected":false},"featured_media":30966,"template":"","meta":{"_seopress_robots_primary_cat":"none","_seopress_titles_title":"","_seopress_titles_desc":"","_seopress_robots_index":""},"product_brand":[],"product_cat":[435],"product_tag":[447,444,448,449,446,445],"class_list":{"0":"post-699","1":"product","2":"type-product","3":"status-publish","4":"has-post-thumbnail","6":"product_cat-uslugi-graficzne","7":"product_tag-eventy","8":"product_tag-firma-biuro","9":"product_tag-konferencje-kursy-szkolenia","10":"product_tag-produkcja","11":"product_tag-promowanie","12":"product_tag-sprzedaz-handel","13":"product_shipping_class-emailowo","15":"first","16":"instock","17":"taxable","18":"shipping-taxable","19":"purchasable","20":"product-type-simple"},"_links":{"self":[{"href":"https:\/\/printagram.com\/pl\/wp-json\/wp\/v2\/product\/699","targetHints":{"allow":["GET"]}}],"collection":[{"href":"https:\/\/printagram.com\/pl\/wp-json\/wp\/v2\/product"}],"about":[{"href":"https:\/\/printagram.com\/pl\/wp-json\/wp\/v2\/types\/product"}],"wp:featuredmedia":[{"embeddable":true,"href":"https:\/\/printagram.com\/pl\/wp-json\/wp\/v2\/media\/30966"}],"wp:attachment":[{"href":"https:\/\/printagram.com\/pl\/wp-json\/wp\/v2\/media?parent=699"}],"wp:term":[{"taxonomy":"product_brand","embeddable":true,"href":"https:\/\/printagram.com\/pl\/wp-json\/wp\/v2\/product_brand?post=699"},{"taxonomy":"product_cat","embeddable":true,"href":"https:\/\/printagram.com\/pl\/wp-json\/wp\/v2\/product_cat?post=699"},{"taxonomy":"product_tag","embeddable":true,"href":"https:\/\/printagram.com\/pl\/wp-json\/wp\/v2\/product_tag?post=699"}],"curies":[{"name":"wp","href":"https:\/\/api.w.org\/{rel}","templated":true}]}}