{"id":691,"date":"2022-10-23T21:12:33","date_gmt":"2022-10-23T19:12:33","guid":{"rendered":"https:\/\/printagram.com\/produkt\/plyty-okladki-cd-dvd\/"},"modified":"2024-09-30T00:01:48","modified_gmt":"2024-09-29T22:01:48","slug":"plyty-cd-dvd","status":"publish","type":"product","link":"https:\/\/printagram.com\/pl\/produkt\/plyty-cd-dvd\/","title":{"rendered":"P\u0142yty CD DVD"},"content":{"rendered":"<p>Planujesz wyda\u0107 p\u0142yt\u0119 z muzyk\u0105, prezentacj\u0119 na CD lub DVD lub film? Je\u015bli tak, to ta oferta jest dla Ciebie! P\u0142yty Audio, Video CD, DVD, prezentacje multimedialne, P\u0142yty archiwizacyjne &#8211; wszystko to w nak\u0142adach ju\u017c od kilku do kilku tysi\u0119cy egzemplarzy. Z w\u0142asnym w pe\u0142ni profesjonalnym i unikatowym nadrukiem na p\u0142ycie oraz etui. To uniwersalna i wygodna forma przechowywania nagra\u0144, film\u00f3w i danych.<\/p>\n<p>Ofert\u0119 kierujemy g\u0142ownie do medycznych zak\u0142ad\u00f3w diagnostycznych, fotograf\u00f3w, firm zajmuj\u0105cych si\u0119 videofilmowaniem lub tworz\u0105cych prezentacje multimedialne. To \u015bwietne rozwi\u0105zanie tak\u017ce dla zespo\u0142\u00f3w muzycznych na wydanie demo lub swojej p\u0142yty promocyjnej. Mog\u0105 one pos\u0142u\u017cy\u0107 tak\u017ce zwyk\u0142emu u\u017cytkownikowi czy kolekcjonerowi audio czy video.<\/p>\n<p>Sprawd\u017a te\u017c koniecznie ofert\u0119 na <a href=\"\/pl\/produkt\/okladki-do-plyt-cd-dvd\/\">ok\u0142adki z nadrukiem do p\u0142yt CD DVD<\/a>.<br \/>\nP\u0142yty CD lub DVD mog\u0105 by\u0107 z nagraniem (wypaleniem) danych lub czyste (CD-R, DVD-R). Je\u015bli p\u0142yty maj\u0105 zosta\u0107 zapisane to prosimy dostarczy\u0107 dodatkowy plik w formacie ISO z zawarto\u015bci\u0105 p\u0142yty. <\/p>\n","protected":false},"excerpt":{"rendered":"<p>P\u0142yty CD DVD z nadrukiem i nagraniem (opcja)<\/p>\n","protected":false},"featured_media":22200,"template":"","meta":{"_seopress_robots_primary_cat":"","_seopress_titles_title":"","_seopress_titles_desc":"","_seopress_robots_index":""},"product_brand":[],"product_cat":[316],"product_tag":[448,449,446],"class_list":{"0":"post-691","1":"product","2":"type-product","3":"status-publish","4":"has-post-thumbnail","6":"product_cat-plyty-opakowania-cd-dvd","7":"product_tag-konferencje-kursy-szkolenia","8":"product_tag-produkcja","9":"product_tag-promowanie","11":"first","12":"instock","13":"taxable","14":"shipping-taxable","15":"purchasable","16":"product-type-simple"},"_links":{"self":[{"href":"https:\/\/printagram.com\/pl\/wp-json\/wp\/v2\/product\/691","targetHints":{"allow":["GET"]}}],"collection":[{"href":"https:\/\/printagram.com\/pl\/wp-json\/wp\/v2\/product"}],"about":[{"href":"https:\/\/printagram.com\/pl\/wp-json\/wp\/v2\/types\/product"}],"wp:featuredmedia":[{"embeddable":true,"href":"https:\/\/printagram.com\/pl\/wp-json\/wp\/v2\/media\/22200"}],"wp:attachment":[{"href":"https:\/\/printagram.com\/pl\/wp-json\/wp\/v2\/media?parent=691"}],"wp:term":[{"taxonomy":"product_brand","embeddable":true,"href":"https:\/\/printagram.com\/pl\/wp-json\/wp\/v2\/product_brand?post=691"},{"taxonomy":"product_cat","embeddable":true,"href":"https:\/\/printagram.com\/pl\/wp-json\/wp\/v2\/product_cat?post=691"},{"taxonomy":"product_tag","embeddable":true,"href":"https:\/\/printagram.com\/pl\/wp-json\/wp\/v2\/product_tag?post=691"}],"curies":[{"name":"wp","href":"https:\/\/api.w.org\/{rel}","templated":true}]}}