{"id":689,"date":"2022-10-23T21:12:31","date_gmt":"2022-10-23T19:12:31","guid":{"rendered":"https:\/\/printagram.com\/produkt\/pocztowki-kartki-widokowki\/"},"modified":"2025-04-03T15:30:07","modified_gmt":"2025-04-03T13:30:07","slug":"pocztowki-kartki-widokowki","status":"publish","type":"product","link":"https:\/\/printagram.com\/pl\/produkt\/pocztowki-kartki-widokowki\/","title":{"rendered":"Poczt\u00f3wki, kartki, widok\u00f3wki"},"content":{"rendered":"<p>Poczt\u00f3wki s\u0105 popularne od ponad 100 lat. To produkt wyj\u0105tkowo tani i \u015bwietny jako\u015bciowo. Niewielki nak\u0142ad pozwala na realizacj\u0119\u00a0naprawd\u0119 tanim kosztem\u00a0projekt\u00f3w zwi\u0105zanych z dzia\u0142aniami artystycznymi, upami\u0119tnieniem uroczysto\u015bci, grupowych podr\u00f3\u017cy turystycznych itd. Nasze kartki pocztowe wykorzystywane s\u0105 przez\u00a0artyst\u00f3w fotografik\u00f3w\u00a0i\u00a0artyst\u00f3w plastyk\u00f3w\u00a0chc\u0105cych spopularyzowa\u0107 swoj\u0105 tw\u00f3rczo\u015b\u0107,\u00a0hotele,\u00a0firmy agroturystyczne,\u00a0organizator\u00f3w oboz\u00f3w i kolonii,\u00a0biura turystyczne,\u00a0realizator\u00f3w projekt\u00f3w ekologicznych,\u00a0stowarzyszenia,\u00a0wydzia\u0142y promocji\u00a0r\u00f3\u017cnych urz\u0119d\u00f3w.<\/p>\n<p>Pomimo tego, \u017ce w epoce e-maili coraz mniej ludzi korzysta z tradycyjnej poczty do przesy\u0142ania list\u00f3w i kartek pocztowych, to jednak mo\u017cna by\u0107 pewnym, \u017ce poczt\u00f3wki (czy te\u017c widok\u00f3wki)\u00a0nigdy nie przestan\u0105 by\u0107 modne. Co wi\u0119cej &#8211; nabieraj\u0105 cech ekstrawaganckich i luksusowych. Bo czy mo\u017cna por\u00f3wna\u0107 pozdrowienia przes\u0142ane za pomoc\u0105 poczt\u00f3wki z e-mailem? \ud83d\ude42<\/p>\n","protected":false},"excerpt":{"rendered":"<p>Tradycyjne poczt\u00f3wki wykonane z bia\u0142ego kartonu 300 g\/m2. Rozmiar 105 mm x 148 mm. Dwustronny druk \u2013 4 kolory CMYK (pe\u0142na paleta kolorystyczna), pokryte jednostronnie laminatem b\u0142yszcz\u0105cym.<\/p>\n","protected":false},"featured_media":22161,"template":"","meta":{"_seopress_robots_primary_cat":"none","_seopress_titles_title":"","_seopress_titles_desc":"","_seopress_robots_index":""},"product_brand":[],"product_cat":[308],"product_tag":[447,446],"class_list":{"0":"post-689","1":"product","2":"type-product","3":"status-publish","4":"has-post-thumbnail","6":"product_cat-pocztowki-karnety","7":"product_tag-eventy","8":"product_tag-promowanie","10":"first","11":"instock","12":"taxable","13":"shipping-taxable","14":"purchasable","15":"product-type-simple"},"_links":{"self":[{"href":"https:\/\/printagram.com\/pl\/wp-json\/wp\/v2\/product\/689","targetHints":{"allow":["GET"]}}],"collection":[{"href":"https:\/\/printagram.com\/pl\/wp-json\/wp\/v2\/product"}],"about":[{"href":"https:\/\/printagram.com\/pl\/wp-json\/wp\/v2\/types\/product"}],"wp:featuredmedia":[{"embeddable":true,"href":"https:\/\/printagram.com\/pl\/wp-json\/wp\/v2\/media\/22161"}],"wp:attachment":[{"href":"https:\/\/printagram.com\/pl\/wp-json\/wp\/v2\/media?parent=689"}],"wp:term":[{"taxonomy":"product_brand","embeddable":true,"href":"https:\/\/printagram.com\/pl\/wp-json\/wp\/v2\/product_brand?post=689"},{"taxonomy":"product_cat","embeddable":true,"href":"https:\/\/printagram.com\/pl\/wp-json\/wp\/v2\/product_cat?post=689"},{"taxonomy":"product_tag","embeddable":true,"href":"https:\/\/printagram.com\/pl\/wp-json\/wp\/v2\/product_tag?post=689"}],"curies":[{"name":"wp","href":"https:\/\/api.w.org\/{rel}","templated":true}]}}