{"id":683,"date":"2022-10-23T21:12:25","date_gmt":"2022-10-23T19:12:25","guid":{"rendered":"https:\/\/printagram.com\/produkt\/papier-firmowy\/"},"modified":"2024-09-29T23:57:08","modified_gmt":"2024-09-29T21:57:08","slug":"papier-firmowy","status":"publish","type":"product","link":"https:\/\/printagram.com\/pl\/produkt\/papier-firmowy\/","title":{"rendered":"Papier firmowy"},"content":{"rendered":"<p>Papier do korespondencji firmowej. Druk offsetowy. Zakres kolor\u00f3w pe\u0142na paleta CMYK. Papier offsetowy standardowy\u00a0<strong>gramatura 90 lub 170 g\/m<sup>2<\/sup>.\u00a0<\/strong>Mo\u017cna zastosowa\u0107 nadruk na pe\u0142nej powierzchni bez straty jako\u015bci. Idealne do zastosowania w drukarkach i kopiarkach laserowych a tak\u017ce atramentowych.<\/p>\n<p><strong>TO NIE JEST WYDRUK CYFROWY!<\/strong><\/p>\n<p>Mo\u017cesz swobodnie u\u017cywa\u0107 go we wszystkich typach urz\u0105dze\u0144 !<br \/>\nDoskona\u0142e nadaje si\u0119 do wszystkich typ\u00f3w drukarek, r\u00f3wnie\u017c laserowych i do ksero.<\/p>\n<p><small>W niekt\u00f3rych sklepach i aukcjach internetowych mo\u017cna kupi\u0107 papiery firmowe taniej, ale jest to najcz\u0119\u015bciej wydruk cyfrowy, kt\u00f3ry mo\u017cna stosowa\u0107 tylko w atrament\u00f3wkach. Nie mo\u017cna ich u\u017cy\u0107 w drukarkach laserowych ani w maszynach ksero. Nadruk cyfrowy z uwagi na du\u017c\u0105 temperatur\u0119 topi si\u0119 i mo\u017cna w ten spos\u00f3b uszkodzi\u0107 drukark\u0119. Dla w\u0142asnego bezpiecze\u0144stwa zawsze sprawdzaj technologi\u0119 druku.\u00a0<\/small><\/p>\n","protected":false},"excerpt":{"rendered":"<p>Papier firmowy do wykorzystaywania w korespondencji firmowej.<\/p>\n","protected":false},"featured_media":22424,"template":"","meta":{"_seopress_robots_primary_cat":"","_seopress_titles_title":"","_seopress_titles_desc":"","_seopress_robots_index":""},"product_brand":[],"product_cat":[299],"product_tag":[444],"class_list":{"0":"post-683","1":"product","2":"type-product","3":"status-publish","4":"has-post-thumbnail","6":"product_cat-papeteria-papier-koperty","7":"product_tag-firma-biuro","9":"first","10":"instock","11":"taxable","12":"shipping-taxable","13":"purchasable","14":"product-type-simple"},"_links":{"self":[{"href":"https:\/\/printagram.com\/pl\/wp-json\/wp\/v2\/product\/683","targetHints":{"allow":["GET"]}}],"collection":[{"href":"https:\/\/printagram.com\/pl\/wp-json\/wp\/v2\/product"}],"about":[{"href":"https:\/\/printagram.com\/pl\/wp-json\/wp\/v2\/types\/product"}],"wp:featuredmedia":[{"embeddable":true,"href":"https:\/\/printagram.com\/pl\/wp-json\/wp\/v2\/media\/22424"}],"wp:attachment":[{"href":"https:\/\/printagram.com\/pl\/wp-json\/wp\/v2\/media?parent=683"}],"wp:term":[{"taxonomy":"product_brand","embeddable":true,"href":"https:\/\/printagram.com\/pl\/wp-json\/wp\/v2\/product_brand?post=683"},{"taxonomy":"product_cat","embeddable":true,"href":"https:\/\/printagram.com\/pl\/wp-json\/wp\/v2\/product_cat?post=683"},{"taxonomy":"product_tag","embeddable":true,"href":"https:\/\/printagram.com\/pl\/wp-json\/wp\/v2\/product_tag?post=683"}],"curies":[{"name":"wp","href":"https:\/\/api.w.org\/{rel}","templated":true}]}}