{"id":681,"date":"2022-10-23T21:12:22","date_gmt":"2022-10-23T19:12:22","guid":{"rendered":"https:\/\/printagram.com\/produkt\/metki-zawieszki-etykietki\/"},"modified":"2026-02-10T15:48:48","modified_gmt":"2026-02-10T14:48:48","slug":"metki-zawieszki-etykietki","status":"publish","type":"product","link":"https:\/\/printagram.com\/pl\/produkt\/metki-zawieszki-etykietki\/","title":{"rendered":"Metki zawieszki etykietki"},"content":{"rendered":"<p>Metki zawieszki o wymiarach karty kredytowej 85&#215;54 mm. Naro\u017cniki zaokr\u0105glone. Pe\u0142ny kolor z ka\u017cdej strony. Papier obustronnie powlekany kredowany o g\u0142adkiej powierzchni lub jednostronnie g\u0142adzony (zale\u017cy od wyboru wyko\u0144czenia). Laminowanie foli\u0105 z jednej lub z obu stron. Przy laminowaniu\u00a0jednostronnym druga strona pozostaje surowa, tak, by mo\u017cna by\u0142o na niej pisa\u0107 lub stemplowa\u0107.<\/p>\n<p><strong>Nadaj\u0105 si\u0119 \u015bwietnie na metki, zawieszki do towar\u00f3w,\u00a0zawieszki wymiany oleju w samochodzie itp.<\/strong><\/p>\n<p>Przycinanie odbywa si\u0119 na przemys\u0142owym wykrojniku przelotowym &#8211; ci\u0119cie ca\u0142ego stosu za jednym razem, wi\u0119c nie ma mowy o jakichkolwiek nier\u00f3wno\u015bciach.\u00a0Z uwagi na pewn\u0105 tolerancj\u0119 wykrojnika nie zalecamy projektowania ramek wok\u00f3\u0142 karty.<\/p>\n<p>Karty standardowo posiadaj\u0105\u00a0<a title=\"Rysunek umieszczenia dziurki na projekcie\" href=\"\/\/www.printagram.com\/allegro\/zdjecia\/karty_1-stronnie_laminowane\/karta_z_dziura.gif\" target=\"_blank\" rel=\"noopener\">dziurk\u0119 przy \u015brodku kr\u00f3tszej z kraw\u0119dzi\u00a0<\/a>do np. zawieszenia lub przyczepienia do ubrania jako metka. Mog\u0105 jednak mie\u0107 dziurk\u0119 w dowolnym inny miejscu, kt\u00f3ry mo\u017cna zaznaczy\u0107 na projekcie.<\/p>\n","protected":false},"excerpt":{"rendered":"<p>Metki 85&#215;54 mm, naro\u017cniki zaokr\u0105glone. Laminowane ca\u0142kowite lub 1-stronnie by pisa\u0107 lub stemplowa\u0107<\/p>\n","protected":false},"featured_media":30037,"template":"","meta":{"_seopress_robots_primary_cat":"none","_seopress_titles_title":"","_seopress_titles_desc":"","_seopress_robots_index":""},"product_brand":[],"product_cat":[289],"product_tag":[449,446,445],"class_list":{"0":"post-681","1":"product","2":"type-product","3":"status-publish","4":"has-post-thumbnail","6":"product_cat-metki-zawieszki","7":"product_tag-produkcja","8":"product_tag-promowanie","9":"product_tag-sprzedaz-handel","11":"first","12":"instock","13":"taxable","14":"shipping-taxable","15":"purchasable","16":"product-type-simple"},"_links":{"self":[{"href":"https:\/\/printagram.com\/pl\/wp-json\/wp\/v2\/product\/681","targetHints":{"allow":["GET"]}}],"collection":[{"href":"https:\/\/printagram.com\/pl\/wp-json\/wp\/v2\/product"}],"about":[{"href":"https:\/\/printagram.com\/pl\/wp-json\/wp\/v2\/types\/product"}],"wp:featuredmedia":[{"embeddable":true,"href":"https:\/\/printagram.com\/pl\/wp-json\/wp\/v2\/media\/30037"}],"wp:attachment":[{"href":"https:\/\/printagram.com\/pl\/wp-json\/wp\/v2\/media?parent=681"}],"wp:term":[{"taxonomy":"product_brand","embeddable":true,"href":"https:\/\/printagram.com\/pl\/wp-json\/wp\/v2\/product_brand?post=681"},{"taxonomy":"product_cat","embeddable":true,"href":"https:\/\/printagram.com\/pl\/wp-json\/wp\/v2\/product_cat?post=681"},{"taxonomy":"product_tag","embeddable":true,"href":"https:\/\/printagram.com\/pl\/wp-json\/wp\/v2\/product_tag?post=681"}],"curies":[{"name":"wp","href":"https:\/\/api.w.org\/{rel}","templated":true}]}}