{"id":679,"date":"2022-10-23T21:12:19","date_gmt":"2022-10-23T19:12:19","guid":{"rendered":"https:\/\/printagram.com\/produkt\/karty-rabatowe-karnety-stalego-klienta\/"},"modified":"2025-11-09T17:50:55","modified_gmt":"2025-11-09T16:50:55","slug":"karty-rabatowe-karnety-stalego-klienta","status":"publish","type":"product","link":"https:\/\/printagram.com\/pl\/produkt\/karty-rabatowe-karnety-stalego-klienta\/","title":{"rendered":"Karty rabatowe karnety sta\u0142ego klienta"},"content":{"rendered":"<p>Karty o wymiarach 85&#215;54 mm. Naro\u017cniki zaokr\u0105glone. Wymiary typowej karty kredytowej czy debetowej. Pe\u0142ny kolor z ka\u017cdej strony. Papier obustronnie powlekany kredowany o g\u0142adkiej powierzchni lub jednostronnie g\u0142adzony (zale\u017cy od wyboru wyko\u0144czenia). Laminowanie foli\u0105 z jednej lub z obu stron.<\/p>\n<p>Doskona\u0142e jako karty rabatowe, wizyt\u00f3wki firmowe, kalendarzyki, karty klubowe itp. Przycinanie odbywa si\u0119 na przemys\u0142owym wykrojniku przelotowym &#8211; ci\u0119cie ca\u0142ego stosu za jednym razem, wi\u0119c nie ma mowy o jakichkolwiek nier\u00f3wno\u015bciach. Z uwagi na pewn\u0105 tolerancj\u0119 wykrojnika nie zalecamy projektowania ramek wok\u00f3\u0142 karty.<\/p>\n","protected":false},"excerpt":{"rendered":"<p>Doskona\u0142e jako karty rabatowe, wizyt\u00f3wki firmowe, kalendarzyki, karty klubowe itp. Zaokr\u0105glone naro\u017cniki<\/p>\n","protected":false},"featured_media":30954,"template":"","meta":{"_seopress_robots_primary_cat":"none","_seopress_titles_title":"","_seopress_titles_desc":"","_seopress_robots_index":""},"product_brand":[],"product_cat":[411],"product_tag":[444,448,446],"class_list":{"0":"post-679","1":"product","2":"type-product","3":"status-publish","4":"has-post-thumbnail","6":"product_cat-wizytowki-standard","7":"product_tag-firma-biuro","8":"product_tag-konferencje-kursy-szkolenia","9":"product_tag-promowanie","11":"first","12":"instock","13":"taxable","14":"shipping-taxable","15":"purchasable","16":"product-type-simple"},"_links":{"self":[{"href":"https:\/\/printagram.com\/pl\/wp-json\/wp\/v2\/product\/679","targetHints":{"allow":["GET"]}}],"collection":[{"href":"https:\/\/printagram.com\/pl\/wp-json\/wp\/v2\/product"}],"about":[{"href":"https:\/\/printagram.com\/pl\/wp-json\/wp\/v2\/types\/product"}],"wp:featuredmedia":[{"embeddable":true,"href":"https:\/\/printagram.com\/pl\/wp-json\/wp\/v2\/media\/30954"}],"wp:attachment":[{"href":"https:\/\/printagram.com\/pl\/wp-json\/wp\/v2\/media?parent=679"}],"wp:term":[{"taxonomy":"product_brand","embeddable":true,"href":"https:\/\/printagram.com\/pl\/wp-json\/wp\/v2\/product_brand?post=679"},{"taxonomy":"product_cat","embeddable":true,"href":"https:\/\/printagram.com\/pl\/wp-json\/wp\/v2\/product_cat?post=679"},{"taxonomy":"product_tag","embeddable":true,"href":"https:\/\/printagram.com\/pl\/wp-json\/wp\/v2\/product_tag?post=679"}],"curies":[{"name":"wp","href":"https:\/\/api.w.org\/{rel}","templated":true}]}}