{"id":677,"date":"2022-10-23T21:12:17","date_gmt":"2022-10-23T19:12:17","guid":{"rendered":"https:\/\/printagram.com\/produkt\/wizytowki-zlocone-srebrzone\/"},"modified":"2025-11-26T17:55:50","modified_gmt":"2025-11-26T16:55:50","slug":"konfigurator-wizytowki-zlocone","status":"publish","type":"product","link":"https:\/\/printagram.com\/pl\/produkt\/konfigurator-wizytowki-zlocone\/","title":{"rendered":"Konfigurator &#8211; Wizyt\u00f3wki z\u0142ocone"},"content":{"rendered":"<p>Wizyt\u00f3wki z efektem metalicznej wypuk\u0142o\u015bci. Dotykaj\u0105c tak\u0105 wizyt\u00f3wk\u0119 ma si\u0119 wra\u017cenie zastygni\u0119tego p\u0142ynnego metalu. Jaskrawe metaliczne kolory wyra\u017anie odbijaj\u0105 \u015bwiat\u0142o i ju\u017c z daleka daj\u0105 wra\u017cenie wypuk\u0142o\u015bci i wyj\u0105tkowo\u015bci.<br \/>\n<h5>Z\u0142ocenie wypuk\u0142e<\/h5>\n<p><em>Metaliczna folia wypuk\u0142a<\/em>. Ta technika to bezmatrycowe nak\u0142adanie metalizowanej folii. Przy pomocy bardzo silnych wa\u0142k\u00f3w dociskowych jest nak\u0142adana na ca\u0142\u0105 powierzchni\u0119. Metalizowana folia przylega tylko do wypuk\u0142ego specjalnego materia\u0142u daj\u0105c pi\u0119kny efekt grubej wypuk\u0142ej warstwy z\u0142ota, srebra lub innego koloru. Mo\u017cesz przeczyta\u0107 wiecej o tej technice w <a href=\"\/pl\/metallic-3d-zlocenie\/\">artykule o z\u0142oceniu wypuk\u0142ym<\/a>.<\/p>\n<\/p>\n","protected":false},"excerpt":{"rendered":"<p>Konfigurator wizyt\u00f3wek z\u0142oconych. Druk 1- lub 2-stronny z laminacj\u0105 soft-touch (mi\u0142e w dotyku) lub mat standard. Metaliczne wypuk\u0142e folie w wybranych kolorach. Mo\u017cliwa personalizacja \u2013 czyli numerowanie lub dodawanie indywidualnych kod\u00f3w, zaokr\u0105glanie naro\u017cnik\u00f3w i dziurkowanie. Gramatura papieru 350 g\/m2<\/p>\n","protected":false},"featured_media":29032,"template":"","meta":{"_seopress_robots_primary_cat":"none","_seopress_titles_title":"","_seopress_titles_desc":"","_seopress_robots_index":""},"product_brand":[],"product_cat":[267],"product_tag":[444,448,434,446],"class_list":{"0":"post-677","1":"product","2":"type-product","3":"status-publish","4":"has-post-thumbnail","6":"product_cat-wizytowki","7":"product_tag-firma-biuro","8":"product_tag-konferencje-kursy-szkolenia","9":"product_tag-metallic-3d-zlocenie","10":"product_tag-promowanie","11":"product_shipping_class-lekkie","13":"first","14":"instock","15":"taxable","16":"shipping-taxable","17":"purchasable","18":"product-type-simple"},"_links":{"self":[{"href":"https:\/\/printagram.com\/pl\/wp-json\/wp\/v2\/product\/677","targetHints":{"allow":["GET"]}}],"collection":[{"href":"https:\/\/printagram.com\/pl\/wp-json\/wp\/v2\/product"}],"about":[{"href":"https:\/\/printagram.com\/pl\/wp-json\/wp\/v2\/types\/product"}],"wp:featuredmedia":[{"embeddable":true,"href":"https:\/\/printagram.com\/pl\/wp-json\/wp\/v2\/media\/29032"}],"wp:attachment":[{"href":"https:\/\/printagram.com\/pl\/wp-json\/wp\/v2\/media?parent=677"}],"wp:term":[{"taxonomy":"product_brand","embeddable":true,"href":"https:\/\/printagram.com\/pl\/wp-json\/wp\/v2\/product_brand?post=677"},{"taxonomy":"product_cat","embeddable":true,"href":"https:\/\/printagram.com\/pl\/wp-json\/wp\/v2\/product_cat?post=677"},{"taxonomy":"product_tag","embeddable":true,"href":"https:\/\/printagram.com\/pl\/wp-json\/wp\/v2\/product_tag?post=677"}],"curies":[{"name":"wp","href":"https:\/\/api.w.org\/{rel}","templated":true}]}}