{"id":669,"date":"2022-10-23T21:10:49","date_gmt":"2022-10-23T19:10:49","guid":{"rendered":"https:\/\/printagram.com\/produkt\/wizytowki-ekskluzywne-kaszerowane\/"},"modified":"2025-01-26T20:29:28","modified_gmt":"2025-01-26T19:29:28","slug":"wizytowki-ekskluzywne-konfigurator","status":"publish","type":"product","link":"https:\/\/printagram.com\/pl\/produkt\/wizytowki-ekskluzywne-konfigurator\/","title":{"rendered":"Wizyt\u00f3wki ekskluzywne &#8211; konfigurator"},"content":{"rendered":"<h5>Techniki druku<\/h5>\n<p>Mo\u017cna stosowa\u0107 techniki druku i uszlachetniania takie jak kaszerowanie (\u0142\u0105czenie papier\u00f3w), sitodruk, druk cyfrowy, lakier UV, hot-stamping, letterpress (t\u0142oczenie wkl\u0119s\u0142e) i t\u0142oczenie wypuk\u0142e. Wi\u0119cej informacji mo\u017cesz znale\u017a\u0107 na stronie o <a href=\"\/pl\/category\/technologie\/\">technikach druku i uszlachetniania<\/a>.<\/p>\n<h5>Papiery<\/h5>\n<p>Mo\u017cna dobra\u0107 dowolny papier z kt\u00f3rych ma si\u0119 sk\u0142ada\u0107 wizyt\u00f3wka (UWAGA &#8211; w przypadku wyboru druku cyfrowego wyb\u00f3r papier\u00f3w staje si\u0119 bardzo ograniczony). Przy kaszerowaniu warstwy papieru s\u0105 \u0142\u0105czone za pomoc\u0105 typowego kleju i nie mo\u017cna ich rozdzieli\u0107 bez zniszczenia.<\/p>\n","protected":false},"excerpt":{"rendered":"<p>Wizyt\u00f3wki ekskluzywne personalizowane. Kaszerowanie, Pantone, hot-stamping, lakier UV, t\u0142oczenie wkl\u0119s\u0142e lub wypuk\u0142e, z\u0142ote kraw\u0119dzie, CMYK. Dowolne papiery ozdobne.<\/p>\n","protected":false},"featured_media":29036,"template":"","meta":{"_seopress_robots_primary_cat":"none","_seopress_titles_title":"","_seopress_titles_desc":"","_seopress_robots_index":""},"product_brand":[],"product_cat":[413,415,414],"product_tag":[444,438,439,448,437,441,446,443,440,442],"class_list":{"0":"post-669","1":"product","2":"type-product","3":"status-publish","4":"has-post-thumbnail","6":"product_cat-wizytowki-hot-stamping","7":"product_cat-wizytowki-kaszerowane","8":"product_cat-wizytowki-tloczone","9":"product_tag-firma-biuro","10":"product_tag-hot-stamping","11":"product_tag-kaszerowanie","12":"product_tag-konferencje-kursy-szkolenia","13":"product_tag-lakier-uv-selektywny","14":"product_tag-letterpress","15":"product_tag-promowanie","16":"product_tag-sitodruk","17":"product_tag-tloczenie-wypukle","18":"product_tag-zlote-krawedzie","20":"first","21":"instock","22":"taxable","23":"shipping-taxable","24":"purchasable","25":"product-type-simple"},"_links":{"self":[{"href":"https:\/\/printagram.com\/pl\/wp-json\/wp\/v2\/product\/669","targetHints":{"allow":["GET"]}}],"collection":[{"href":"https:\/\/printagram.com\/pl\/wp-json\/wp\/v2\/product"}],"about":[{"href":"https:\/\/printagram.com\/pl\/wp-json\/wp\/v2\/types\/product"}],"wp:featuredmedia":[{"embeddable":true,"href":"https:\/\/printagram.com\/pl\/wp-json\/wp\/v2\/media\/29036"}],"wp:attachment":[{"href":"https:\/\/printagram.com\/pl\/wp-json\/wp\/v2\/media?parent=669"}],"wp:term":[{"taxonomy":"product_brand","embeddable":true,"href":"https:\/\/printagram.com\/pl\/wp-json\/wp\/v2\/product_brand?post=669"},{"taxonomy":"product_cat","embeddable":true,"href":"https:\/\/printagram.com\/pl\/wp-json\/wp\/v2\/product_cat?post=669"},{"taxonomy":"product_tag","embeddable":true,"href":"https:\/\/printagram.com\/pl\/wp-json\/wp\/v2\/product_tag?post=669"}],"curies":[{"name":"wp","href":"https:\/\/api.w.org\/{rel}","templated":true}]}}