{"id":41052,"date":"2026-01-10T18:21:29","date_gmt":"2026-01-10T17:21:29","guid":{"rendered":"https:\/\/printagram.com\/?post_type=product&#038;p=41052"},"modified":"2026-01-10T19:34:14","modified_gmt":"2026-01-10T18:34:14","slug":"plakaty-zlocone-wypukle-3d","status":"publish","type":"product","link":"https:\/\/printagram.com\/pl\/produkt\/plakaty-zlocone-wypukle-3d\/","title":{"rendered":"Plakaty z\u0142ocone wypuk\u0142e 3D"},"content":{"rendered":"<p>Plakaty laminowane z nak\u0142adaniem metelicznej wypuk\u0142ej folii.<\/p>\n<h5>Z\u0142ocenie wypuk\u0142e<\/h5>\n<p><em>Metaliczna folia wypuk\u0142a<\/em>. Ta technika to bezmatrycowe nak\u0142adanie metalizowanej folii. Przy pomocy bardzo silnych wa\u0142k\u00f3w dociskowych jest nak\u0142adana na ca\u0142\u0105 powierzchni\u0119. Metalizowana folia przylega tylko do wypuk\u0142ego specjalnego materia\u0142u daj\u0105c pi\u0119kny efekt grubej wypuk\u0142ej warstwy z\u0142ota, srebra lub innego koloru. Mo\u017cesz przeczyta\u0107 wiecej o tej technice w <a href=\"\/pl\/metallic-3d-zlocenie\/\">artykule o z\u0142oceniu wypuk\u0142ym<\/a>.<\/p>\n\n<h5>Lakierowanie UV wybi\u00f3rcze<\/h5>\n<p>Lakier na\u0142o\u017cony na matow\u0105 powierzchni\u0119 powoduje \u017ce wybrane elementy takie jak logo, grafika, nazwisko itp s\u0105 b\u0142yszcz\u0105ce i \u0142adnie uwydatnione. Mo\u017cna te\u017c utworzy\u0107 nowe elementy graficzne widoczne pod odpowiednim k\u0105tem wzbogacaj\u0105ce projekt. Dzi\u0119ki temu mo\u017cna stosowa\u0107 lakierowane t\u0142a, \"znaki wodne\", desenie, tekstury itp. Wi\u0119cej o samej technice mo\u017cna przeczyta\u0107 w <a href=\"\/pl\/lakier-uv-selektywny\/\">artykule o lakierowaniu UV<\/a>.<\/p>\n\n","protected":false},"excerpt":{"rendered":"<p>Plakaty laminowane z nak\u0142adaniem metelicznej wypuk\u0142ej folii. Opcjonalnie lakier UV 3d.<\/p>\n","protected":false},"featured_media":41053,"template":"","meta":{"_seopress_robots_primary_cat":"none","_seopress_titles_title":"","_seopress_titles_desc":"","_seopress_robots_index":""},"product_brand":[],"product_cat":[311],"product_tag":[447,437,434,449,446],"class_list":{"0":"post-41052","1":"product","2":"type-product","3":"status-publish","4":"has-post-thumbnail","6":"product_cat-ulotki-plakaty","7":"product_tag-eventy","8":"product_tag-lakier-uv-selektywny","9":"product_tag-metallic-3d-zlocenie","10":"product_tag-produkcja","11":"product_tag-promowanie","13":"first","14":"instock","15":"taxable","16":"shipping-taxable","17":"purchasable","18":"product-type-simple"},"_links":{"self":[{"href":"https:\/\/printagram.com\/pl\/wp-json\/wp\/v2\/product\/41052","targetHints":{"allow":["GET"]}}],"collection":[{"href":"https:\/\/printagram.com\/pl\/wp-json\/wp\/v2\/product"}],"about":[{"href":"https:\/\/printagram.com\/pl\/wp-json\/wp\/v2\/types\/product"}],"wp:featuredmedia":[{"embeddable":true,"href":"https:\/\/printagram.com\/pl\/wp-json\/wp\/v2\/media\/41053"}],"wp:attachment":[{"href":"https:\/\/printagram.com\/pl\/wp-json\/wp\/v2\/media?parent=41052"}],"wp:term":[{"taxonomy":"product_brand","embeddable":true,"href":"https:\/\/printagram.com\/pl\/wp-json\/wp\/v2\/product_brand?post=41052"},{"taxonomy":"product_cat","embeddable":true,"href":"https:\/\/printagram.com\/pl\/wp-json\/wp\/v2\/product_cat?post=41052"},{"taxonomy":"product_tag","embeddable":true,"href":"https:\/\/printagram.com\/pl\/wp-json\/wp\/v2\/product_tag?post=41052"}],"curies":[{"name":"wp","href":"https:\/\/api.w.org\/{rel}","templated":true}]}}