{"id":41049,"date":"2026-01-10T15:15:41","date_gmt":"2026-01-10T14:15:41","guid":{"rendered":"https:\/\/printagram.com\/?post_type=product&#038;p=41049"},"modified":"2026-01-10T19:43:50","modified_gmt":"2026-01-10T18:43:50","slug":"ulotki-laminowane","status":"publish","type":"product","link":"https:\/\/printagram.com\/pl\/produkt\/ulotki-laminowane\/","title":{"rendered":"Ulotki laminowane"},"content":{"rendered":"<p>Ulotki z foliwaniem powierzchni<\/p>\n","protected":false},"excerpt":{"rendered":"<p>Ulotki pokrywane foli\u0105 matow\u0105 standard, soft-touch lub b\u0142yszcz\u0105c\u0105.<\/p>\n","protected":false},"featured_media":22119,"template":"","meta":{"_seopress_robots_primary_cat":"none","_seopress_titles_title":"","_seopress_titles_desc":"","_seopress_robots_index":""},"product_brand":[],"product_cat":[311],"product_tag":[447,449,446],"class_list":{"0":"post-41049","1":"product","2":"type-product","3":"status-publish","4":"has-post-thumbnail","6":"product_cat-ulotki-plakaty","7":"product_tag-eventy","8":"product_tag-produkcja","9":"product_tag-promowanie","11":"first","12":"instock","13":"taxable","14":"shipping-taxable","15":"purchasable","16":"product-type-simple"},"_links":{"self":[{"href":"https:\/\/printagram.com\/pl\/wp-json\/wp\/v2\/product\/41049","targetHints":{"allow":["GET"]}}],"collection":[{"href":"https:\/\/printagram.com\/pl\/wp-json\/wp\/v2\/product"}],"about":[{"href":"https:\/\/printagram.com\/pl\/wp-json\/wp\/v2\/types\/product"}],"wp:featuredmedia":[{"embeddable":true,"href":"https:\/\/printagram.com\/pl\/wp-json\/wp\/v2\/media\/22119"}],"wp:attachment":[{"href":"https:\/\/printagram.com\/pl\/wp-json\/wp\/v2\/media?parent=41049"}],"wp:term":[{"taxonomy":"product_brand","embeddable":true,"href":"https:\/\/printagram.com\/pl\/wp-json\/wp\/v2\/product_brand?post=41049"},{"taxonomy":"product_cat","embeddable":true,"href":"https:\/\/printagram.com\/pl\/wp-json\/wp\/v2\/product_cat?post=41049"},{"taxonomy":"product_tag","embeddable":true,"href":"https:\/\/printagram.com\/pl\/wp-json\/wp\/v2\/product_tag?post=41049"}],"curies":[{"name":"wp","href":"https:\/\/api.w.org\/{rel}","templated":true}]}}