{"id":41048,"date":"2026-01-10T15:14:55","date_gmt":"2026-01-10T14:14:55","guid":{"rendered":"https:\/\/printagram.com\/?post_type=product&#038;p=41048"},"modified":"2026-01-10T19:45:52","modified_gmt":"2026-01-10T18:45:52","slug":"ulotki-lakier-uv-wypukle-3d","status":"publish","type":"product","link":"https:\/\/printagram.com\/pl\/produkt\/ulotki-lakier-uv-wypukle-3d\/","title":{"rendered":"Ulotki UV wypuk\u0142e 3D"},"content":{"rendered":"<h5>Lakierowanie UV wybi\u00f3rcze<\/h5>\n<p>Lakier na\u0142o\u017cony na matow\u0105 powierzchni\u0119 powoduje \u017ce wybrane elementy takie jak logo, grafika, nazwisko itp s\u0105 b\u0142yszcz\u0105ce i \u0142adnie uwydatnione. Mo\u017cna te\u017c utworzy\u0107 nowe elementy graficzne widoczne pod odpowiednim k\u0105tem wzbogacaj\u0105ce projekt. Dzi\u0119ki temu mo\u017cna stosowa\u0107 lakierowane t\u0142a, \"znaki wodne\", desenie, tekstury itp. Wi\u0119cej o samej technice mo\u017cna przeczyta\u0107 w <a href=\"\/pl\/lakier-uv-selektywny\/\">artykule o lakierowaniu UV<\/a>.<\/p>\n\n","protected":false},"excerpt":{"rendered":"<p>U\u017cytki z laminacj\u0105 i lakierowaniem UV 3d.<\/p>\n","protected":false},"featured_media":25935,"template":"","meta":{"_seopress_robots_primary_cat":"none","_seopress_titles_title":"","_seopress_titles_desc":"","_seopress_robots_index":""},"product_brand":[],"product_cat":[311],"product_tag":[447,437,449,446],"class_list":{"0":"post-41048","1":"product","2":"type-product","3":"status-publish","4":"has-post-thumbnail","6":"product_cat-ulotki-plakaty","7":"product_tag-eventy","8":"product_tag-lakier-uv-selektywny","9":"product_tag-produkcja","10":"product_tag-promowanie","12":"first","13":"instock","14":"taxable","15":"shipping-taxable","16":"purchasable","17":"product-type-simple"},"_links":{"self":[{"href":"https:\/\/printagram.com\/pl\/wp-json\/wp\/v2\/product\/41048","targetHints":{"allow":["GET"]}}],"collection":[{"href":"https:\/\/printagram.com\/pl\/wp-json\/wp\/v2\/product"}],"about":[{"href":"https:\/\/printagram.com\/pl\/wp-json\/wp\/v2\/types\/product"}],"wp:featuredmedia":[{"embeddable":true,"href":"https:\/\/printagram.com\/pl\/wp-json\/wp\/v2\/media\/25935"}],"wp:attachment":[{"href":"https:\/\/printagram.com\/pl\/wp-json\/wp\/v2\/media?parent=41048"}],"wp:term":[{"taxonomy":"product_brand","embeddable":true,"href":"https:\/\/printagram.com\/pl\/wp-json\/wp\/v2\/product_brand?post=41048"},{"taxonomy":"product_cat","embeddable":true,"href":"https:\/\/printagram.com\/pl\/wp-json\/wp\/v2\/product_cat?post=41048"},{"taxonomy":"product_tag","embeddable":true,"href":"https:\/\/printagram.com\/pl\/wp-json\/wp\/v2\/product_tag?post=41048"}],"curies":[{"name":"wp","href":"https:\/\/api.w.org\/{rel}","templated":true}]}}