{"id":40246,"date":"2025-10-07T23:14:22","date_gmt":"2025-10-07T21:14:22","guid":{"rendered":"https:\/\/printagram.com\/?post_type=product&#038;p=40246"},"modified":"2026-01-10T16:49:39","modified_gmt":"2026-01-10T15:49:39","slug":"kalendarz-3-dzielny","status":"publish","type":"product","link":"https:\/\/printagram.com\/pl\/produkt\/kalendarz-3-dzielny\/","title":{"rendered":"Kalendarz 3-dzielny z wypuk\u0142ym z\u0142oceniem 3D"},"content":{"rendered":"<p><strong>Budowa kalendarza<\/strong><br \/>\nPraktyczny 3-cz\u0119\u015bciowy kalendarz dla Twojej firmy lub Twojej rodziny. Na du\u017cej planszy reprezentacyjny ozdobny nag\u0142\u00f3wek oraz 3 wydzierane roczne kalendaria obejmuj\u0105ce wszystkie miesi\u0105ce roku. Przesuwane czerwone okienko do zaznaczania aktualnego dnia.<\/p>\n<p><strong>Personalizacja<br \/>\n<\/strong>Ca\u0142y nadruk na kalendarzu mo\u017cesz personalizowa\u0107 &#8211; wklei\u0107 w\u0142asne zdj\u0119cia, grafiki, logo itp. Skorzystaj z szablonu do projektowania kt\u00f3ry mo\u017cesz pobra\u0107 z tej strony lub zaprojektuj w Canva. Kalendaria nie s\u0105 personalizowane &#8211; posiadaj\u0105 standardowy uk\u0142ad &#8211; ka\u017cdy miesi\u0105c na osobnej wydzieranej kartce.<\/p>\n<p><strong>Wyko\u0144czenie<\/strong><br \/>\nG\u0142\u00f3wka kalendarza z wypuk\u0142ym z\u0142oceniem 3D i opcjonalnie z dodatkowym lakierem UV wypuk\u0142ym.<br \/>\nPowierzchnia nag\u0142\u00f3wka laminowana jest foli\u0105 soft-touch, kt\u00f3ra \u015bwietnie t\u0142umi refleksy o\u015bwietlenia i podkre\u015bla nasycenie kolor\u00f3w.<\/p>\n<p><strong>Zastosowanie<\/strong><br \/>\nIdealne jako firmowe wyposa\u017cenie oraz jako prezent dla kontrahent\u00f3w, pracownik\u00f3w firmy lub cz\u0142onk\u00f3w rodziny<\/p>\n<p>&nbsp;<\/p>\n","protected":false},"excerpt":{"rendered":"<p>3-panelowe kalendarze z w\u0142asnym personalizowanym nadrukiem. Ozdobny nag\u0142\u00f3wek z wypuk\u0142ym z\u0142oceniem 3D i opcjonalnie z dodatkowym lakierem UV wypuk\u0142ym. Laminowany foli\u0105 soft-touch. 3 wydzierane kalendaria z podzia\u0142em na miesi\u0105ce.<\/p>\n","protected":false},"featured_media":41051,"template":"","meta":{"_seopress_robots_primary_cat":"none","_seopress_titles_title":"","_seopress_titles_desc":"","_seopress_robots_index":""},"product_brand":[],"product_cat":[514],"product_tag":[444,437,434,446,445],"class_list":{"0":"post-40246","1":"product","2":"type-product","3":"status-publish","4":"has-post-thumbnail","6":"product_cat-kalendarze","7":"product_tag-firma-biuro","8":"product_tag-lakier-uv-selektywny","9":"product_tag-metallic-3d-zlocenie","10":"product_tag-promowanie","11":"product_tag-sprzedaz-handel","13":"first","14":"instock","15":"taxable","16":"shipping-taxable","17":"purchasable","18":"product-type-simple"},"_links":{"self":[{"href":"https:\/\/printagram.com\/pl\/wp-json\/wp\/v2\/product\/40246","targetHints":{"allow":["GET"]}}],"collection":[{"href":"https:\/\/printagram.com\/pl\/wp-json\/wp\/v2\/product"}],"about":[{"href":"https:\/\/printagram.com\/pl\/wp-json\/wp\/v2\/types\/product"}],"wp:featuredmedia":[{"embeddable":true,"href":"https:\/\/printagram.com\/pl\/wp-json\/wp\/v2\/media\/41051"}],"wp:attachment":[{"href":"https:\/\/printagram.com\/pl\/wp-json\/wp\/v2\/media?parent=40246"}],"wp:term":[{"taxonomy":"product_brand","embeddable":true,"href":"https:\/\/printagram.com\/pl\/wp-json\/wp\/v2\/product_brand?post=40246"},{"taxonomy":"product_cat","embeddable":true,"href":"https:\/\/printagram.com\/pl\/wp-json\/wp\/v2\/product_cat?post=40246"},{"taxonomy":"product_tag","embeddable":true,"href":"https:\/\/printagram.com\/pl\/wp-json\/wp\/v2\/product_tag?post=40246"}],"curies":[{"name":"wp","href":"https:\/\/api.w.org\/{rel}","templated":true}]}}