{"id":39391,"date":"2025-07-25T16:43:29","date_gmt":"2025-07-25T14:43:29","guid":{"rendered":"https:\/\/printagram.com\/?post_type=product&#038;p=39391"},"modified":"2026-02-12T12:47:51","modified_gmt":"2026-02-12T11:47:51","slug":"2040-zloto-po-zmroku","status":"publish","type":"product","link":"https:\/\/printagram.com\/pl\/produkt\/2040-zloto-po-zmroku\/","title":{"rendered":"#2040 Z\u0142oto po Zmroku"},"content":{"rendered":"<p>Vouchery wykonane na solidnym papierze kredowym 350g, z dwustronnym drukiem cyfrowym CMYK. Pokryty efektownym, wypuk\u0142ym z\u0142oceniem oraz foli\u0105 soft-touch, co dodaje niepowtarzalnej elegancji.<\/p>\n<p class=\"szukasz\"><strong>Szukasz innych opcji?<\/strong> Je\u015bli chcesz mo\u017cesz skonfigurowa\u0107 vouchery tego typu z wszystkimi mo\u017cliwymi opcjami korzystaj\u0105c z <a href=\"\/pl\/produkt\/konfigurator-vouchery-zlocone-lakierowane-uv-wypukle\/\">Konfiguratora voucher\u00f3w z\u0142oconych i UV wypuk\u0142ych<\/a><\/p>\n<h5>Z\u0142ocenie wypuk\u0142e<\/h5>\n<p><em>Metaliczna folia wypuk\u0142a<\/em>. Ta technika to bezmatrycowe nak\u0142adanie metalizowanej folii. Przy pomocy bardzo silnych wa\u0142k\u00f3w dociskowych jest nak\u0142adana na ca\u0142\u0105 powierzchni\u0119. Metalizowana folia przylega tylko do wypuk\u0142ego specjalnego materia\u0142u daj\u0105c pi\u0119kny efekt grubej wypuk\u0142ej warstwy z\u0142ota, srebra lub innego koloru. Mo\u017cesz przeczyta\u0107 wiecej o tej technice w <a href=\"\/pl\/metallic-3d-zlocenie\/\">artykule o z\u0142oceniu wypuk\u0142ym<\/a>.<\/p>\n\n","protected":false},"excerpt":{"rendered":"<p>Vouchery rozmiar DL, o gramaturze 350, pe\u0142nokolorowe, laminowane soft-touch (mi\u0142e w dotyku). Z przodu <strong>Z\u0142ota Folia Wypuk\u0142a.<\/strong><\/p>\n","protected":false},"featured_media":39384,"template":"","meta":{"_seopress_robots_primary_cat":"none","_seopress_titles_title":"","_seopress_titles_desc":"","_seopress_robots_index":""},"product_brand":[],"product_cat":[280,536],"product_tag":[447,437,446,445],"class_list":{"0":"post-39391","1":"product","2":"type-product","3":"status-publish","4":"has-post-thumbnail","6":"product_cat-vouchery-bony","7":"product_cat-vouchery-zlocone","8":"product_tag-eventy","9":"product_tag-lakier-uv-selektywny","10":"product_tag-promowanie","11":"product_tag-sprzedaz-handel","13":"first","14":"instock","15":"taxable","16":"shipping-taxable","17":"purchasable","18":"product-type-simple"},"_links":{"self":[{"href":"https:\/\/printagram.com\/pl\/wp-json\/wp\/v2\/product\/39391","targetHints":{"allow":["GET"]}}],"collection":[{"href":"https:\/\/printagram.com\/pl\/wp-json\/wp\/v2\/product"}],"about":[{"href":"https:\/\/printagram.com\/pl\/wp-json\/wp\/v2\/types\/product"}],"wp:featuredmedia":[{"embeddable":true,"href":"https:\/\/printagram.com\/pl\/wp-json\/wp\/v2\/media\/39384"}],"wp:attachment":[{"href":"https:\/\/printagram.com\/pl\/wp-json\/wp\/v2\/media?parent=39391"}],"wp:term":[{"taxonomy":"product_brand","embeddable":true,"href":"https:\/\/printagram.com\/pl\/wp-json\/wp\/v2\/product_brand?post=39391"},{"taxonomy":"product_cat","embeddable":true,"href":"https:\/\/printagram.com\/pl\/wp-json\/wp\/v2\/product_cat?post=39391"},{"taxonomy":"product_tag","embeddable":true,"href":"https:\/\/printagram.com\/pl\/wp-json\/wp\/v2\/product_tag?post=39391"}],"curies":[{"name":"wp","href":"https:\/\/api.w.org\/{rel}","templated":true}]}}