{"id":38215,"date":"2025-03-27T16:25:55","date_gmt":"2025-03-27T15:25:55","guid":{"rendered":"https:\/\/printagram.com\/produkt\/bloczki-notesy-firmowe-copy\/"},"modified":"2025-03-28T12:09:47","modified_gmt":"2025-03-28T11:09:47","slug":"bloczki-notesy-samokopiujace","status":"publish","type":"product","link":"https:\/\/printagram.com\/pl\/produkt\/bloczki-notesy-samokopiujace\/","title":{"rendered":"Bloczki notesy samokopiuj\u0105ce"},"content":{"rendered":"<p>Bloczki z papieru samokopiuj\u0105cego.\u00a0Nadruk 1-kolorowy. Klejone po 25, 50 lub 100 kartek.<br \/>\nKa\u017cdy bloczek ma podk\u0142adk\u0119 tekturow\u0105 i ewentualnie ok\u0142adk\u0119. Bloczki klejone s\u0105 wzd\u0142u\u017c\u00a0kr\u00f3tszej lub d\u0142u\u017cszej kraw\u0119dzi. Mo\u017cliwe zastosowanie r\u00f3\u017cnych kolor\u00f3w kopii &#8211; \u017c\u00f3\u0142tej, niebieskiej, zielonej lub r\u00f3\u017cowej. Przycinanie ca\u0142ego stosu bloczk\u00f3w na przemys\u0142owej krajalnicy. Mo\u017cliwe jest r\u00f3wnie\u017c zaokr\u0105glanie rog\u00f3w.<br \/>\nBloczki doskonale nadaj\u0105 si\u0119 jako:\u00a0CMR, karty serwisowe, rachunki,\u00a0protoko\u0142y odbioru, zlecenia us\u0142ug.<\/p>\n","protected":false},"excerpt":{"rendered":"<p>Bloczki samokopiuj\u0105ce. Nadruk 1-kolorowy. R\u00f3\u017cne kolory kopii. Klejone po 25, 50 lub 100 kartek z podk\u0142adk\u0105 tekturow\u0105.<\/p>\n","protected":false},"featured_media":38217,"template":"","meta":{"_seopress_robots_primary_cat":"none","_seopress_titles_title":"","_seopress_titles_desc":"","_seopress_robots_index":""},"product_brand":[],"product_cat":[297],"product_tag":[444,448,446],"class_list":{"0":"post-38215","1":"product","2":"type-product","3":"status-publish","4":"has-post-thumbnail","6":"product_cat-bloczki-notesy","7":"product_tag-firma-biuro","8":"product_tag-konferencje-kursy-szkolenia","9":"product_tag-promowanie","11":"first","12":"instock","13":"taxable","14":"shipping-taxable","15":"purchasable","16":"product-type-simple"},"_links":{"self":[{"href":"https:\/\/printagram.com\/pl\/wp-json\/wp\/v2\/product\/38215","targetHints":{"allow":["GET"]}}],"collection":[{"href":"https:\/\/printagram.com\/pl\/wp-json\/wp\/v2\/product"}],"about":[{"href":"https:\/\/printagram.com\/pl\/wp-json\/wp\/v2\/types\/product"}],"wp:featuredmedia":[{"embeddable":true,"href":"https:\/\/printagram.com\/pl\/wp-json\/wp\/v2\/media\/38217"}],"wp:attachment":[{"href":"https:\/\/printagram.com\/pl\/wp-json\/wp\/v2\/media?parent=38215"}],"wp:term":[{"taxonomy":"product_brand","embeddable":true,"href":"https:\/\/printagram.com\/pl\/wp-json\/wp\/v2\/product_brand?post=38215"},{"taxonomy":"product_cat","embeddable":true,"href":"https:\/\/printagram.com\/pl\/wp-json\/wp\/v2\/product_cat?post=38215"},{"taxonomy":"product_tag","embeddable":true,"href":"https:\/\/printagram.com\/pl\/wp-json\/wp\/v2\/product_tag?post=38215"}],"curies":[{"name":"wp","href":"https:\/\/api.w.org\/{rel}","templated":true}]}}