{"id":3500,"date":"2023-01-02T14:01:01","date_gmt":"2023-01-02T13:01:01","guid":{"rendered":"https:\/\/printagram.com\/produkt\/arkusze-cyfrowe-plano\/"},"modified":"2025-01-26T19:57:00","modified_gmt":"2025-01-26T18:57:00","slug":"arkusze-cyfrowe-plano","status":"publish","type":"product","link":"https:\/\/printagram.com\/pl\/produkt\/arkusze-cyfrowe-plano\/","title":{"rendered":"Arkusze cyfrowe plano"},"content":{"rendered":"<p>Pe\u0142ne arkusze drukarskie. Format zadruku 670&#215;470 mm. Mo\u017cliwo\u015b\u0107 stosowania laminacji b\u0142ysk, mat lub soft-touch. Wyko\u0144czenia to Metallic 3D i Lakier UV wypuk\u0142y.\u00a0Kilka r\u00f3\u017cnych mo\u017cliwych do zastosowania metalicznych kolor\u00f3w na jednym arkuszu:\u00a0z\u0142oty, srebrny, miedziany, hologram i inne. Do tego mi\u0119dzy innymi laminacja soft-touch.<\/p>\n<p>Wymagamy przes\u0142ania gotowych projekt\u00f3w do druku w postaci zamkni\u0119tych plik\u00f3w PDF.<\/p>\n<p>Kalkulacja dotyczy wydruku jednego wzoru.<\/p>\n","protected":false},"excerpt":{"rendered":"<p>Arkusze drukarskie B2 z mozliwo\u015bci\u0105 z\u0142ocenia i lakieru wypuk\u0142ego UV. Kalkulacja dotyczy wydruku jednego wzoru.<\/p>\n","protected":false},"featured_media":28648,"template":"","meta":{"_seopress_robots_primary_cat":"none","_seopress_titles_title":"","_seopress_titles_desc":"","_seopress_robots_index":""},"product_brand":[],"product_cat":[311],"product_tag":[437,434],"class_list":{"0":"post-3500","1":"product","2":"type-product","3":"status-publish","4":"has-post-thumbnail","6":"product_cat-ulotki-plakaty","7":"product_tag-lakier-uv-selektywny","8":"product_tag-metallic-3d-zlocenie","10":"first","11":"instock","12":"taxable","13":"shipping-taxable","14":"purchasable","15":"product-type-simple"},"_links":{"self":[{"href":"https:\/\/printagram.com\/pl\/wp-json\/wp\/v2\/product\/3500","targetHints":{"allow":["GET"]}}],"collection":[{"href":"https:\/\/printagram.com\/pl\/wp-json\/wp\/v2\/product"}],"about":[{"href":"https:\/\/printagram.com\/pl\/wp-json\/wp\/v2\/types\/product"}],"wp:featuredmedia":[{"embeddable":true,"href":"https:\/\/printagram.com\/pl\/wp-json\/wp\/v2\/media\/28648"}],"wp:attachment":[{"href":"https:\/\/printagram.com\/pl\/wp-json\/wp\/v2\/media?parent=3500"}],"wp:term":[{"taxonomy":"product_brand","embeddable":true,"href":"https:\/\/printagram.com\/pl\/wp-json\/wp\/v2\/product_brand?post=3500"},{"taxonomy":"product_cat","embeddable":true,"href":"https:\/\/printagram.com\/pl\/wp-json\/wp\/v2\/product_cat?post=3500"},{"taxonomy":"product_tag","embeddable":true,"href":"https:\/\/printagram.com\/pl\/wp-json\/wp\/v2\/product_tag?post=3500"}],"curies":[{"name":"wp","href":"https:\/\/api.w.org\/{rel}","templated":true}]}}