{"id":3498,"date":"2023-01-02T14:00:54","date_gmt":"2023-01-02T13:00:54","guid":{"rendered":"https:\/\/printagram.com\/produkt\/naklejki-ekskluzywne\/"},"modified":"2025-01-26T19:47:55","modified_gmt":"2025-01-26T18:47:55","slug":"naklejki-ekskluzywne","status":"publish","type":"product","link":"https:\/\/printagram.com\/pl\/produkt\/naklejki-ekskluzywne\/","title":{"rendered":"Naklejki ekskluzywne"},"content":{"rendered":"<p><strong>Specjalne ekskluzywne naklejki <\/strong>na luksusowe produkty. Wszystkie mo\u017cliwe do zastosowania techniki druku r\u0119cznego. Sitodruk, Hot stamping, t\u0142oczenia wypuk\u0142e, lakier UV, kolory Pantone, r\u00f3\u017cne rodzaje papier\u00f3w samoprzylepnych, g\u0142adkie i z tekstur\u0105. \u015awietnie si\u0119 sprawdzaj\u0105 jako etykietki na \u0142adne produkty, butelki z winem lub innym alkoholem, limitowane serie produkt\u00f3w. Naklejki dostarczane s\u0105 w formie u\u017cytk\u00f3w przyci\u0119tych do formatu w kszta\u0142cie prostok\u0105tnym.<\/p>\n","protected":false},"excerpt":{"rendered":"<p>Naklejki hot-stamping, t\u0142oczone, Pantone, lakierowane UV<\/p>\n","protected":false},"featured_media":32681,"template":"","meta":{"_seopress_robots_primary_cat":"","_seopress_titles_title":"","_seopress_titles_desc":"","_seopress_robots_index":""},"product_brand":[],"product_cat":[283],"product_tag":[438,437,449,446,443,445,440],"class_list":{"0":"post-3498","1":"product","2":"type-product","3":"status-publish","4":"has-post-thumbnail","6":"product_cat-naklejki-plomby","7":"product_tag-hot-stamping","8":"product_tag-lakier-uv-selektywny","9":"product_tag-produkcja","10":"product_tag-promowanie","11":"product_tag-sitodruk","12":"product_tag-sprzedaz-handel","13":"product_tag-tloczenie-wypukle","15":"first","16":"instock","17":"taxable","18":"shipping-taxable","19":"purchasable","20":"product-type-simple"},"_links":{"self":[{"href":"https:\/\/printagram.com\/pl\/wp-json\/wp\/v2\/product\/3498","targetHints":{"allow":["GET"]}}],"collection":[{"href":"https:\/\/printagram.com\/pl\/wp-json\/wp\/v2\/product"}],"about":[{"href":"https:\/\/printagram.com\/pl\/wp-json\/wp\/v2\/types\/product"}],"wp:featuredmedia":[{"embeddable":true,"href":"https:\/\/printagram.com\/pl\/wp-json\/wp\/v2\/media\/32681"}],"wp:attachment":[{"href":"https:\/\/printagram.com\/pl\/wp-json\/wp\/v2\/media?parent=3498"}],"wp:term":[{"taxonomy":"product_brand","embeddable":true,"href":"https:\/\/printagram.com\/pl\/wp-json\/wp\/v2\/product_brand?post=3498"},{"taxonomy":"product_cat","embeddable":true,"href":"https:\/\/printagram.com\/pl\/wp-json\/wp\/v2\/product_cat?post=3498"},{"taxonomy":"product_tag","embeddable":true,"href":"https:\/\/printagram.com\/pl\/wp-json\/wp\/v2\/product_tag?post=3498"}],"curies":[{"name":"wp","href":"https:\/\/api.w.org\/{rel}","templated":true}]}}