{"id":3494,"date":"2023-01-02T14:00:41","date_gmt":"2023-01-02T13:00:41","guid":{"rendered":"https:\/\/printagram.com\/produkt\/teczki-firmowe-zlocone\/"},"modified":"2026-04-25T00:19:41","modified_gmt":"2026-04-24T22:19:41","slug":"teczki-firmowe-zlocone","status":"publish","type":"product","link":"https:\/\/printagram.com\/pl\/produkt\/teczki-firmowe-zlocone\/","title":{"rendered":"Teczki firmowe z\u0142ocone"},"content":{"rendered":"<p>Teczki firmowe soft-touch, z\u0142ocone i z lakierem wypuk\u0142ym UV. Eleganckie uszlachetnienie wypuk\u0142ymi metalicznymi elementami, np. logo. Kolory metalicznej folii: srebrny, z\u0142oty, Dla tego typu teczek firmowych posiadamy dwa wykrojniki do wyboru. W teczce zmie\u015bci si\u0119 do ok. 10 lub 30 standardowych kartek A4 &#8211; zale\u017cy od wybranego kroju teczki.<\/p>\n<p>Teczki firmowe s\u0105 drukowane, a nast\u0119pnie laminowane foli\u0105 soft-touch lub mat standard. W dolnym skrzyde\u0142ku wykonane s\u0105 naci\u0119cia na wizyt\u00f3wk\u0119. Teczki dostarczane s\u0105 w formie niez\u0142o\u017conej.<\/p>\n","protected":false},"excerpt":{"rendered":"<p>Teczki firmowe z\u0142ocone wypuk\u0142e. Laminowane 1- lub 2-stronnie z opcj\u0105 dodatkowego lakierowania UV wypuk\u0142ego.<\/p>\n","protected":false},"featured_media":42473,"template":"","meta":{"_seopress_robots_primary_cat":"none","_seopress_titles_title":"","_seopress_titles_desc":"","_seopress_robots_index":""},"product_brand":[],"product_cat":[292],"product_tag":[444,448,437,434,446],"class_list":{"0":"post-3494","1":"product","2":"type-product","3":"status-publish","4":"has-post-thumbnail","6":"product_cat-teczki-segregatory","7":"product_tag-firma-biuro","8":"product_tag-konferencje-kursy-szkolenia","9":"product_tag-lakier-uv-selektywny","10":"product_tag-metallic-3d-zlocenie","11":"product_tag-promowanie","13":"first","14":"instock","15":"taxable","16":"shipping-taxable","17":"purchasable","18":"product-type-simple"},"_links":{"self":[{"href":"https:\/\/printagram.com\/pl\/wp-json\/wp\/v2\/product\/3494","targetHints":{"allow":["GET"]}}],"collection":[{"href":"https:\/\/printagram.com\/pl\/wp-json\/wp\/v2\/product"}],"about":[{"href":"https:\/\/printagram.com\/pl\/wp-json\/wp\/v2\/types\/product"}],"wp:featuredmedia":[{"embeddable":true,"href":"https:\/\/printagram.com\/pl\/wp-json\/wp\/v2\/media\/42473"}],"wp:attachment":[{"href":"https:\/\/printagram.com\/pl\/wp-json\/wp\/v2\/media?parent=3494"}],"wp:term":[{"taxonomy":"product_brand","embeddable":true,"href":"https:\/\/printagram.com\/pl\/wp-json\/wp\/v2\/product_brand?post=3494"},{"taxonomy":"product_cat","embeddable":true,"href":"https:\/\/printagram.com\/pl\/wp-json\/wp\/v2\/product_cat?post=3494"},{"taxonomy":"product_tag","embeddable":true,"href":"https:\/\/printagram.com\/pl\/wp-json\/wp\/v2\/product_tag?post=3494"}],"curies":[{"name":"wp","href":"https:\/\/api.w.org\/{rel}","templated":true}]}}