{"id":3492,"date":"2023-01-02T14:00:25","date_gmt":"2023-01-02T13:00:25","guid":{"rendered":"https:\/\/printagram.com\/produkt\/arkusze-naklejek\/"},"modified":"2024-04-02T18:13:50","modified_gmt":"2024-04-02T16:13:50","slug":"arkusze-naklejek","status":"publish","type":"product","link":"https:\/\/printagram.com\/pl\/produkt\/arkusze-naklejek\/","title":{"rendered":"Arkusze naklejek"},"content":{"rendered":"<p>\u015awietna alternatywa dla pojedynczych naklejek. Rozplanuj sobie r\u00f3\u017cne wzory na jednym arkuszu. Dzi\u0119ki temu masz ca\u0142y zestaw r\u00f3\u017cnorodnych wzor\u00f3w naklejek, kt\u00f3re potrzebujesz. Nie ogranicza Ci\u0119 ju\u017c konieczno\u015b\u0107 zamawiania ka\u017cdego wzoru osobno. Teraz zyskujesz pieni\u0105dze i czas.<\/p>\n<p>Otrzymasz arkusze z naci\u0119tymi naklejkami, gotowe do u\u017cycia. Przygotuj w\u0142asne projekty i roz\u0142\u00f3\u017c dowolnie na arkuszu. Nie jeste\u015b ograniczony niczym. Jedynie rozmiarami arkusza.<\/p>\n","protected":false},"excerpt":{"rendered":"<p>Arkusze z naci\u0119tymi naklejkami, gotowe do u\u017cycia, r\u00f3\u017cne wzory na jednym arkuszu<\/p>\n","protected":false},"featured_media":22313,"template":"","meta":{"_seopress_robots_primary_cat":"","_seopress_titles_title":"","_seopress_titles_desc":"","_seopress_robots_index":""},"product_brand":[],"product_cat":[283],"product_tag":[449,446,445],"class_list":{"0":"post-3492","1":"product","2":"type-product","3":"status-publish","4":"has-post-thumbnail","6":"product_cat-naklejki-plomby","7":"product_tag-produkcja","8":"product_tag-promowanie","9":"product_tag-sprzedaz-handel","11":"first","12":"instock","13":"taxable","14":"shipping-taxable","15":"purchasable","16":"product-type-simple"},"_links":{"self":[{"href":"https:\/\/printagram.com\/pl\/wp-json\/wp\/v2\/product\/3492","targetHints":{"allow":["GET"]}}],"collection":[{"href":"https:\/\/printagram.com\/pl\/wp-json\/wp\/v2\/product"}],"about":[{"href":"https:\/\/printagram.com\/pl\/wp-json\/wp\/v2\/types\/product"}],"wp:featuredmedia":[{"embeddable":true,"href":"https:\/\/printagram.com\/pl\/wp-json\/wp\/v2\/media\/22313"}],"wp:attachment":[{"href":"https:\/\/printagram.com\/pl\/wp-json\/wp\/v2\/media?parent=3492"}],"wp:term":[{"taxonomy":"product_brand","embeddable":true,"href":"https:\/\/printagram.com\/pl\/wp-json\/wp\/v2\/product_brand?post=3492"},{"taxonomy":"product_cat","embeddable":true,"href":"https:\/\/printagram.com\/pl\/wp-json\/wp\/v2\/product_cat?post=3492"},{"taxonomy":"product_tag","embeddable":true,"href":"https:\/\/printagram.com\/pl\/wp-json\/wp\/v2\/product_tag?post=3492"}],"curies":[{"name":"wp","href":"https:\/\/api.w.org\/{rel}","templated":true}]}}