{"id":3488,"date":"2023-01-02T13:59:50","date_gmt":"2023-01-02T12:59:50","guid":{"rendered":"https:\/\/printagram.com\/produkt\/segregatory-druk-cyfrowy\/"},"modified":"2023-12-12T12:03:33","modified_gmt":"2023-12-12T11:03:33","slug":"segregatory-druk-cyfrowy","status":"publish","type":"product","link":"https:\/\/printagram.com\/pl\/produkt\/segregatory-druk-cyfrowy\/","title":{"rendered":"Segregatory druk cyfrowy"},"content":{"rendered":"<p>Segregator z mechanizmem do wpinania dokument\u00f3w daje mo\u017cliwo\u015b\u0107 ich przechowywania w spos\u00f3b uporz\u0105dkowany, dzi\u0119ki czemu s\u0105 one \u0142atwe do odnalezienia i segregacji. Solidne wykonanie mechanizmu daje gwarancj\u0119 bezpiecze\u0144stwa.\u00a0Podziurkowane kartki lub koszulki z dokumentami utrzymuje si\u0119 za pomoc\u0105 zacisk\u00f3w przechodz\u0105cych przez otwory. Uchwyty te s\u0105 zaciskane spr\u0119\u017cynowo.\u00a0Mechanizm dwuszcz\u0119kowy lub czteroszcz\u0119kowy typu D. Dodatkowo segregator wyposa\u017cony jest w dociskacz dokument\u00f3w.<\/p>\n<p>Ok\u0142adka segregatora jest drukowana indywidualnie. Wykonana jest z litej tektury o grubo\u015bci 2 mm i oklejona od strony zewn\u0119trznej zadrukowanym cyfrowo papierem samoprzylepnym oraz zabezpieczona b\u0142yszcz\u0105c\u0105 foli\u0105 a od strony wewn\u0119trznej wyklejk\u0105 z bia\u0142ego papieru.<\/p>\n","protected":false},"excerpt":{"rendered":"<p>Segregatory firmowe z w\u0142asnym nadrukiem. Z mechanizmem szcz\u0119kowym typu D do wpinania dokument\u00f3w.<\/p>\n","protected":false},"featured_media":22130,"template":"","meta":{"_seopress_robots_primary_cat":"","_seopress_titles_title":"","_seopress_titles_desc":"","_seopress_robots_index":""},"product_brand":[],"product_cat":[292],"product_tag":[444,448,446],"class_list":{"0":"post-3488","1":"product","2":"type-product","3":"status-publish","4":"has-post-thumbnail","6":"product_cat-teczki-segregatory","7":"product_tag-firma-biuro","8":"product_tag-konferencje-kursy-szkolenia","9":"product_tag-promowanie","11":"first","12":"instock","13":"taxable","14":"shipping-taxable","15":"purchasable","16":"product-type-simple"},"_links":{"self":[{"href":"https:\/\/printagram.com\/pl\/wp-json\/wp\/v2\/product\/3488","targetHints":{"allow":["GET"]}}],"collection":[{"href":"https:\/\/printagram.com\/pl\/wp-json\/wp\/v2\/product"}],"about":[{"href":"https:\/\/printagram.com\/pl\/wp-json\/wp\/v2\/types\/product"}],"wp:featuredmedia":[{"embeddable":true,"href":"https:\/\/printagram.com\/pl\/wp-json\/wp\/v2\/media\/22130"}],"wp:attachment":[{"href":"https:\/\/printagram.com\/pl\/wp-json\/wp\/v2\/media?parent=3488"}],"wp:term":[{"taxonomy":"product_brand","embeddable":true,"href":"https:\/\/printagram.com\/pl\/wp-json\/wp\/v2\/product_brand?post=3488"},{"taxonomy":"product_cat","embeddable":true,"href":"https:\/\/printagram.com\/pl\/wp-json\/wp\/v2\/product_cat?post=3488"},{"taxonomy":"product_tag","embeddable":true,"href":"https:\/\/printagram.com\/pl\/wp-json\/wp\/v2\/product_tag?post=3488"}],"curies":[{"name":"wp","href":"https:\/\/api.w.org\/{rel}","templated":true}]}}