{"id":3486,"date":"2023-01-02T13:59:44","date_gmt":"2023-01-02T12:59:44","guid":{"rendered":"https:\/\/printagram.com\/produkt\/plomby-gwarancyjne-stickery-void\/"},"modified":"2024-04-02T18:13:50","modified_gmt":"2024-04-02T16:13:50","slug":"plomby-gwarancyjne-stickery-void","status":"publish","type":"product","link":"https:\/\/printagram.com\/pl\/produkt\/plomby-gwarancyjne-stickery-void\/","title":{"rendered":"Plomby gwarancyjne stickery void"},"content":{"rendered":"<p>Plomby gwarancyjne<strong>\u00a0<\/strong>&#8211; za niewielkie pieni\u0105dze dostajesz naklejki plombowe w pe\u0142nym kolorze i najwy\u017cszej jako\u015bci. Folia plombowa ORACAL Safety Vinyl 820 produkowana przez Orafol Europe GmbH posiada bardzo mocny klej, kt\u00f3ry trwale przykleja si\u0119 do pod\u0142o\u017ca.<\/p>\n<p><strong>Zastosowania.\u00a0<\/strong>Nasi klienci zamawiaj\u0105cy naklejki na folii plombowej to zak\u0142ady serwisowe sprz\u0119tu elektronicznego, producenci sprz\u0119tu elektronicznego i AGD, producenci mebli, komisy telefon\u00f3w kom\u00f3rkowych, laptop\u00f3w i wielu innych.<\/p>\n<p><strong>Personalizacja (NUMEROWANIE).\u00a0<\/strong>Plomby mog\u0105 by\u0107 PERSONALIZOWANE (nadawanie ka\u017cdej plombie niepowtarzalnego numeru). Prosimy przy zakupie poda\u0107 jakie to maj\u0105 by\u0107 numery lub zakres.<\/p>\n","protected":false},"excerpt":{"rendered":"<p>Naklejki plombowe w pe\u0142nym kolorze. Odklejenie plomby jest niemo\u017cliwe bez jej uszkodzenia.<\/p>\n","protected":false},"featured_media":28645,"template":"","meta":{"_seopress_robots_primary_cat":"","_seopress_titles_title":"","_seopress_titles_desc":"","_seopress_robots_index":""},"product_brand":[],"product_cat":[283],"product_tag":[449,445],"class_list":{"0":"post-3486","1":"product","2":"type-product","3":"status-publish","4":"has-post-thumbnail","6":"product_cat-naklejki-plomby","7":"product_tag-produkcja","8":"product_tag-sprzedaz-handel","10":"first","11":"instock","12":"taxable","13":"shipping-taxable","14":"purchasable","15":"product-type-simple"},"_links":{"self":[{"href":"https:\/\/printagram.com\/pl\/wp-json\/wp\/v2\/product\/3486","targetHints":{"allow":["GET"]}}],"collection":[{"href":"https:\/\/printagram.com\/pl\/wp-json\/wp\/v2\/product"}],"about":[{"href":"https:\/\/printagram.com\/pl\/wp-json\/wp\/v2\/types\/product"}],"wp:featuredmedia":[{"embeddable":true,"href":"https:\/\/printagram.com\/pl\/wp-json\/wp\/v2\/media\/28645"}],"wp:attachment":[{"href":"https:\/\/printagram.com\/pl\/wp-json\/wp\/v2\/media?parent=3486"}],"wp:term":[{"taxonomy":"product_brand","embeddable":true,"href":"https:\/\/printagram.com\/pl\/wp-json\/wp\/v2\/product_brand?post=3486"},{"taxonomy":"product_cat","embeddable":true,"href":"https:\/\/printagram.com\/pl\/wp-json\/wp\/v2\/product_cat?post=3486"},{"taxonomy":"product_tag","embeddable":true,"href":"https:\/\/printagram.com\/pl\/wp-json\/wp\/v2\/product_tag?post=3486"}],"curies":[{"name":"wp","href":"https:\/\/api.w.org\/{rel}","templated":true}]}}