{"id":3484,"date":"2023-01-02T13:59:37","date_gmt":"2023-01-02T12:59:37","guid":{"rendered":"https:\/\/printagram.com\/produkt\/pocztowki-skladane-karnety-zaproszenia\/"},"modified":"2024-06-11T10:01:44","modified_gmt":"2024-06-11T08:01:44","slug":"pocztowki-skladane-karnety","status":"publish","type":"product","link":"https:\/\/printagram.com\/pl\/produkt\/pocztowki-skladane-karnety\/","title":{"rendered":"Poczt\u00f3wki sk\u0142adane karnety"},"content":{"rendered":"<p>Poczt\u00f3wki sk\u0142adane, kt\u00f3re mog\u0105 r\u00f3wnie dobrze pe\u0142ni\u0107 rol\u0119 zaprosze\u0144 okoliczno\u015bciowych, karnet\u00f3w, kartek \u015bwi\u0105tecznych itp.<\/p>\n<p>Produkt pozwalaj\u0105cy na wykonanie naprawd\u0119 tanim kosztem sporego nak\u0142adu okoliczno\u015bciowych kartek, karnet\u00f3w do\u0142\u0105czanych do przesy\u0142ek, prezent\u00f3w, pami\u0105tek itd. Mog\u0105 one s\u0142u\u017cy\u0107 jako zaproszenia na otwarcia, zaproszenia na konferencje, seminaria, i r\u00f3\u017cnego rodzaju uroczysto\u015bci oficjalne i mniej oficjalne. Mog\u0105 pe\u0142ni\u0107 oczywi\u015bcie r\u00f3wnie\u017c rol\u0119 standardowych poczt\u00f3wek, widok\u00f3wek kart \u015bwi\u0105tecznych z \u017cyczeniami, kt\u00f3re wys\u0142ane w dopasowanej kopercie dotr\u0105 w miejsce przeznaczenia.<\/p>\n<p>Rozmiar 98 x 150 mm po z\u0142o\u017ceniu. Dowolny nadruk wykonany na maszynie offsetowej &#8211; 4 kolory CMYK (pe\u0142na paleta kolorystyczna z obu stron), wykonane z kartonu bia\u0142ego jednostronnie powlekanego. Kartki pocztowe posiadaj\u0105 sztywno\u015b\u0107 i grubo\u015b\u0107 tradycyjnej widok\u00f3wki. Sztywno\u015b\u0107 odpowiada standardowemu kartonowi o gramaturze 350g\/m\u00b2. Uszlachetnione jednostronnie laminatem b\u0142yszcz\u0105cym.<\/p>\n","protected":false},"excerpt":{"rendered":"<p>Poczt\u00f3wki, karnety i zaproszenia sk\u0142adane z dowolnym nadrukiem. Po z\u0142o\u017ceniu rozmiar 98 x 150 mm. Dwustronny druk \u2013 4 kolory CMYK (pe\u0142na paleta kolorystyczna). Laminowane od zewn\u0105trz foli\u0105 byszcz\u0105c\u0105.<\/p>\n","protected":false},"featured_media":22141,"template":"","meta":{"_seopress_robots_primary_cat":"none","_seopress_titles_title":"","_seopress_titles_desc":"","_seopress_robots_index":""},"product_brand":[],"product_cat":[308],"product_tag":[447,446],"class_list":{"0":"post-3484","1":"product","2":"type-product","3":"status-publish","4":"has-post-thumbnail","6":"product_cat-pocztowki-karnety","7":"product_tag-eventy","8":"product_tag-promowanie","10":"first","11":"instock","12":"taxable","13":"shipping-taxable","14":"purchasable","15":"product-type-simple"},"_links":{"self":[{"href":"https:\/\/printagram.com\/pl\/wp-json\/wp\/v2\/product\/3484","targetHints":{"allow":["GET"]}}],"collection":[{"href":"https:\/\/printagram.com\/pl\/wp-json\/wp\/v2\/product"}],"about":[{"href":"https:\/\/printagram.com\/pl\/wp-json\/wp\/v2\/types\/product"}],"wp:featuredmedia":[{"embeddable":true,"href":"https:\/\/printagram.com\/pl\/wp-json\/wp\/v2\/media\/22141"}],"wp:attachment":[{"href":"https:\/\/printagram.com\/pl\/wp-json\/wp\/v2\/media?parent=3484"}],"wp:term":[{"taxonomy":"product_brand","embeddable":true,"href":"https:\/\/printagram.com\/pl\/wp-json\/wp\/v2\/product_brand?post=3484"},{"taxonomy":"product_cat","embeddable":true,"href":"https:\/\/printagram.com\/pl\/wp-json\/wp\/v2\/product_cat?post=3484"},{"taxonomy":"product_tag","embeddable":true,"href":"https:\/\/printagram.com\/pl\/wp-json\/wp\/v2\/product_tag?post=3484"}],"curies":[{"name":"wp","href":"https:\/\/api.w.org\/{rel}","templated":true}]}}