{"id":3480,"date":"2023-01-02T13:59:21","date_gmt":"2023-01-02T12:59:21","guid":{"rendered":"https:\/\/printagram.com\/produkt\/bloczki-notesy-firmowe\/"},"modified":"2025-03-28T12:10:41","modified_gmt":"2025-03-28T11:10:41","slug":"bloczki-notesy-firmowe","status":"publish","type":"product","link":"https:\/\/printagram.com\/pl\/produkt\/bloczki-notesy-firmowe\/","title":{"rendered":"Bloczki notesy firmowe"},"content":{"rendered":"<p>Bloczki klejone po 25, 50 lub 100 kartek. Ka\u017cdy bloczek ma podk\u0142adk\u0119 tekturow\u0105 i ewentualnie ok\u0142adk\u0119. Bloczki klejone s\u0105 wzd\u0142u\u017c\u00a0kr\u00f3tszej lub d\u0142u\u017cszej kraw\u0119dzi. Papier offsetowy.\u00a0Przycinanie ca\u0142ego stosu bloczk\u00f3w na przemys\u0142owej krajalnicy. Mo\u017cliwe jest r\u00f3wnie\u017c zaokr\u0105glanie rog\u00f3w.<\/p>\n<p>Bloczki doskonale nadaj\u0105 si\u0119 jako:\u00a0karty serwisowe, rachunki,\u00a0protoko\u0142y odbioru, zlecenia us\u0142ug,\u00a0notesiki,\u00a0notatniki firmowe itp.<\/p>\n","protected":false},"excerpt":{"rendered":"<p>Notatniki notesy firmowe. Pe\u0142ny kolor na ka\u017cdej kartce. Klejone po 25, 50 lub 100 kartek z podk\u0142adk\u0105 tekturow\u0105.<\/p>\n","protected":false},"featured_media":20806,"template":"","meta":{"_seopress_robots_primary_cat":"none","_seopress_titles_title":"","_seopress_titles_desc":"","_seopress_robots_index":""},"product_brand":[],"product_cat":[297],"product_tag":[444,448,446],"class_list":{"0":"post-3480","1":"product","2":"type-product","3":"status-publish","4":"has-post-thumbnail","6":"product_cat-bloczki-notesy","7":"product_tag-firma-biuro","8":"product_tag-konferencje-kursy-szkolenia","9":"product_tag-promowanie","11":"first","12":"instock","13":"taxable","14":"shipping-taxable","15":"purchasable","16":"product-type-simple"},"_links":{"self":[{"href":"https:\/\/printagram.com\/pl\/wp-json\/wp\/v2\/product\/3480","targetHints":{"allow":["GET"]}}],"collection":[{"href":"https:\/\/printagram.com\/pl\/wp-json\/wp\/v2\/product"}],"about":[{"href":"https:\/\/printagram.com\/pl\/wp-json\/wp\/v2\/types\/product"}],"wp:featuredmedia":[{"embeddable":true,"href":"https:\/\/printagram.com\/pl\/wp-json\/wp\/v2\/media\/20806"}],"wp:attachment":[{"href":"https:\/\/printagram.com\/pl\/wp-json\/wp\/v2\/media?parent=3480"}],"wp:term":[{"taxonomy":"product_brand","embeddable":true,"href":"https:\/\/printagram.com\/pl\/wp-json\/wp\/v2\/product_brand?post=3480"},{"taxonomy":"product_cat","embeddable":true,"href":"https:\/\/printagram.com\/pl\/wp-json\/wp\/v2\/product_cat?post=3480"},{"taxonomy":"product_tag","embeddable":true,"href":"https:\/\/printagram.com\/pl\/wp-json\/wp\/v2\/product_tag?post=3480"}],"curies":[{"name":"wp","href":"https:\/\/api.w.org\/{rel}","templated":true}]}}