{"id":3478,"date":"2023-01-02T13:59:13","date_gmt":"2023-01-02T12:59:13","guid":{"rendered":"https:\/\/printagram.com\/produkt\/ulotki\/"},"modified":"2026-02-10T15:00:11","modified_gmt":"2026-02-10T14:00:11","slug":"ulotki","status":"publish","type":"product","link":"https:\/\/printagram.com\/pl\/produkt\/ulotki\/","title":{"rendered":"Ulotki standardowe"},"content":{"rendered":"<p>Ulotki to \u015bwietny spos\u00f3b na zareklamowanie swojej marki, produktu czy wydarzenia. Wydrukuj ulotki w pe\u0142nym kolorze, w formacie, kt\u00f3ry Ci odpowiada, na jedym z wielu dost\u0119pnych papier\u00f3w. Trwa\u0142e, \u0142atwe do rozprowadzania i idealne do zdobycia rozg\u0142osu. Nie lekcewa\u017c korzy\u015bci p\u0142yn\u0105cych z drukowania ulotek.<\/p>\n<p>Reklamy cyfrowe i media spo\u0142eczno\u015bciowe mog\u0105 by\u0107 obecnie najpowszechniejszymi metodami reklamy, ale ulotki nadal s\u0105 jednym z najskuteczniejszych narz\u0119dzi promocyjnych.<\/p>\n","protected":false},"excerpt":{"rendered":"<p>Druk 2-stronny offsetowy CMYK. Papier kredowy matowy lub b\u0142yszcz\u0105cy.<\/p>\n","protected":false},"featured_media":28646,"template":"","meta":{"_seopress_robots_primary_cat":"none","_seopress_titles_title":"","_seopress_titles_desc":"","_seopress_robots_index":""},"product_brand":[],"product_cat":[311],"product_tag":[447,449,446],"class_list":{"0":"post-3478","1":"product","2":"type-product","3":"status-publish","4":"has-post-thumbnail","6":"product_cat-ulotki-plakaty","7":"product_tag-eventy","8":"product_tag-produkcja","9":"product_tag-promowanie","10":"product_shipping_class-ciezkie","12":"first","13":"instock","14":"taxable","15":"shipping-taxable","16":"purchasable","17":"product-type-simple"},"_links":{"self":[{"href":"https:\/\/printagram.com\/pl\/wp-json\/wp\/v2\/product\/3478","targetHints":{"allow":["GET"]}}],"collection":[{"href":"https:\/\/printagram.com\/pl\/wp-json\/wp\/v2\/product"}],"about":[{"href":"https:\/\/printagram.com\/pl\/wp-json\/wp\/v2\/types\/product"}],"wp:featuredmedia":[{"embeddable":true,"href":"https:\/\/printagram.com\/pl\/wp-json\/wp\/v2\/media\/28646"}],"wp:attachment":[{"href":"https:\/\/printagram.com\/pl\/wp-json\/wp\/v2\/media?parent=3478"}],"wp:term":[{"taxonomy":"product_brand","embeddable":true,"href":"https:\/\/printagram.com\/pl\/wp-json\/wp\/v2\/product_brand?post=3478"},{"taxonomy":"product_cat","embeddable":true,"href":"https:\/\/printagram.com\/pl\/wp-json\/wp\/v2\/product_cat?post=3478"},{"taxonomy":"product_tag","embeddable":true,"href":"https:\/\/printagram.com\/pl\/wp-json\/wp\/v2\/product_tag?post=3478"}],"curies":[{"name":"wp","href":"https:\/\/api.w.org\/{rel}","templated":true}]}}