{"id":3476,"date":"2023-01-02T13:59:01","date_gmt":"2023-01-02T12:59:01","guid":{"rendered":"https:\/\/printagram.com\/produkt\/naklejki-3d-nalepki-wypukle-zelowe\/"},"modified":"2026-01-15T12:29:50","modified_gmt":"2026-01-15T11:29:50","slug":"naklejki-3d-nalepki-wypukle-zelowe","status":"publish","type":"product","link":"https:\/\/printagram.com\/pl\/produkt\/naklejki-3d-nalepki-wypukle-zelowe\/","title":{"rendered":"Naklejki 3D nalepki wypuk\u0142e \u017celowe"},"content":{"rendered":"<p>Naklejki 3D s\u0105 wypuk\u0142e dzi\u0119ki specjalnej substancji, kt\u00f3rej g\u0142\u00f3wnym sk\u0142adnikiem jest przezroczysta \u017cywica poliuretanowa. Dzi\u0119ki niej posiadaj\u0105 \u015bliczny tr\u00f3jwymiarowy wygl\u0105d i s\u0105 przyjemnie g\u0142adkie w dotyku. Dzi\u0119ki tej warstwie \u017cywicy samoprzylepne naklejki 3D s\u0105 odporne na wilgo\u0107, promieniowanie UV a tak\u017ce na uszkodzenia mechaniczne. Baza dla naklejek 3D to bia\u0142a folia samoprzylepna, kt\u00f3ra mocno wi\u0105\u017ce si\u0119 z \u017cywic\u0105. Druk w technologii cyfrowej pozwala na zastosowanie nieograniczonej liczby kolor\u00f3w z palety CMYK.<\/p>\n<p>Idealnie nadaj\u0105 si\u0119 jako naklejki ze znakami firmowymi dla wszelkiego rodzaju produkt\u00f3w: komputer\u00f3w, samochod\u00f3w, mebli, sprz\u0119tu elektronicznego, elektrycznego, agd itp.<\/p>\n<p><strong>Kszta\u0142ty<\/strong><br \/>\nKalkulowana cena dotyczy podstawowych kszta\u0142t\u00f3w, czyli kwadrat, prostok\u0105t, ko\u0142o, elipsa. W przypadku kszta\u0142t\u00f3w niestandardowych zastrzegamy sobie mo\u017cliwo\u015b\u0107 dop\u0142aty. Je\u015bli chcia\u0142by\u015b sprawdzi\u0107 cen\u0119 niestandardowego kszta\u0142tu &#8211; wy\u015blij projekt do darmowej wyceny.<\/p>\n<p><strong>Karta techniczna<\/strong><br \/>\nORAJET\u00ae 3164HT \u2013 karta techniczn\u0105 folia bia\u0142ej na kt\u00f3rej wykonywane s\u0105 naklejki 3D.\u00a0<strong><a href=\"\/wp-content\/uploads\/2025\/01\/orajet-3164ht-id3504-technical-data-sheet-europe-en.pdf\" target=\"_blank\" rel=\"noopener\">Pobierz<\/a><\/strong><\/p>\n","protected":false},"excerpt":{"rendered":"<p>Wypuk\u0142e naklejki nalepki. Samoprzylepne etykiety 3D zalewane przezroczyst\u0105 \u017cywic\u0105.<\/p>\n","protected":false},"featured_media":28642,"template":"","meta":{"_seopress_robots_primary_cat":"none","_seopress_titles_title":"","_seopress_titles_desc":"","_seopress_robots_index":""},"product_brand":[],"product_cat":[283],"product_tag":[449,446,445],"class_list":{"0":"post-3476","1":"product","2":"type-product","3":"status-publish","4":"has-post-thumbnail","6":"product_cat-naklejki-plomby","7":"product_tag-produkcja","8":"product_tag-promowanie","9":"product_tag-sprzedaz-handel","11":"first","12":"instock","13":"taxable","14":"shipping-taxable","15":"purchasable","16":"product-type-simple"},"_links":{"self":[{"href":"https:\/\/printagram.com\/pl\/wp-json\/wp\/v2\/product\/3476","targetHints":{"allow":["GET"]}}],"collection":[{"href":"https:\/\/printagram.com\/pl\/wp-json\/wp\/v2\/product"}],"about":[{"href":"https:\/\/printagram.com\/pl\/wp-json\/wp\/v2\/types\/product"}],"wp:featuredmedia":[{"embeddable":true,"href":"https:\/\/printagram.com\/pl\/wp-json\/wp\/v2\/media\/28642"}],"wp:attachment":[{"href":"https:\/\/printagram.com\/pl\/wp-json\/wp\/v2\/media?parent=3476"}],"wp:term":[{"taxonomy":"product_brand","embeddable":true,"href":"https:\/\/printagram.com\/pl\/wp-json\/wp\/v2\/product_brand?post=3476"},{"taxonomy":"product_cat","embeddable":true,"href":"https:\/\/printagram.com\/pl\/wp-json\/wp\/v2\/product_cat?post=3476"},{"taxonomy":"product_tag","embeddable":true,"href":"https:\/\/printagram.com\/pl\/wp-json\/wp\/v2\/product_tag?post=3476"}],"curies":[{"name":"wp","href":"https:\/\/api.w.org\/{rel}","templated":true}]}}