{"id":3462,"date":"2023-01-02T13:58:12","date_gmt":"2023-01-02T12:58:12","guid":{"rendered":"https:\/\/printagram.com\/produkt\/wizytowki-extra-grube\/"},"modified":"2026-01-10T20:18:25","modified_gmt":"2026-01-10T19:18:25","slug":"wizytowki-extra-grube","status":"publish","type":"product","link":"https:\/\/printagram.com\/pl\/produkt\/wizytowki-extra-grube\/","title":{"rendered":"Wizyt\u00f3wki extra grube"},"content":{"rendered":"<p>Wyj\u0105tkowo grube i sztywne wizyt\u00f3wki i karty. Papier o g\u0142adkiej powierzchni i gramaturze 700 g\/m2. Grubo\u015b\u0107 zbli\u017cona do grubo\u015bci kart kredytowych. Mo\u017cliwe foliowanie mat, b\u0142ysk, soft-touch lub bez laminowania.<\/p>\n<p>Uszlachetnienie (wyko\u0144czenie) mo\u017cna zastosowa\u0107 tylko do jednej strony, na obu stronach lub wcale. Wszystko zale\u017cy od Pa\u0144stwa potrzeb. Przycinanie na przemys\u0142owej krajalnicy lub wykrojniku &#8211; ci\u0119cie ca\u0142ego stosu za jednym razem &#8211; nie ma mowy o jakichkolwiek nier\u00f3wno\u015bciach.<\/p>\n","protected":false},"excerpt":{"rendered":"<p>Wyj\u0105tkowo grube i sztywne wizyt\u00f3wki i karty. Papier sztywny o g\u0142adkiej powierzchni o gramaturze 700 g\/m2.<\/p>\n","protected":false},"featured_media":22086,"template":"","meta":{"_seopress_robots_primary_cat":"none","_seopress_titles_title":"","_seopress_titles_desc":"","_seopress_robots_index":""},"product_brand":[],"product_cat":[412,411],"product_tag":[444,448,437,449,446],"class_list":{"0":"post-3462","1":"product","2":"type-product","3":"status-publish","4":"has-post-thumbnail","6":"product_cat-wizytowki-lakier-uv","7":"product_cat-wizytowki-standard","8":"product_tag-firma-biuro","9":"product_tag-konferencje-kursy-szkolenia","10":"product_tag-lakier-uv-selektywny","11":"product_tag-produkcja","12":"product_tag-promowanie","14":"first","15":"instock","16":"taxable","17":"shipping-taxable","18":"purchasable","19":"product-type-simple"},"_links":{"self":[{"href":"https:\/\/printagram.com\/pl\/wp-json\/wp\/v2\/product\/3462","targetHints":{"allow":["GET"]}}],"collection":[{"href":"https:\/\/printagram.com\/pl\/wp-json\/wp\/v2\/product"}],"about":[{"href":"https:\/\/printagram.com\/pl\/wp-json\/wp\/v2\/types\/product"}],"wp:featuredmedia":[{"embeddable":true,"href":"https:\/\/printagram.com\/pl\/wp-json\/wp\/v2\/media\/22086"}],"wp:attachment":[{"href":"https:\/\/printagram.com\/pl\/wp-json\/wp\/v2\/media?parent=3462"}],"wp:term":[{"taxonomy":"product_brand","embeddable":true,"href":"https:\/\/printagram.com\/pl\/wp-json\/wp\/v2\/product_brand?post=3462"},{"taxonomy":"product_cat","embeddable":true,"href":"https:\/\/printagram.com\/pl\/wp-json\/wp\/v2\/product_cat?post=3462"},{"taxonomy":"product_tag","embeddable":true,"href":"https:\/\/printagram.com\/pl\/wp-json\/wp\/v2\/product_tag?post=3462"}],"curies":[{"name":"wp","href":"https:\/\/api.w.org\/{rel}","templated":true}]}}