{"id":3458,"date":"2023-01-02T13:57:58","date_gmt":"2023-01-02T12:57:58","guid":{"rendered":"https:\/\/printagram.com\/produkt\/metki-zawieszki-ekskluzywne\/"},"modified":"2025-01-26T19:47:09","modified_gmt":"2025-01-26T18:47:09","slug":"zawieszki-sirio-pearl-cream-hot-stamping-zloty-5001-mala-etykieta-z-wielka-osobowoscia","status":"publish","type":"product","link":"https:\/\/printagram.com\/pl\/produkt\/zawieszki-sirio-pearl-cream-hot-stamping-zloty-5001-mala-etykieta-z-wielka-osobowoscia\/","title":{"rendered":"Zawieszki z hot-stampingiem &#8220;Ma\u0142a etykieta z wielk\u0105 osobowo\u015bci\u0105&#8221; #5001"},"content":{"rendered":"<p><strong><i>Hot-stamping<\/i><\/strong> to t\u0142oczona na gor\u0105co folia idealnie kontrastuj\u0105ca z powierzchni\u0105 metki, tworz\u0105c atrakcyjny efekt wizualny.<br \/>\n<p>Wi\u0119cej informacji mo\u017cesz znale\u017a\u0107 na stronie o <a href=\"\/pl\/druk-i-uszlachetnienia\/\">technikach druku i uszlachetniania<\/a>.<\/p>\n<p class=\"szukasz\"><strong>Szukasz czego\u015b innego?<\/strong> Je\u015bli chcesz mo\u017cesz skonfigurowa\u0107 w\u0142asne metki z wszystkimi mo\u017cliwymi opcjami i dowolnymi papierami korzystaj\u0105c z <a href=\"\/pl\/produkt\/metki-zawieszki-ekskluzywne-konfigurator\/\">konfiguratora metek ekskluzywnych<\/a>.<\/p>\n<\/p>\n","protected":false},"excerpt":{"rendered":"<p>Metka na papierze ozdobnym z tekstur\u0105 typu m\u0142otkowanego. Hot-stamping w dowolnym kolorze na przodzie i z ty\u0142u. Opcjonalnie nadruk farb\u0105 w dowolnym kolorze z przodu i z ty\u0142u. Oczkowanie (dziurka zakuwana metalowym oczkiem).<\/p>\n","protected":false},"featured_media":23936,"template":"","meta":{"_seopress_robots_primary_cat":"","_seopress_titles_title":"","_seopress_titles_desc":"","_seopress_robots_index":""},"product_brand":[],"product_cat":[289],"product_tag":[438,449,446,443,445],"class_list":{"0":"post-3458","1":"product","2":"type-product","3":"status-publish","4":"has-post-thumbnail","6":"product_cat-metki-zawieszki","7":"product_tag-hot-stamping","8":"product_tag-produkcja","9":"product_tag-promowanie","10":"product_tag-sitodruk","11":"product_tag-sprzedaz-handel","13":"first","14":"instock","15":"taxable","16":"shipping-taxable","17":"purchasable","18":"product-type-simple"},"_links":{"self":[{"href":"https:\/\/printagram.com\/pl\/wp-json\/wp\/v2\/product\/3458","targetHints":{"allow":["GET"]}}],"collection":[{"href":"https:\/\/printagram.com\/pl\/wp-json\/wp\/v2\/product"}],"about":[{"href":"https:\/\/printagram.com\/pl\/wp-json\/wp\/v2\/types\/product"}],"wp:featuredmedia":[{"embeddable":true,"href":"https:\/\/printagram.com\/pl\/wp-json\/wp\/v2\/media\/23936"}],"wp:attachment":[{"href":"https:\/\/printagram.com\/pl\/wp-json\/wp\/v2\/media?parent=3458"}],"wp:term":[{"taxonomy":"product_brand","embeddable":true,"href":"https:\/\/printagram.com\/pl\/wp-json\/wp\/v2\/product_brand?post=3458"},{"taxonomy":"product_cat","embeddable":true,"href":"https:\/\/printagram.com\/pl\/wp-json\/wp\/v2\/product_cat?post=3458"},{"taxonomy":"product_tag","embeddable":true,"href":"https:\/\/printagram.com\/pl\/wp-json\/wp\/v2\/product_tag?post=3458"}],"curies":[{"name":"wp","href":"https:\/\/api.w.org\/{rel}","templated":true}]}}