{"id":3456,"date":"2023-01-02T13:57:51","date_gmt":"2023-01-02T12:57:51","guid":{"rendered":"https:\/\/printagram.com\/produkt\/teczki-firmowe-ekskluzywne\/"},"modified":"2025-04-22T12:49:43","modified_gmt":"2025-04-22T10:49:43","slug":"teczki-firmowe-ekskluzywne","status":"publish","type":"product","link":"https:\/\/printagram.com\/pl\/produkt\/teczki-firmowe-ekskluzywne\/","title":{"rendered":"Teczki firmowe ekskluzywne"},"content":{"rendered":"<p><strong>Teczki firmowe ofertowe. <\/strong>Je\u015bli szukasz niebanalnych teczek firmowych by bardzo dobrze zaprezentowa\u0107 swoj\u0105 firm\u0119 to \u015bwietnie trafi\u0142e\u015b. Nasze foldery to produkt luksusowy. Z pewno\u015bci\u0105 o wiele dro\u017cszy od powszechnie oferowanych teczek, jednak bardzo wyj\u0105tkowy. Sam mo\u017cesz dobra\u0107 papier z kt\u00f3rego maj\u0105 by\u0107 teczki wykonane. Do wyboru jest ponad 300 rodzaj\u00f3w papieru. R\u00f3wnie\u017c papier bawe\u0142niany. Ekskluzywny druk i uszlachetnienia takie jak t\u0142oczenia wypuk\u0142e i wkl\u0119s\u0142e, hot-stamping czy lakier UV wypuk\u0142y. Mo\u017cesz wybiera\u0107 z kilkunastu wzor\u00f3w &#8211; wykrojnik\u00f3w. Teczki tradycyjnie sk\u0142adane lub teczki zamykane na specjalne wi\u0105zanie na ni\u0107 lub rzemyk <i>(nitki lub rzemyki nie s\u0105 dostarczane)<\/i>.<\/p>\n","protected":false},"excerpt":{"rendered":"<p>Te foldery to produkt luksusowy. Ekskluzywny druk i uszlachetnienia takie jak t\u0142oczenia wypuk\u0142e i wkl\u0119s\u0142e, hot-stamping, lakier UV.<\/p>\n","protected":false},"featured_media":22505,"template":"","meta":{"_seopress_robots_primary_cat":"none","_seopress_titles_title":"","_seopress_titles_desc":"","_seopress_robots_index":""},"product_brand":[],"product_cat":[292],"product_tag":[444,438,448,437,441,446,443,440],"class_list":{"0":"post-3456","1":"product","2":"type-product","3":"status-publish","4":"has-post-thumbnail","6":"product_cat-teczki-segregatory","7":"product_tag-firma-biuro","8":"product_tag-hot-stamping","9":"product_tag-konferencje-kursy-szkolenia","10":"product_tag-lakier-uv-selektywny","11":"product_tag-letterpress","12":"product_tag-promowanie","13":"product_tag-sitodruk","14":"product_tag-tloczenie-wypukle","16":"first","17":"instock","18":"taxable","19":"shipping-taxable","20":"purchasable","21":"product-type-simple"},"_links":{"self":[{"href":"https:\/\/printagram.com\/pl\/wp-json\/wp\/v2\/product\/3456","targetHints":{"allow":["GET"]}}],"collection":[{"href":"https:\/\/printagram.com\/pl\/wp-json\/wp\/v2\/product"}],"about":[{"href":"https:\/\/printagram.com\/pl\/wp-json\/wp\/v2\/types\/product"}],"wp:featuredmedia":[{"embeddable":true,"href":"https:\/\/printagram.com\/pl\/wp-json\/wp\/v2\/media\/22505"}],"wp:attachment":[{"href":"https:\/\/printagram.com\/pl\/wp-json\/wp\/v2\/media?parent=3456"}],"wp:term":[{"taxonomy":"product_brand","embeddable":true,"href":"https:\/\/printagram.com\/pl\/wp-json\/wp\/v2\/product_brand?post=3456"},{"taxonomy":"product_cat","embeddable":true,"href":"https:\/\/printagram.com\/pl\/wp-json\/wp\/v2\/product_cat?post=3456"},{"taxonomy":"product_tag","embeddable":true,"href":"https:\/\/printagram.com\/pl\/wp-json\/wp\/v2\/product_tag?post=3456"}],"curies":[{"name":"wp","href":"https:\/\/api.w.org\/{rel}","templated":true}]}}