{"id":3454,"date":"2023-01-02T13:57:44","date_gmt":"2023-01-02T12:57:44","guid":{"rendered":"https:\/\/printagram.com\/produkt\/zaproszenia-karnety-ekskluzywne\/"},"modified":"2025-01-26T19:59:09","modified_gmt":"2025-01-26T18:59:09","slug":"zaproszenia-karnety-ekskluzywne","status":"publish","type":"product","link":"https:\/\/printagram.com\/pl\/produkt\/zaproszenia-karnety-ekskluzywne\/","title":{"rendered":"Zaproszenia karnety ekskluzywne"},"content":{"rendered":"<p><strong>Zaproszenia, kartki \u015bwi\u0105teczne, karty okoliczno\u015bciowe.<\/strong>\u00a0Mog\u0105 by\u0107 sk\u0142adane lub nie. Wszelkiego rodzaju okazje wymagaj\u0105 upami\u0119tnienia ich w wyj\u0105tkowy spos\u00f3b. Mo\u017ce to by\u0107 rocznica urodzin, rocznica powstania firmy, zaproszenie na otwarcie nowego salonu, zaproszenie na urodziny szefa, \u017cyczenia \u015bwi\u0105teczne dla dobrych kontrahent\u00f3w lub cokolwiek o znaczeniu, kt\u00f3rego wag\u0119 chcemy podkre\u015bli\u0107. Oferowane przez nas zaproszenia i kartki \u015bwiateczne to produkty premium przeznaczone dla bardzo wymagaj\u0105cych klient\u00f3w. Z pewno\u015bci\u0105 warto zam\u00f3wi\u0107 ten produkt gdy zale\u017cy Ci na najwy\u017cszej jako\u015bci. Ekskluzywny papier, jako\u015bciowy druk i najlepsze metody uszlachetniania.<\/p>\n","protected":false},"excerpt":{"rendered":"<p>Zaproszenia i kartki \u015bwi\u0105teczne to produkty premium przeznaczone dla bardzo wymagaj\u0105cych klient\u00f3w.<\/p>\n","protected":false},"featured_media":22456,"template":"","meta":{"_seopress_robots_primary_cat":"","_seopress_titles_title":"","_seopress_titles_desc":"","_seopress_robots_index":""},"product_brand":[],"product_cat":[305],"product_tag":[447,438,439,437,441,443,440],"class_list":{"0":"post-3454","1":"product","2":"type-product","3":"status-publish","4":"has-post-thumbnail","6":"product_cat-zaproszenia","7":"product_tag-eventy","8":"product_tag-hot-stamping","9":"product_tag-kaszerowanie","10":"product_tag-lakier-uv-selektywny","11":"product_tag-letterpress","12":"product_tag-sitodruk","13":"product_tag-tloczenie-wypukle","15":"first","16":"instock","17":"taxable","18":"shipping-taxable","19":"purchasable","20":"product-type-simple"},"_links":{"self":[{"href":"https:\/\/printagram.com\/pl\/wp-json\/wp\/v2\/product\/3454","targetHints":{"allow":["GET"]}}],"collection":[{"href":"https:\/\/printagram.com\/pl\/wp-json\/wp\/v2\/product"}],"about":[{"href":"https:\/\/printagram.com\/pl\/wp-json\/wp\/v2\/types\/product"}],"wp:featuredmedia":[{"embeddable":true,"href":"https:\/\/printagram.com\/pl\/wp-json\/wp\/v2\/media\/22456"}],"wp:attachment":[{"href":"https:\/\/printagram.com\/pl\/wp-json\/wp\/v2\/media?parent=3454"}],"wp:term":[{"taxonomy":"product_brand","embeddable":true,"href":"https:\/\/printagram.com\/pl\/wp-json\/wp\/v2\/product_brand?post=3454"},{"taxonomy":"product_cat","embeddable":true,"href":"https:\/\/printagram.com\/pl\/wp-json\/wp\/v2\/product_cat?post=3454"},{"taxonomy":"product_tag","embeddable":true,"href":"https:\/\/printagram.com\/pl\/wp-json\/wp\/v2\/product_tag?post=3454"}],"curies":[{"name":"wp","href":"https:\/\/api.w.org\/{rel}","templated":true}]}}