{"id":3450,"date":"2023-01-02T13:57:32","date_gmt":"2023-01-02T12:57:32","guid":{"rendered":"https:\/\/printagram.com\/produkt\/papier-firmowy-ekskluzywny\/"},"modified":"2025-01-26T19:51:16","modified_gmt":"2025-01-26T18:51:16","slug":"papier-firmowy-ekskluzywny","status":"publish","type":"product","link":"https:\/\/printagram.com\/pl\/produkt\/papier-firmowy-ekskluzywny\/","title":{"rendered":"Papier firmowy ekskluzywny"},"content":{"rendered":"<p><strong>Papier firmowy ekskluzywny na specjanym papierze<\/strong>. M\u0142otkowany papier Tintoretto 140g z tekstur\u0105 marbell. Druk cyfrowy CMYK i najlepsze techniki uszlachetniania. Dzi\u0119ki takiej mieszance sk\u0142adnik\u00f3w i metod produkujemy najlepsz\u0105 papeteri\u0119 firmow\u0105, firmowe blankiety, listowniki czy presti\u017cowy papier kancelaryjny. Elegancki papier firmowy podkre\u015bli status i presti\u017c w\u0142asnej korespondencji w wysy\u0142anych na zewn\u0105trz listach. Pi\u0119kny arkusz z eleganckim b\u0142yszcz\u0105cym lub t\u0142oczonym logo w nag\u0142\u00f3wku &#8211; wobec takiej korespondencji adresaci nie przechodz\u0105 oboj\u0119tnie.<\/p>\n","protected":false},"excerpt":{"rendered":"<p>Korespondencja firmowa na ekskluzywnym papierze Tintoretto gesso lub Tintoretto crema 140g. Druk CMYK plus opcjonalnie hot-stamping i t\u0142oczenie wypuk\u0142e.<\/p>\n","protected":false},"featured_media":20749,"template":"","meta":{"_seopress_robots_primary_cat":"","_seopress_titles_title":"","_seopress_titles_desc":"","_seopress_robots_index":""},"product_brand":[],"product_cat":[299],"product_tag":[444,438,437,440],"class_list":{"0":"post-3450","1":"product","2":"type-product","3":"status-publish","4":"has-post-thumbnail","6":"product_cat-papeteria-papier-koperty","7":"product_tag-firma-biuro","8":"product_tag-hot-stamping","9":"product_tag-lakier-uv-selektywny","10":"product_tag-tloczenie-wypukle","12":"first","13":"instock","14":"taxable","15":"shipping-taxable","16":"purchasable","17":"product-type-simple"},"_links":{"self":[{"href":"https:\/\/printagram.com\/pl\/wp-json\/wp\/v2\/product\/3450","targetHints":{"allow":["GET"]}}],"collection":[{"href":"https:\/\/printagram.com\/pl\/wp-json\/wp\/v2\/product"}],"about":[{"href":"https:\/\/printagram.com\/pl\/wp-json\/wp\/v2\/types\/product"}],"wp:featuredmedia":[{"embeddable":true,"href":"https:\/\/printagram.com\/pl\/wp-json\/wp\/v2\/media\/20749"}],"wp:attachment":[{"href":"https:\/\/printagram.com\/pl\/wp-json\/wp\/v2\/media?parent=3450"}],"wp:term":[{"taxonomy":"product_brand","embeddable":true,"href":"https:\/\/printagram.com\/pl\/wp-json\/wp\/v2\/product_brand?post=3450"},{"taxonomy":"product_cat","embeddable":true,"href":"https:\/\/printagram.com\/pl\/wp-json\/wp\/v2\/product_cat?post=3450"},{"taxonomy":"product_tag","embeddable":true,"href":"https:\/\/printagram.com\/pl\/wp-json\/wp\/v2\/product_tag?post=3450"}],"curies":[{"name":"wp","href":"https:\/\/api.w.org\/{rel}","templated":true}]}}