{"id":34200,"date":"2024-04-01T23:27:32","date_gmt":"2024-04-01T21:27:32","guid":{"rendered":"https:\/\/printagram.com\/produkt\/probki-produktow-na-zyczenie-copy\/"},"modified":"2024-12-29T21:36:15","modified_gmt":"2024-12-29T20:36:15","slug":"zestaw-probek-wizytowek-zloconych-wypuklych","status":"publish","type":"product","link":"https:\/\/printagram.com\/pl\/produkt\/zestaw-probek-wizytowek-zloconych-wypuklych\/","title":{"rendered":"Zestaw pr\u00f3bek wizyt\u00f3wek z\u0142oconych wypuk\u0142ych"},"content":{"rendered":"<p>Jesli zastanawiasz si\u0119 nad tym czy warto zam\u00f3wi\u0107 wizyt\u00f3wki lub inne produkty z\u0142ocone &#8211; to mo\u017cemy dla Ciebie przygotowa\u0107 zestaw r\u00f3\u017cnych produkt\u00f3w ze z\u0142oceniem wypuk\u0142ym. Dzi\u0119ki temu zobaczysz i dotkniesz wydruki &#8211; ko\u0144cowe rezultaty zaprojektowanych i wykonanych produkt\u00f3w dla naszych klient\u00f3w. B\u0119d\u0105 to pr\u00f3bki z wykonanych wcze\u015bniej innych prac.<\/p>\n<p>Napisz w komentarzu do zam\u00f3wienia jakie probki chcesz otrzyma\u0107. Mo\u017cesz zasugerowa\u0107 interesuj\u0105c\u0105 Ci\u0119 kolorystyk\u0119 i rodzaje po\u0142acze\u0144.<\/p>\n","protected":false},"excerpt":{"rendered":"<p>Zestaw oko\u0142o 10-20 wizyt\u00f3wek wykonanych technik\u0105 z\u0142ocenia wypuk\u0142ego. Opisz jaka kolorystyka i rodzaj Ci\u0119 interesuje w komentarzu.<\/p>\n","protected":false},"featured_media":34199,"template":"","meta":{"_seopress_robots_primary_cat":"none","_seopress_titles_title":"","_seopress_titles_desc":"","_seopress_robots_index":""},"product_brand":[],"product_cat":[436],"product_tag":[],"class_list":{"0":"post-34200","1":"product","2":"type-product","3":"status-publish","4":"has-post-thumbnail","6":"product_cat-probki","7":"product_shipping_class-probki-plaskie","9":"first","10":"instock","11":"taxable","12":"shipping-taxable","13":"purchasable","14":"product-type-simple"},"_links":{"self":[{"href":"https:\/\/printagram.com\/pl\/wp-json\/wp\/v2\/product\/34200","targetHints":{"allow":["GET"]}}],"collection":[{"href":"https:\/\/printagram.com\/pl\/wp-json\/wp\/v2\/product"}],"about":[{"href":"https:\/\/printagram.com\/pl\/wp-json\/wp\/v2\/types\/product"}],"wp:featuredmedia":[{"embeddable":true,"href":"https:\/\/printagram.com\/pl\/wp-json\/wp\/v2\/media\/34199"}],"wp:attachment":[{"href":"https:\/\/printagram.com\/pl\/wp-json\/wp\/v2\/media?parent=34200"}],"wp:term":[{"taxonomy":"product_brand","embeddable":true,"href":"https:\/\/printagram.com\/pl\/wp-json\/wp\/v2\/product_brand?post=34200"},{"taxonomy":"product_cat","embeddable":true,"href":"https:\/\/printagram.com\/pl\/wp-json\/wp\/v2\/product_cat?post=34200"},{"taxonomy":"product_tag","embeddable":true,"href":"https:\/\/printagram.com\/pl\/wp-json\/wp\/v2\/product_tag?post=34200"}],"curies":[{"name":"wp","href":"https:\/\/api.w.org\/{rel}","templated":true}]}}