{"id":30976,"date":"2023-10-12T15:43:03","date_gmt":"2023-10-12T13:43:03","guid":{"rendered":"https:\/\/printagram.com\/produkt\/probki-papieru-copy\/"},"modified":"2024-12-29T21:36:15","modified_gmt":"2024-12-29T20:36:15","slug":"probki-produktow-na-zyczenie","status":"publish","type":"product","link":"https:\/\/printagram.com\/pl\/produkt\/probki-produktow-na-zyczenie\/","title":{"rendered":"Pr\u00f3bki produkt\u00f3w na \u017cyczenie"},"content":{"rendered":"<p>Zastan\u00f3w si\u0119 jakiego rodzaju produkty Ci\u0119 interesuj\u0105 aby otrzyma\u0107 najbardziej przydatne pr\u00f3bki. Aby by\u0142y to warto\u015bciowe pr\u00f3bki spr\u00f3buj okre\u015bli\u0107 kolorystyk\u0119, rodzaj papieru i techniki kt\u00f3re chcesz zobaczy\u0107. Dzi\u0119ki temu otrzymasz przyk\u0142ady, kt\u00f3re b\u0119d\u0105 najbardziej zbli\u017cone do interesuj\u0105cych Ci\u0119 produkt\u00f3w jakie zamierzasz zam\u00f3wi\u0107. B\u0119d\u0105 to pr\u00f3bki z wykonanych wcze\u015bniej prac dla innych naszych klient\u00f3w.<\/p>\n<p>Napisz w komentarzu do zam\u00f3wienia jakie probki chcesz otrzyma\u0107. Postaramy si\u0119 przygotowa\u0107 i wys\u0142a\u0107 do 5 najbardziej reprezentatywnych przyk\u0142ad\u00f3w tego co Ci\u0119 interesuje.<\/p>\n","protected":false},"excerpt":{"rendered":"<p>Pr\u00f3bki produkt\u00f3w obrazuj\u0105ce surowce i techniki, kt\u00f3rymi jeste\u015b zainteresowany. Opisz je w komentarzu a my przygotujemy i wy\u015blemy do 5 szuk takich przyk\u0142ad\u00f3w.<\/p>\n","protected":false},"featured_media":34194,"template":"","meta":{"_seopress_robots_primary_cat":"none","_seopress_titles_title":"","_seopress_titles_desc":"","_seopress_robots_index":""},"product_brand":[],"product_cat":[436],"product_tag":[],"class_list":{"0":"post-30976","1":"product","2":"type-product","3":"status-publish","4":"has-post-thumbnail","6":"product_cat-probki","7":"product_shipping_class-probki-plaskie","9":"first","10":"instock","11":"taxable","12":"shipping-taxable","13":"purchasable","14":"product-type-simple"},"_links":{"self":[{"href":"https:\/\/printagram.com\/pl\/wp-json\/wp\/v2\/product\/30976","targetHints":{"allow":["GET"]}}],"collection":[{"href":"https:\/\/printagram.com\/pl\/wp-json\/wp\/v2\/product"}],"about":[{"href":"https:\/\/printagram.com\/pl\/wp-json\/wp\/v2\/types\/product"}],"wp:featuredmedia":[{"embeddable":true,"href":"https:\/\/printagram.com\/pl\/wp-json\/wp\/v2\/media\/34194"}],"wp:attachment":[{"href":"https:\/\/printagram.com\/pl\/wp-json\/wp\/v2\/media?parent=30976"}],"wp:term":[{"taxonomy":"product_brand","embeddable":true,"href":"https:\/\/printagram.com\/pl\/wp-json\/wp\/v2\/product_brand?post=30976"},{"taxonomy":"product_cat","embeddable":true,"href":"https:\/\/printagram.com\/pl\/wp-json\/wp\/v2\/product_cat?post=30976"},{"taxonomy":"product_tag","embeddable":true,"href":"https:\/\/printagram.com\/pl\/wp-json\/wp\/v2\/product_tag?post=30976"}],"curies":[{"name":"wp","href":"https:\/\/api.w.org\/{rel}","templated":true}]}}