{"id":30971,"date":"2023-10-12T15:18:02","date_gmt":"2023-10-12T13:18:02","guid":{"rendered":"https:\/\/printagram.com\/produkt\/probki-papieru-copy\/"},"modified":"2025-09-19T23:42:30","modified_gmt":"2025-09-19T21:42:30","slug":"probki-kilku-wybranych-papierow","status":"publish","type":"product","link":"https:\/\/printagram.com\/pl\/produkt\/probki-kilku-wybranych-papierow\/","title":{"rendered":"Pr\u00f3bki kilku wybranych papier\u00f3w ozdobnych"},"content":{"rendered":"<p>Nie jeste\u015b zdecydowany jaki papier wybra\u0107? Zam\u00f3w pr\u00f3bki.<br \/>\nWybierz kilka, kt\u00f3re chcesz zobaczy\u0107, dotkn\u0105\u0107 i sprawdzi\u0107 przed z\u0142o\u017ceniem ostatecznego zam\u00f3wienia na ekskluzywny produkt.<br \/>\nJe\u015bli nie jeste\u015b pewien kt\u00f3ry z papier\u00f3w b\u0119dzie najlepszy dla Twoich cel\u00f3w, to zam\u00f3w sobie pr\u00f3bki. Mo\u017cesz okre\u015bli\u0107 kt\u00f3re papiery chcia\u0142by\u015b sprawdzi\u0107 &#8220;na \u017cywo&#8221; i napisa\u0107 w komentarzu. Wybierz do 5 r\u00f3\u017cnych pr\u00f3bek spo\u015br\u00f3d ca\u0142ego dost\u0119pnego u nas asortymentu. Przygotujemy je dla Ciebie i wy\u015blemy.<\/p>\n","protected":false},"excerpt":{"rendered":"<ol>\n<li>Zestaw 5 dowolnych wybranych pr\u00f3bek papier\u00f3w ozdobnych.<\/li>\n<\/ol>\n","protected":false},"featured_media":34196,"template":"","meta":{"_seopress_robots_primary_cat":"none","_seopress_titles_title":"","_seopress_titles_desc":"","_seopress_robots_index":""},"product_brand":[],"product_cat":[436],"product_tag":[],"class_list":{"0":"post-30971","1":"product","2":"type-product","3":"status-publish","4":"has-post-thumbnail","6":"product_cat-probki","7":"product_shipping_class-probki-plaskie","9":"first","10":"instock","11":"taxable","12":"shipping-taxable","13":"purchasable","14":"product-type-simple"},"_links":{"self":[{"href":"https:\/\/printagram.com\/pl\/wp-json\/wp\/v2\/product\/30971","targetHints":{"allow":["GET"]}}],"collection":[{"href":"https:\/\/printagram.com\/pl\/wp-json\/wp\/v2\/product"}],"about":[{"href":"https:\/\/printagram.com\/pl\/wp-json\/wp\/v2\/types\/product"}],"wp:featuredmedia":[{"embeddable":true,"href":"https:\/\/printagram.com\/pl\/wp-json\/wp\/v2\/media\/34196"}],"wp:attachment":[{"href":"https:\/\/printagram.com\/pl\/wp-json\/wp\/v2\/media?parent=30971"}],"wp:term":[{"taxonomy":"product_brand","embeddable":true,"href":"https:\/\/printagram.com\/pl\/wp-json\/wp\/v2\/product_brand?post=30971"},{"taxonomy":"product_cat","embeddable":true,"href":"https:\/\/printagram.com\/pl\/wp-json\/wp\/v2\/product_cat?post=30971"},{"taxonomy":"product_tag","embeddable":true,"href":"https:\/\/printagram.com\/pl\/wp-json\/wp\/v2\/product_tag?post=30971"}],"curies":[{"name":"wp","href":"https:\/\/api.w.org\/{rel}","templated":true}]}}