{"id":30967,"date":"2023-10-12T14:49:49","date_gmt":"2023-10-12T12:49:49","guid":{"rendered":"https:\/\/printagram.com\/produkt\/projekt-graficzny-copy\/"},"modified":"2025-03-27T12:52:23","modified_gmt":"2025-03-27T11:52:23","slug":"probki-papieru","status":"publish","type":"product","link":"https:\/\/printagram.com\/pl\/produkt\/probki-papieru\/","title":{"rendered":"Pr\u00f3bnik papier\u00f3w ozdobnych"},"content":{"rendered":"<p>Nie jeste\u015b zdecydowany jaki papier wybra\u0107? Zam\u00f3w zestaw pr\u00f3bek papieru!<\/p>\n<p>Pe\u0142ny zestaw u\u017cywanych przez nas papier\u00f3w ozdobnych. Pr\u00f3bki pogrupowane s\u0105 wed\u0142ug rodzaj\u00f3w. Po\u0142\u0105czone w stosiki. Pr\u00f3bki nie maj\u0105 naszych oznakowa\u0144, wi\u0119c mo\u017cna swobodnie prezentowa\u0107 klientom i podwykonawcom. Bezcenne narz\u0119dzie dla reseller\u00f3w i agencji reklamowych.<\/p>\n","protected":false},"excerpt":{"rendered":"<p>Pe\u0142ny zestaw papier\u00f3w ozdobnych pogrupowanych wed\u0142ug rodzaj\u00f3w i po\u0142\u0105czonych w stosiki.<\/p>\n","protected":false},"featured_media":34191,"template":"","meta":{"_seopress_robots_primary_cat":"none","_seopress_titles_title":"","_seopress_titles_desc":"","_seopress_robots_index":""},"product_brand":[],"product_cat":[436],"product_tag":[],"class_list":{"0":"post-30967","1":"product","2":"type-product","3":"status-publish","4":"has-post-thumbnail","6":"product_cat-probki","7":"product_shipping_class-lekkie","9":"first","10":"outofstock","11":"taxable","12":"shipping-taxable","13":"purchasable","14":"product-type-simple"},"_links":{"self":[{"href":"https:\/\/printagram.com\/pl\/wp-json\/wp\/v2\/product\/30967","targetHints":{"allow":["GET"]}}],"collection":[{"href":"https:\/\/printagram.com\/pl\/wp-json\/wp\/v2\/product"}],"about":[{"href":"https:\/\/printagram.com\/pl\/wp-json\/wp\/v2\/types\/product"}],"wp:featuredmedia":[{"embeddable":true,"href":"https:\/\/printagram.com\/pl\/wp-json\/wp\/v2\/media\/34191"}],"wp:attachment":[{"href":"https:\/\/printagram.com\/pl\/wp-json\/wp\/v2\/media?parent=30967"}],"wp:term":[{"taxonomy":"product_brand","embeddable":true,"href":"https:\/\/printagram.com\/pl\/wp-json\/wp\/v2\/product_brand?post=30967"},{"taxonomy":"product_cat","embeddable":true,"href":"https:\/\/printagram.com\/pl\/wp-json\/wp\/v2\/product_cat?post=30967"},{"taxonomy":"product_tag","embeddable":true,"href":"https:\/\/printagram.com\/pl\/wp-json\/wp\/v2\/product_tag?post=30967"}],"curies":[{"name":"wp","href":"https:\/\/api.w.org\/{rel}","templated":true}]}}