{"id":30564,"date":"2023-10-01T21:59:17","date_gmt":"2023-10-01T19:59:17","guid":{"rendered":"https:\/\/printagram.com\/produkt\/metki-zawieszki-ekskluzywne-konfigurator-copy\/"},"modified":"2026-01-10T19:08:47","modified_gmt":"2026-01-10T18:08:47","slug":"vouchery-ekskluzywne-konfigurator","status":"publish","type":"product","link":"https:\/\/printagram.com\/pl\/produkt\/vouchery-ekskluzywne-konfigurator\/","title":{"rendered":"Vouchery ekskluzywne &#8211; konfigurator"},"content":{"rendered":"<p><strong>Karty podarunkowe, bony podarunkowe, vouchery<\/strong> bywaj\u0105 nieuniknionym elementem w marketingowych strategiach i kampaniach. Wyj\u0105tkowe towary i cenne us\u0142ugi mo\u017cna oferowa\u0107 klientom w formie karty, bonu lub vouchera. Klient sam mo\u017ce zdecydowa\u0107 w kt\u00f3rym momencie zrealizuje przyznany mu prezent, nagrod\u0119 lub wykupion\u0105 uprzednio us\u0142ug\u0119. Oferowane przez nas produkty przeznaczone s\u0105 dla wymagaj\u0105cych klient\u00f3w i najcz\u0119\u015bciej s\u0142u\u017c\u0105 do marketingowego wsparcia produkt\u00f3w lub us\u0142ug z sektora premium. Ekskluzywny papier, jako\u015bciowy druk i najlepsze metody uszlachetniania to luksusowa alternatywa dla Twojego marketingu lub programu lojalno\u015bciowego.<\/p>\n<h5>Techniki druku<\/h5>\n<p>Mo\u017cna stosowa\u0107 techniki druku i uszlachetniania takie jak kaszerowanie (\u0142\u0105czenie papier\u00f3w), sitodruk, druk cyfrowy, lakier UV, hot-stamping, letterpress (t\u0142oczenie wkl\u0119s\u0142e) i t\u0142oczenie wypuk\u0142e. Wi\u0119cej informacji mo\u017cesz znale\u017a\u0107 na stronie o <a href=\"\/pl\/druk-i-uszlachetnienia\/\">technikach druku i uszlachetniania<\/a>.<\/p>\n<h5>Papiery<\/h5>\n<p>Mo\u017cna dobra\u0107 dowolny papier z kt\u00f3rych ma si\u0119 sk\u0142ada\u0107 voucher. \u0141\u0105czenie warstw papieru (kaszerowanie) wykonujemy za pomoc\u0105 typowego kleju. Nie mo\u017cna ich rozdzieli\u0107 bez zniszczenia.<\/p>\n<p>Dobrze si\u0119 sprawdza w promowaniu nowych us\u0142ug dla dotychczasowych klient\u00f3w, kt\u00f3rzy by\u0107 mo\u017ce nigdy nie zdecydowaliby si\u0119 na wydanie dodatkowych pieni\u0119dzy.<\/p>\n","protected":false},"excerpt":{"rendered":"<p>Vouchery upominkowe lub prezentowe. Mo\u017cesz uzy\u0107 wszystkich dost\u0119pnych technik druku i uszlachetnie\u0144 takich jak kaszerowanie, t\u0142oczenia wypuk\u0142e i wkl\u0119s\u0142e, hot-stamping, lakier UV.<\/p>\n","protected":false},"featured_media":22516,"template":"","meta":{"_seopress_robots_primary_cat":"none","_seopress_titles_title":"","_seopress_titles_desc":"","_seopress_robots_index":""},"product_brand":[],"product_cat":[280],"product_tag":[447,438,439,437,441,446,443,445,440],"class_list":{"0":"post-30564","1":"product","2":"type-product","3":"status-publish","4":"has-post-thumbnail","6":"product_cat-vouchery-bony","7":"product_tag-eventy","8":"product_tag-hot-stamping","9":"product_tag-kaszerowanie","10":"product_tag-lakier-uv-selektywny","11":"product_tag-letterpress","12":"product_tag-promowanie","13":"product_tag-sitodruk","14":"product_tag-sprzedaz-handel","15":"product_tag-tloczenie-wypukle","17":"first","18":"instock","19":"taxable","20":"shipping-taxable","21":"purchasable","22":"product-type-simple"},"_links":{"self":[{"href":"https:\/\/printagram.com\/pl\/wp-json\/wp\/v2\/product\/30564","targetHints":{"allow":["GET"]}}],"collection":[{"href":"https:\/\/printagram.com\/pl\/wp-json\/wp\/v2\/product"}],"about":[{"href":"https:\/\/printagram.com\/pl\/wp-json\/wp\/v2\/types\/product"}],"wp:featuredmedia":[{"embeddable":true,"href":"https:\/\/printagram.com\/pl\/wp-json\/wp\/v2\/media\/22516"}],"wp:attachment":[{"href":"https:\/\/printagram.com\/pl\/wp-json\/wp\/v2\/media?parent=30564"}],"wp:term":[{"taxonomy":"product_brand","embeddable":true,"href":"https:\/\/printagram.com\/pl\/wp-json\/wp\/v2\/product_brand?post=30564"},{"taxonomy":"product_cat","embeddable":true,"href":"https:\/\/printagram.com\/pl\/wp-json\/wp\/v2\/product_cat?post=30564"},{"taxonomy":"product_tag","embeddable":true,"href":"https:\/\/printagram.com\/pl\/wp-json\/wp\/v2\/product_tag?post=30564"}],"curies":[{"name":"wp","href":"https:\/\/api.w.org\/{rel}","templated":true}]}}