{"id":30546,"date":"2023-10-01T14:43:13","date_gmt":"2023-10-01T12:43:13","guid":{"rendered":"https:\/\/printagram.com\/produkt\/teczki-firmowe-ekskluzywne-copy\/"},"modified":"2025-01-26T19:29:28","modified_gmt":"2025-01-26T18:29:28","slug":"metki-zawieszki-ekskluzywne-konfigurator","status":"publish","type":"product","link":"https:\/\/printagram.com\/pl\/produkt\/metki-zawieszki-ekskluzywne-konfigurator\/","title":{"rendered":"Metki zawieszki ekskluzywne &#8211; konfigurator"},"content":{"rendered":"<div class=\"row\">\n<div class=\"col-12 card description-text shadow-none bg-transparent\">\n<div class=\"card-body pt-0 pb-0\">\n<p><strong>Ekskluzywne metki, etykietki, zawieszki, tagi.<\/strong> Wyj\u0105tkowe produkty wymagaj\u0105 wyj\u0105tkowego oznaczenia. Produkuj\u0105c warto\u015bciowe i drogie rzeczy nale\u017cy je w\u0142a\u015bciwie ometkowa\u0107. Zawieszka musi by\u0107 wyj\u0105tkowa i podkre\u015bla\u0107 warto\u015b\u0107 produktu na kt\u00f3rym si\u0119 znajduje. Zastosowanie mo\u017ce by\u0107 bardzo r\u00f3\u017cnorodne: metki do odzie\u017cy luksusowej, metki do tekstyli\u00f3w projektowanych i wykonywanych r\u0119cznie w niewielkich lub pojedynczych seriach, mog\u0105 to by\u0107 zawieszki dla produkt\u00f3w premium itp. Na metkach mo\u017cna stosowa\u0107 wszystkie mo\u017cliwe rodzaje druku i uszlachetnie\u0144. Same metki mog\u0105 by\u0107 kaszerowane, czyli sk\u0142ada\u0107 si\u0119 z kilku warstw papier\u00f3w ozdobnych. Metka mo\u017ce by\u0107 bardzo gruba. Mo\u017ce by\u0107 ze specjalnego papieru bawe\u0142nianego. Metka mo\u017ce mie\u0107 w\u0142asny kszta\u0142t zaprojektowany specjalnie dla niej. Dziurka metki mo\u017ce by\u0107 ma\u0142a lub du\u017ca, mo\u017ce by\u0107 tak\u017ce oczkowana, czyli zaprawiona metalowym oczkiem.<\/p>\n<h5>Techniki druku<\/h5>\n<p>Mo\u017cna stosowa\u0107 techniki druku i uszlachetniania takie jak sitodruk, lakier UV, hot-stamping, letterpress (t\u0142oczenie wkl\u0119s\u0142e) i t\u0142oczenie wypuk\u0142e, kt\u00f3rego nie wida\u0107 na drugiej stronie. Wi\u0119cej informacji mo\u017cesz znale\u017a\u0107 na stronie o <a href=\"\/pl\/druk-i-uszlachetnienia\/\">technikach druku i uszlachetniania<\/a>.<\/p>\n<h5>Papiery<\/h5>\n<p>Mo\u017cna dobra\u0107 dowolny papier z kt\u00f3rych ma si\u0119 sk\u0142ada\u0107 metka. \u0141\u0105czenie warstw papieru (kaszerowanie) wykonujemy za pomoc\u0105 typowego kleju. Nie mo\u017cna ich rozdzieli\u0107 bez zniszczenia.<\/p>\n<\/div>\n<\/div>\n<\/div>\n","protected":false},"excerpt":{"rendered":"<p>Wyj\u0105tkowe produkty wymagaj\u0105 wyj\u0105tkowego oznaczenia. Na metkach mo\u017cna stosowa\u0107 wszystkie techniki druku i uszlachetnie\u0144 takie jak kaszerowanie, t\u0142oczenia wypuk\u0142e i wkl\u0119s\u0142e, hot-stamping, lakier UV.<\/p>\n","protected":false},"featured_media":30553,"template":"","meta":{"_seopress_robots_primary_cat":"","_seopress_titles_title":"","_seopress_titles_desc":"","_seopress_robots_index":""},"product_brand":[],"product_cat":[289],"product_tag":[438,439,437,441,449,446,443,445,440,442],"class_list":{"0":"post-30546","1":"product","2":"type-product","3":"status-publish","4":"has-post-thumbnail","6":"product_cat-metki-zawieszki","7":"product_tag-hot-stamping","8":"product_tag-kaszerowanie","9":"product_tag-lakier-uv-selektywny","10":"product_tag-letterpress","11":"product_tag-produkcja","12":"product_tag-promowanie","13":"product_tag-sitodruk","14":"product_tag-sprzedaz-handel","15":"product_tag-tloczenie-wypukle","16":"product_tag-zlote-krawedzie","18":"first","19":"instock","20":"taxable","21":"shipping-taxable","22":"purchasable","23":"product-type-simple"},"_links":{"self":[{"href":"https:\/\/printagram.com\/pl\/wp-json\/wp\/v2\/product\/30546","targetHints":{"allow":["GET"]}}],"collection":[{"href":"https:\/\/printagram.com\/pl\/wp-json\/wp\/v2\/product"}],"about":[{"href":"https:\/\/printagram.com\/pl\/wp-json\/wp\/v2\/types\/product"}],"wp:featuredmedia":[{"embeddable":true,"href":"https:\/\/printagram.com\/pl\/wp-json\/wp\/v2\/media\/30553"}],"wp:attachment":[{"href":"https:\/\/printagram.com\/pl\/wp-json\/wp\/v2\/media?parent=30546"}],"wp:term":[{"taxonomy":"product_brand","embeddable":true,"href":"https:\/\/printagram.com\/pl\/wp-json\/wp\/v2\/product_brand?post=30546"},{"taxonomy":"product_cat","embeddable":true,"href":"https:\/\/printagram.com\/pl\/wp-json\/wp\/v2\/product_cat?post=30546"},{"taxonomy":"product_tag","embeddable":true,"href":"https:\/\/printagram.com\/pl\/wp-json\/wp\/v2\/product_tag?post=30546"}],"curies":[{"name":"wp","href":"https:\/\/api.w.org\/{rel}","templated":true}]}}