{"id":27868,"date":"2023-05-26T10:56:40","date_gmt":"2023-05-26T08:56:40","guid":{"rendered":"https:\/\/printagram.com\/produkt\/voucher-wypukle-zlocenie-folia-soft-touch-2014-niebieska-nieskonczonosc-copy-copy\/"},"modified":"2026-02-12T12:48:47","modified_gmt":"2026-02-12T11:48:47","slug":"voucher-dwie-warstwy-malmero-cedre-sitodruk-tloczenie-2016-voucher-jaki-jest-kazdy-widzi","status":"publish","type":"product","link":"https:\/\/printagram.com\/pl\/produkt\/voucher-dwie-warstwy-malmero-cedre-sitodruk-tloczenie-2016-voucher-jaki-jest-kazdy-widzi\/","title":{"rendered":"Vouchery t\u0142oczone \u201eVoucher, jaki jest, ka\u017cdy widzi&#8221; #2016"},"content":{"rendered":"<p>Vouchery upominkowe lub prezentowe to \u015bwietne narz\u0119dzie, dzi\u0119ki kt\u00f3remu \u0142atwo zach\u0119ci\u0107 klient\u00f3w do skorzystania z us\u0142ug firmy.<br \/>\n<strong><i>Vouchery kaszerowane<\/i><\/strong> z\u0142o\u017cone s\u0105 z wi\u0119cej ni\u017c jednej warstwy papieru. Ich podstawow\u0105 cech\u0105 jest to, \u017ce s\u0105 grubsze ni\u017c standardowe vouchery.<br \/>\n<strong><i>T\u0142oczenie<\/i><\/strong> to uwypuklenie dowolnego elementu indywidualnie przygotowan\u0105 matryc\u0105. Mo\u017ce to by\u0107 logo, tekst, ornament itd.<br \/>\n<p>Wi\u0119cej informacji mo\u017cesz znale\u017a\u0107 na stronie o <a href=\"\/pl\/druk-i-uszlachetnienia\/\">technikach druku i uszlachetniania<\/a>.<\/p>\n<p class=\"szukasz\"><strong>Szukasz czego\u015b innego?<\/strong> Je\u015bli chcesz mo\u017cesz skonfigurowa\u0107 w\u0142asne vouchery ekskluzywne z wszystkimi mo\u017cliwymi opcjami i dowolnymi papierami korzystaj\u0105c z <a href=\"\/pl\/produkt\/vouchery-ekskluzywne-konfigurator\/\">konfiguratora voucher\u00f3w ekskluzywnych<\/a>.<\/p>\n<\/p>\n","protected":false},"excerpt":{"rendered":"<p>Voucher kaszerowany 2-warstwowy. Papiery matowe o naturalnej powierzchni z przodu i z ty\u0142u. Nadruk farb\u0105 w dowolnym kolorze z przodu i z ty\u0142u. Opcjonalnie t\u0142oczenie.<\/p>\n","protected":false},"featured_media":26695,"template":"","meta":{"_seopress_robots_primary_cat":"","_seopress_titles_title":"","_seopress_titles_desc":"","_seopress_robots_index":""},"product_brand":[],"product_cat":[538],"product_tag":[447,441,446,443,445,440],"class_list":{"0":"post-27868","1":"product","2":"type-product","3":"status-publish","4":"has-post-thumbnail","6":"product_cat-vouchery-ekskluzywne","7":"product_tag-eventy","8":"product_tag-letterpress","9":"product_tag-promowanie","10":"product_tag-sitodruk","11":"product_tag-sprzedaz-handel","12":"product_tag-tloczenie-wypukle","14":"first","15":"instock","16":"taxable","17":"shipping-taxable","18":"purchasable","19":"product-type-simple"},"_links":{"self":[{"href":"https:\/\/printagram.com\/pl\/wp-json\/wp\/v2\/product\/27868","targetHints":{"allow":["GET"]}}],"collection":[{"href":"https:\/\/printagram.com\/pl\/wp-json\/wp\/v2\/product"}],"about":[{"href":"https:\/\/printagram.com\/pl\/wp-json\/wp\/v2\/types\/product"}],"wp:featuredmedia":[{"embeddable":true,"href":"https:\/\/printagram.com\/pl\/wp-json\/wp\/v2\/media\/26695"}],"wp:attachment":[{"href":"https:\/\/printagram.com\/pl\/wp-json\/wp\/v2\/media?parent=27868"}],"wp:term":[{"taxonomy":"product_brand","embeddable":true,"href":"https:\/\/printagram.com\/pl\/wp-json\/wp\/v2\/product_brand?post=27868"},{"taxonomy":"product_cat","embeddable":true,"href":"https:\/\/printagram.com\/pl\/wp-json\/wp\/v2\/product_cat?post=27868"},{"taxonomy":"product_tag","embeddable":true,"href":"https:\/\/printagram.com\/pl\/wp-json\/wp\/v2\/product_tag?post=27868"}],"curies":[{"name":"wp","href":"https:\/\/api.w.org\/{rel}","templated":true}]}}