{"id":27089,"date":"2023-05-19T15:02:34","date_gmt":"2023-05-19T13:02:34","guid":{"rendered":"https:\/\/printagram.com\/produkt\/wizytowki-zloty-hot-stamping-cmyk-folia-blysk-1045-biznesowy-jackpot-copy\/"},"modified":"2025-12-18T11:44:50","modified_gmt":"2025-12-18T10:44:50","slug":"wizytowki-srebrzenie-wypukle-dwustronne-lakier-uv-soft-touch-1046-sztuka-na-krawedzi","status":"publish","type":"product","link":"https:\/\/printagram.com\/pl\/produkt\/wizytowki-srebrzenie-wypukle-dwustronne-lakier-uv-soft-touch-1046-sztuka-na-krawedzi\/","title":{"rendered":"Wizyt\u00f3wki z wypuk\u0142ym srebrzeniem &#8220;Sztuka na Kraw\u0119dzi&#8221; #1046"},"content":{"rendered":"<p>Wizyt\u00f3wki z efektem metalicznej wypuk\u0142o\u015bci. Dotykaj\u0105c tak\u0105 wizyt\u00f3wk\u0119 ma si\u0119 wra\u017cenie zastygni\u0119tego p\u0142ynnego metalu. Jaskrawe metaliczne kolory wyra\u017anie odbijaj\u0105 \u015bwiat\u0142o i ju\u017c z daleka daj\u0105 wra\u017cenie wypuk\u0142o\u015bci i wyj\u0105tkowo\u015bci.<br \/>\nWizyt\u00f3wki pe\u0142nokolorowe z elementami projektu pokrytymi wypuk\u0142ym przezroczystym lakierem. Lakier UV nadaje blasku wyr\u00f3\u017cnionym na wizyt\u00f3wce elementom (na przyk\u0142ad logo). Pokryte nim obiekty wydaj\u0105 si\u0119 jakby &#8220;namalowane&#8221; g\u0119st\u0105, plastyczn\u0105, b\u0142yszcz\u0105c\u0105 farb\u0105. Promienie \u015bwiat\u0142a odbijaj\u0105c si\u0119 podkre\u015blaj\u0105 wypuk\u0142o\u015b\u0107, kt\u00f3r\u0105 \u0142atwo wyczu\u0107. Przy dotykaniu wyczuwa si\u0119 \u015blisko\u015b\u0107 i g\u0142adko\u015b\u0107 lakieru UV, kt\u00f3ry kontrastuje z aksamitn\u0105 &#8220;mi\u0119kk\u0105&#8221; powierzchni\u0105 papieru pokrytego foli\u0105 soft-touch.<\/p>\n<p class=\"szukasz\"><strong>Szukasz innych opcji?<\/strong> Je\u015bli chcesz mo\u017cesz skonfigurowa\u0107 w\u0142asne wizyt\u00f3wki tego typu z wszystkimi mo\u017cliwymi opcjami korzystaj\u0105c z <a href=\"\/pl\/produkt\/konfigurator-wizytowki-zlocone-i-lakier-uv\/\">konfiguratora wizyt\u00f3wek z\u0142oconych i UV<\/a><\/p>\n<p><h5>Lakierowanie UV wybi\u00f3rcze<\/h5>\n<p>Lakier na\u0142o\u017cony na matow\u0105 powierzchni\u0119 powoduje \u017ce wybrane elementy takie jak logo, grafika, nazwisko itp s\u0105 b\u0142yszcz\u0105ce i \u0142adnie uwydatnione. Mo\u017cna te\u017c utworzy\u0107 nowe elementy graficzne widoczne pod odpowiednim k\u0105tem wzbogacaj\u0105ce projekt. Dzi\u0119ki temu mo\u017cna stosowa\u0107 lakierowane t\u0142a, \"znaki wodne\", desenie, tekstury itp. Wi\u0119cej o samej technice mo\u017cna przeczyta\u0107 w <a href=\"\/pl\/lakier-uv-selektywny\/\">artykule o lakierowaniu UV<\/a>.<\/p>\n<br \/>\n<h5>Z\u0142ocenie wypuk\u0142e<\/h5>\n<p><em>Metaliczna folia wypuk\u0142a<\/em>. Ta technika to bezmatrycowe nak\u0142adanie metalizowanej folii. Przy pomocy bardzo silnych wa\u0142k\u00f3w dociskowych jest nak\u0142adana na ca\u0142\u0105 powierzchni\u0119. Metalizowana folia przylega tylko do wypuk\u0142ego specjalnego materia\u0142u daj\u0105c pi\u0119kny efekt grubej wypuk\u0142ej warstwy z\u0142ota, srebra lub innego koloru. Mo\u017cesz przeczyta\u0107 wiecej o tej technice w <a href=\"\/pl\/metallic-3d-zlocenie\/\">artykule o z\u0142oceniu wypuk\u0142ym<\/a>.<\/p>\n<\/p>\n","protected":false},"excerpt":{"rendered":"<p>Wizyt\u00f3wki o gramaturze 350, pe\u0142nokolorowe, laminowane soft-touch (mi\u0142e w dotyku). Z przodu i z ty\u0142u folia metaliczna wypuk\u0142a w kolorze <em><strong>srebrnym<\/strong><\/em>. Ponadto <em><strong>lakier UV wypuk\u0142y<\/strong><\/em> z przodu. Opcjonalnie r\u00f3wnie\u017c lakier UV z ty\u0142u.<\/p>\n","protected":false},"featured_media":26689,"template":"","meta":{"_seopress_robots_primary_cat":"","_seopress_titles_title":"","_seopress_titles_desc":"","_seopress_robots_index":""},"product_brand":[],"product_cat":[410],"product_tag":[444,448,437,434,446],"class_list":{"0":"post-27089","1":"product","2":"type-product","3":"status-publish","4":"has-post-thumbnail","6":"product_cat-wizytowki-zlocone","7":"product_tag-firma-biuro","8":"product_tag-konferencje-kursy-szkolenia","9":"product_tag-lakier-uv-selektywny","10":"product_tag-metallic-3d-zlocenie","11":"product_tag-promowanie","13":"first","14":"instock","15":"taxable","16":"shipping-taxable","17":"purchasable","18":"product-type-simple"},"_links":{"self":[{"href":"https:\/\/printagram.com\/pl\/wp-json\/wp\/v2\/product\/27089","targetHints":{"allow":["GET"]}}],"collection":[{"href":"https:\/\/printagram.com\/pl\/wp-json\/wp\/v2\/product"}],"about":[{"href":"https:\/\/printagram.com\/pl\/wp-json\/wp\/v2\/types\/product"}],"wp:featuredmedia":[{"embeddable":true,"href":"https:\/\/printagram.com\/pl\/wp-json\/wp\/v2\/media\/26689"}],"wp:attachment":[{"href":"https:\/\/printagram.com\/pl\/wp-json\/wp\/v2\/media?parent=27089"}],"wp:term":[{"taxonomy":"product_brand","embeddable":true,"href":"https:\/\/printagram.com\/pl\/wp-json\/wp\/v2\/product_brand?post=27089"},{"taxonomy":"product_cat","embeddable":true,"href":"https:\/\/printagram.com\/pl\/wp-json\/wp\/v2\/product_cat?post=27089"},{"taxonomy":"product_tag","embeddable":true,"href":"https:\/\/printagram.com\/pl\/wp-json\/wp\/v2\/product_tag?post=27089"}],"curies":[{"name":"wp","href":"https:\/\/api.w.org\/{rel}","templated":true}]}}