{"id":27061,"date":"2023-05-19T11:00:09","date_gmt":"2023-05-19T09:00:09","guid":{"rendered":"https:\/\/printagram.com\/produkt\/wizytowki-dwie-warsty-colorplan-violet-sitodruk-bialy-hot-stamping-die-cut-1044-logo-loco-copy\/"},"modified":"2025-01-26T20:20:54","modified_gmt":"2025-01-26T19:20:54","slug":"wizytowki-zloty-hot-stamping-cmyk-folia-blysk-1045-biznesowy-jackpot","status":"publish","type":"product","link":"https:\/\/printagram.com\/pl\/produkt\/wizytowki-zloty-hot-stamping-cmyk-folia-blysk-1045-biznesowy-jackpot\/","title":{"rendered":"Wizyt\u00f3wki z hot-stampingiem &#8220;Biznesowy Jackpot&#8221; #1045"},"content":{"rendered":"<p><strong><i>Hot-stamping<\/i><\/strong> to t\u0142oczona na gor\u0105co folia idealnie kontrastuj\u0105ca z powierzchni\u0105 wizyt\u00f3wki, tworz\u0105c atrakcyjny efekt wizualny.<br \/>\n<p>Wi\u0119cej informacji mo\u017cesz znale\u017a\u0107 na stronie o <a href=\"\/pl\/category\/technologie\/\">technikach druku i uszlachetniania<\/a>.<\/p>\n<p class=\"szukasz\"><strong>Szukasz czego\u015b innego?<\/strong> Je\u015bli chcesz mo\u017cesz skonfigurowa\u0107 w\u0142asne wizyt\u00f3wki z wszystkimi mo\u017cliwymi opcjami i dowolnymi papierami korzystaj\u0105c z <a href=\"\/pl\/produkt\/wizytowki-ekskluzywne-konfigurator\/\">konfiguratora wizyt\u00f3wek ekskluzywnych<\/a>.<\/p>\n<\/p>\n","protected":false},"excerpt":{"rendered":"<p>Wizyt\u00f3wka na standardowym papierze. Druk pe\u0142nokolorowy CMYK na obu stronach. Laminowanie b\u0142yszcz\u0105ce. Hot-stamping z przodu.<\/p>\n","protected":false},"featured_media":26883,"template":"","meta":{"_seopress_robots_primary_cat":"","_seopress_titles_title":"","_seopress_titles_desc":"","_seopress_robots_index":""},"product_brand":[],"product_cat":[413],"product_tag":[444,438,448,446],"class_list":{"0":"post-27061","1":"product","2":"type-product","3":"status-publish","4":"has-post-thumbnail","6":"product_cat-wizytowki-hot-stamping","7":"product_tag-firma-biuro","8":"product_tag-hot-stamping","9":"product_tag-konferencje-kursy-szkolenia","10":"product_tag-promowanie","12":"first","13":"instock","14":"taxable","15":"shipping-taxable","16":"purchasable","17":"product-type-simple"},"_links":{"self":[{"href":"https:\/\/printagram.com\/pl\/wp-json\/wp\/v2\/product\/27061","targetHints":{"allow":["GET"]}}],"collection":[{"href":"https:\/\/printagram.com\/pl\/wp-json\/wp\/v2\/product"}],"about":[{"href":"https:\/\/printagram.com\/pl\/wp-json\/wp\/v2\/types\/product"}],"wp:featuredmedia":[{"embeddable":true,"href":"https:\/\/printagram.com\/pl\/wp-json\/wp\/v2\/media\/26883"}],"wp:attachment":[{"href":"https:\/\/printagram.com\/pl\/wp-json\/wp\/v2\/media?parent=27061"}],"wp:term":[{"taxonomy":"product_brand","embeddable":true,"href":"https:\/\/printagram.com\/pl\/wp-json\/wp\/v2\/product_brand?post=27061"},{"taxonomy":"product_cat","embeddable":true,"href":"https:\/\/printagram.com\/pl\/wp-json\/wp\/v2\/product_cat?post=27061"},{"taxonomy":"product_tag","embeddable":true,"href":"https:\/\/printagram.com\/pl\/wp-json\/wp\/v2\/product_tag?post=27061"}],"curies":[{"name":"wp","href":"https:\/\/api.w.org\/{rel}","templated":true}]}}