{"id":26788,"date":"2023-05-17T11:46:30","date_gmt":"2023-05-17T09:46:30","guid":{"rendered":"https:\/\/printagram.com\/produkt\/metki-wild-white-sitodruk-zloty-hot-stamping-5006-szczegol-sukcesu-copy\/"},"modified":"2025-02-13T18:03:58","modified_gmt":"2025-02-13T17:03:58","slug":"metki-wild-white-sitodruk-tloczenie-wypukle-5007-wypukle-wariacje","status":"publish","type":"product","link":"https:\/\/printagram.com\/pl\/produkt\/metki-wild-white-sitodruk-tloczenie-wypukle-5007-wypukle-wariacje\/","title":{"rendered":"Zawieszki etykiety t\u0142oczone &#8220;Wypuk\u0142e Wariacje&#8221; #5007"},"content":{"rendered":"<p><strong><i>T\u0142oczenie<\/i><\/strong> to uwypuklenie dowolnego elementu indywidualnie przygotowan\u0105 matryc\u0105. Mo\u017ce to by\u0107 logo, tekst, ornament itd.<br \/>\n<p>Wi\u0119cej informacji mo\u017cesz znale\u017a\u0107 na stronie o <a href=\"\/pl\/druk-i-uszlachetnienia\/\">technikach druku i uszlachetniania<\/a>.<\/p>\n<p class=\"szukasz\"><strong>Szukasz czego\u015b innego?<\/strong> Je\u015bli chcesz mo\u017cesz skonfigurowa\u0107 w\u0142asne metki z wszystkimi mo\u017cliwymi opcjami i dowolnymi papierami korzystaj\u0105c z <a href=\"\/pl\/produkt\/metki-zawieszki-ekskluzywne-konfigurator\/\">konfiguratora metek ekskluzywnych<\/a>.<\/p>\n<\/p>\n","protected":false},"excerpt":{"rendered":"<p>Metka na papierze bawe\u0142nianym Wild white 450g. Z przodu nadruk jednobarwny i opcjonalnie t\u0142oczenie. Opcjonalnie nadruk z ty\u0142u.<\/p>\n","protected":false},"featured_media":26705,"template":"","meta":{"_seopress_robots_primary_cat":"none","_seopress_titles_title":"","_seopress_titles_desc":"","_seopress_robots_index":""},"product_brand":[],"product_cat":[289],"product_tag":[441,449,446,443,445,440],"class_list":{"0":"post-26788","1":"product","2":"type-product","3":"status-publish","4":"has-post-thumbnail","6":"product_cat-metki-zawieszki","7":"product_tag-letterpress","8":"product_tag-produkcja","9":"product_tag-promowanie","10":"product_tag-sitodruk","11":"product_tag-sprzedaz-handel","12":"product_tag-tloczenie-wypukle","14":"first","15":"instock","16":"taxable","17":"shipping-taxable","18":"purchasable","19":"product-type-simple"},"_links":{"self":[{"href":"https:\/\/printagram.com\/pl\/wp-json\/wp\/v2\/product\/26788","targetHints":{"allow":["GET"]}}],"collection":[{"href":"https:\/\/printagram.com\/pl\/wp-json\/wp\/v2\/product"}],"about":[{"href":"https:\/\/printagram.com\/pl\/wp-json\/wp\/v2\/types\/product"}],"wp:featuredmedia":[{"embeddable":true,"href":"https:\/\/printagram.com\/pl\/wp-json\/wp\/v2\/media\/26705"}],"wp:attachment":[{"href":"https:\/\/printagram.com\/pl\/wp-json\/wp\/v2\/media?parent=26788"}],"wp:term":[{"taxonomy":"product_brand","embeddable":true,"href":"https:\/\/printagram.com\/pl\/wp-json\/wp\/v2\/product_brand?post=26788"},{"taxonomy":"product_cat","embeddable":true,"href":"https:\/\/printagram.com\/pl\/wp-json\/wp\/v2\/product_cat?post=26788"},{"taxonomy":"product_tag","embeddable":true,"href":"https:\/\/printagram.com\/pl\/wp-json\/wp\/v2\/product_tag?post=26788"}],"curies":[{"name":"wp","href":"https:\/\/api.w.org\/{rel}","templated":true}]}}