{"id":26774,"date":"2023-05-17T11:09:25","date_gmt":"2023-05-17T09:09:25","guid":{"rendered":"https:\/\/printagram.com\/produkt\/metki-sirio-pearl-oyster-shell-zloty-hot-stamping-5005-szafiarski-luksus-copy\/"},"modified":"2025-01-26T19:44:16","modified_gmt":"2025-01-26T18:44:16","slug":"metki-wild-white-sitodruk-zloty-hot-stamping-5006-szczegol-sukcesu","status":"publish","type":"product","link":"https:\/\/printagram.com\/pl\/produkt\/metki-wild-white-sitodruk-zloty-hot-stamping-5006-szczegol-sukcesu\/","title":{"rendered":"Zawieszki ze z\u0142otym hot-stampingiem&#8221;Szczeg\u00f3\u0142 Sukcesu&#8221; #5006"},"content":{"rendered":"<p><strong><i>Hot-stamping<\/i><\/strong> to t\u0142oczona na gor\u0105co folia idealnie kontrastuj\u0105ca z powierzchni\u0105 metki, tworz\u0105c atrakcyjny efekt wizualny.<br \/>\n<strong><i>T\u0142oczenie<\/i><\/strong> to uwypuklenie dowolnego elementu indywidualnie przygotowan\u0105 matryc\u0105. Mo\u017ce to by\u0107 logo, tekst, ornament itd.<br \/>\n<p>Wi\u0119cej informacji mo\u017cesz znale\u017a\u0107 na stronie o <a href=\"\/pl\/druk-i-uszlachetnienia\/\">technikach druku i uszlachetniania<\/a>.<\/p>\n<p class=\"szukasz\"><strong>Szukasz czego\u015b innego?<\/strong> Je\u015bli chcesz mo\u017cesz skonfigurowa\u0107 w\u0142asne metki z wszystkimi mo\u017cliwymi opcjami i dowolnymi papierami korzystaj\u0105c z <a href=\"\/pl\/produkt\/metki-zawieszki-ekskluzywne-konfigurator\/\">konfiguratora metek ekskluzywnych<\/a>.<\/p>\n<\/p>\n","protected":false},"excerpt":{"rendered":"<p>Metka na papierze bawe\u0142nianym Wild white 450g. Hot-stamping w dowolnym kolorze na przodzie. Nadruk jednobarwny z przodu. Opcjonalnie nadruk z ty\u0142u. Opcjonalnie t\u0142oczenie z przodu.<\/p>\n","protected":false},"featured_media":26700,"template":"","meta":{"_seopress_robots_primary_cat":"","_seopress_titles_title":"","_seopress_titles_desc":"","_seopress_robots_index":""},"product_brand":[],"product_cat":[289],"product_tag":[438,441,449,446,443,445,440],"class_list":{"0":"post-26774","1":"product","2":"type-product","3":"status-publish","4":"has-post-thumbnail","6":"product_cat-metki-zawieszki","7":"product_tag-hot-stamping","8":"product_tag-letterpress","9":"product_tag-produkcja","10":"product_tag-promowanie","11":"product_tag-sitodruk","12":"product_tag-sprzedaz-handel","13":"product_tag-tloczenie-wypukle","15":"first","16":"instock","17":"taxable","18":"shipping-taxable","19":"purchasable","20":"product-type-simple"},"_links":{"self":[{"href":"https:\/\/printagram.com\/pl\/wp-json\/wp\/v2\/product\/26774","targetHints":{"allow":["GET"]}}],"collection":[{"href":"https:\/\/printagram.com\/pl\/wp-json\/wp\/v2\/product"}],"about":[{"href":"https:\/\/printagram.com\/pl\/wp-json\/wp\/v2\/types\/product"}],"wp:featuredmedia":[{"embeddable":true,"href":"https:\/\/printagram.com\/pl\/wp-json\/wp\/v2\/media\/26700"}],"wp:attachment":[{"href":"https:\/\/printagram.com\/pl\/wp-json\/wp\/v2\/media?parent=26774"}],"wp:term":[{"taxonomy":"product_brand","embeddable":true,"href":"https:\/\/printagram.com\/pl\/wp-json\/wp\/v2\/product_brand?post=26774"},{"taxonomy":"product_cat","embeddable":true,"href":"https:\/\/printagram.com\/pl\/wp-json\/wp\/v2\/product_cat?post=26774"},{"taxonomy":"product_tag","embeddable":true,"href":"https:\/\/printagram.com\/pl\/wp-json\/wp\/v2\/product_tag?post=26774"}],"curies":[{"name":"wp","href":"https:\/\/api.w.org\/{rel}","templated":true}]}}