{"id":25744,"date":"2023-05-12T13:06:12","date_gmt":"2023-05-12T11:06:12","guid":{"rendered":"https:\/\/printagram.com\/produkt\/koperty-dl-planet-eco-birch-zloty-hot-stamping-3012-ziemia-i-zloto-copy\/"},"modified":"2025-01-26T19:49:50","modified_gmt":"2025-01-26T18:49:50","slug":"koperty-sirio-color-black-srebrny-i-zloty-hot-stamping-3014-czarne-i-blyszczace","status":"publish","type":"product","link":"https:\/\/printagram.com\/pl\/produkt\/koperty-sirio-color-black-srebrny-i-zloty-hot-stamping-3014-czarne-i-blyszczace\/","title":{"rendered":"Koperty ekskluzywne &#8220;Czarne i B\u0142yszcz\u0105ce&#8221; #3014"},"content":{"rendered":"<p><strong>Koperty ekskluzywne na papierze ozdobnym<\/strong>. Ekskluzywny papier, jako\u015bciowy druk i najlepsze metody uszlachetniania sprawi\u0105, \u017ce b\u0119dziesz mie\u0107 najbardziej luksusowe koperty dla swojej korespondencji, zaprosze\u0144, voucher\u00f3w, bon\u00f3w lub do przekazania innych warto\u015bciowych upomink\u00f3w. Kilka gotowych popularnych format\u00f3w, takich jak DL, C6, C5, ale r\u00f3wnie\u017c istnieje mo\u017cliwo\u015b\u0107 wykonania kopert o niestandastowych rozmiarach i kszta\u0142tach.<\/p>\n","protected":false},"excerpt":{"rendered":"<p>Koperty &#8211; etui sk\u0142adane bezklejowe. Po z\u0142o\u017ceniu format 140&#215;88 mm i grubo\u015b\u0107 3 mm. Dowolny papier ozdobny. Hot stamping w kolorze z\u0142otym oraz srebrnym. Opcjonalnie nadruk w dowolnym kolorze standardowym Pantone.<\/p>\n","protected":false},"featured_media":25929,"template":"","meta":{"_seopress_robots_primary_cat":"","_seopress_titles_title":"","_seopress_titles_desc":"","_seopress_robots_index":""},"product_brand":[],"product_cat":[299],"product_tag":[444,438,446,443],"class_list":{"0":"post-25744","1":"product","2":"type-product","3":"status-publish","4":"has-post-thumbnail","6":"product_cat-papeteria-papier-koperty","7":"product_tag-firma-biuro","8":"product_tag-hot-stamping","9":"product_tag-promowanie","10":"product_tag-sitodruk","12":"first","13":"instock","14":"taxable","15":"shipping-taxable","16":"purchasable","17":"product-type-simple"},"_links":{"self":[{"href":"https:\/\/printagram.com\/pl\/wp-json\/wp\/v2\/product\/25744","targetHints":{"allow":["GET"]}}],"collection":[{"href":"https:\/\/printagram.com\/pl\/wp-json\/wp\/v2\/product"}],"about":[{"href":"https:\/\/printagram.com\/pl\/wp-json\/wp\/v2\/types\/product"}],"wp:featuredmedia":[{"embeddable":true,"href":"https:\/\/printagram.com\/pl\/wp-json\/wp\/v2\/media\/25929"}],"wp:attachment":[{"href":"https:\/\/printagram.com\/pl\/wp-json\/wp\/v2\/media?parent=25744"}],"wp:term":[{"taxonomy":"product_brand","embeddable":true,"href":"https:\/\/printagram.com\/pl\/wp-json\/wp\/v2\/product_brand?post=25744"},{"taxonomy":"product_cat","embeddable":true,"href":"https:\/\/printagram.com\/pl\/wp-json\/wp\/v2\/product_cat?post=25744"},{"taxonomy":"product_tag","embeddable":true,"href":"https:\/\/printagram.com\/pl\/wp-json\/wp\/v2\/product_tag?post=25744"}],"curies":[{"name":"wp","href":"https:\/\/api.w.org\/{rel}","templated":true}]}}