{"id":25731,"date":"2023-05-12T12:10:42","date_gmt":"2023-05-12T10:10:42","guid":{"rendered":"https:\/\/printagram.com\/produkt\/certyfikat-ukonczenia-szkolenia-zlocony-soft-touch-4015-znak-zasluzonego-zawodowca-copy\/"},"modified":"2025-03-10T14:30:08","modified_gmt":"2025-03-10T13:30:08","slug":"zaproszenia-slubne-wypukle-zloto-soft-touch-6001-zaproszenia-piekne-jak-panna-mloda","status":"publish","type":"product","link":"https:\/\/printagram.com\/pl\/produkt\/zaproszenia-slubne-wypukle-zloto-soft-touch-6001-zaproszenia-piekne-jak-panna-mloda\/","title":{"rendered":"Z\u0142ocone zaproszenia \u015blubne \u201eZaproszenia Pi\u0119kne jak Panna M\u0142oda&#8221; #6001"},"content":{"rendered":"<p>Zaproszenia z efektem metalicznej wypuk\u0142o\u015bci. Dotykaj\u0105c taki produkt ma si\u0119 wra\u017cenie zastygni\u0119tego p\u0142ynnego metalu. Jaskrawe metaliczne kolory wyra\u017anie odbijaj\u0105 \u015bwiat\u0142o i ju\u017c z daleka daj\u0105 wra\u017cenie wypuk\u0142o\u015bci i wyj\u0105tkowo\u015bci.<br \/>\n<h5>Z\u0142ocenie wypuk\u0142e<\/h5>\n<p><em>Metaliczna folia wypuk\u0142a<\/em>. Ta technika to bezmatrycowe nak\u0142adanie metalizowanej folii. Przy pomocy bardzo silnych wa\u0142k\u00f3w dociskowych jest nak\u0142adana na ca\u0142\u0105 powierzchni\u0119. Metalizowana folia przylega tylko do wypuk\u0142ego specjalnego materia\u0142u daj\u0105c pi\u0119kny efekt grubej wypuk\u0142ej warstwy z\u0142ota, srebra lub innego koloru. Mo\u017cesz przeczyta\u0107 wiecej o tej technice w <a href=\"\/pl\/metallic-3d-zlocenie\/\">artykule o z\u0142oceniu wypuk\u0142ym<\/a>.<\/p>\n<\/p>\n","protected":false},"excerpt":{"rendered":"<p>Zaproszenia rozmiar A6, o gramaturze 350, pe\u0142nokolorowe, laminowane soft-touch (mi\u0142e w dotyku). Z przodu folia metaliczna wypuk\u0142a w dowolnym kolorze. Opcjonalnie personalizacja czyli drukowanie nazwisk zaproszonych os\u00f3b. <i>(*Druk nazwisk wykonujemy tylko tradycyjn\u0105 technik\u0105, a nie foli\u0105 metaliczn\u0105)<\/i><\/p>\n","protected":false},"featured_media":25945,"template":"","meta":{"_seopress_robots_primary_cat":"none","_seopress_titles_title":"","_seopress_titles_desc":"","_seopress_robots_index":""},"product_brand":[],"product_cat":[305],"product_tag":[447,434],"class_list":{"0":"post-25731","1":"product","2":"type-product","3":"status-publish","4":"has-post-thumbnail","6":"product_cat-zaproszenia","7":"product_tag-eventy","8":"product_tag-metallic-3d-zlocenie","10":"first","11":"instock","12":"taxable","13":"shipping-taxable","14":"purchasable","15":"product-type-simple"},"_links":{"self":[{"href":"https:\/\/printagram.com\/pl\/wp-json\/wp\/v2\/product\/25731","targetHints":{"allow":["GET"]}}],"collection":[{"href":"https:\/\/printagram.com\/pl\/wp-json\/wp\/v2\/product"}],"about":[{"href":"https:\/\/printagram.com\/pl\/wp-json\/wp\/v2\/types\/product"}],"wp:featuredmedia":[{"embeddable":true,"href":"https:\/\/printagram.com\/pl\/wp-json\/wp\/v2\/media\/25945"}],"wp:attachment":[{"href":"https:\/\/printagram.com\/pl\/wp-json\/wp\/v2\/media?parent=25731"}],"wp:term":[{"taxonomy":"product_brand","embeddable":true,"href":"https:\/\/printagram.com\/pl\/wp-json\/wp\/v2\/product_brand?post=25731"},{"taxonomy":"product_cat","embeddable":true,"href":"https:\/\/printagram.com\/pl\/wp-json\/wp\/v2\/product_cat?post=25731"},{"taxonomy":"product_tag","embeddable":true,"href":"https:\/\/printagram.com\/pl\/wp-json\/wp\/v2\/product_tag?post=25731"}],"curies":[{"name":"wp","href":"https:\/\/api.w.org\/{rel}","templated":true}]}}