{"id":25717,"date":"2023-05-12T11:45:45","date_gmt":"2023-05-12T09:45:45","guid":{"rendered":"https:\/\/printagram.com\/produkt\/certyfikat-wypukly-lakier-uv-soft-touch-makijaz-szkolenie-4011-mistrzowski-dyplom-upiekszania-copy\/"},"modified":"2025-11-26T17:18:20","modified_gmt":"2025-11-26T16:18:20","slug":"certyfikat-ukonczenia-szkolenia-zlocony-soft-touch-4015-znak-zasluzonego-zawodowca","status":"publish","type":"product","link":"https:\/\/printagram.com\/pl\/produkt\/certyfikat-ukonczenia-szkolenia-zlocony-soft-touch-4015-znak-zasluzonego-zawodowca\/","title":{"rendered":"Certyfikaty z\u0142ote wypuk\u0142e \u201eZnak Zas\u0142u\u017conego Zawodowca&#8221; #4015"},"content":{"rendered":"<p>Certyfikaty z efektem metalicznej wypuk\u0142o\u015bci. Dotykaj\u0105c tego produktu ma si\u0119 wra\u017cenie zastygni\u0119tego p\u0142ynnego metalu. Jaskrawe metaliczne kolory wyra\u017anie odbijaj\u0105 \u015bwiat\u0142o i ju\u017c z daleka daj\u0105 wra\u017cenie wypuk\u0142o\u015bci i wyj\u0105tkowo\u015bci.<\/p>\n<p class=\"szukasz\"><strong>Szukasz innych opcji?<\/strong> Je\u015bli chcesz mo\u017cesz skonfigurowa\u0107 certyfikaty lub dyplomy tego typu z wszystkimi mo\u017cliwymi opcjami korzystaj\u0105c z <a href=\"\/pl\/produkt\/konfigurator-certyfikaty-dyplomy-zlocone-lakier-uv\/\">Konfiguratora certyfikat\u00f3w i dyplom\u00f3w z\u0142oconych i z lakierem UV<\/a><\/p>\n<h5>Z\u0142ocenie wypuk\u0142e<\/h5>\n<p><em>Metaliczna folia wypuk\u0142a<\/em>. Ta technika to bezmatrycowe nak\u0142adanie metalizowanej folii. Przy pomocy bardzo silnych wa\u0142k\u00f3w dociskowych jest nak\u0142adana na ca\u0142\u0105 powierzchni\u0119. Metalizowana folia przylega tylko do wypuk\u0142ego specjalnego materia\u0142u daj\u0105c pi\u0119kny efekt grubej wypuk\u0142ej warstwy z\u0142ota, srebra lub innego koloru. Mo\u017cesz przeczyta\u0107 wiecej o tej technice w <a href=\"\/pl\/metallic-3d-zlocenie\/\">artykule o z\u0142oceniu wypuk\u0142ym<\/a>.<\/p>\n\n","protected":false},"excerpt":{"rendered":"<p>Certyfikaty dyplomy A4, o gramaturze 350, pe\u0142nokolorowe, laminowane soft-touch (mi\u0142e w dotyku). Z przodu folia metaliczna wypuk\u0142a w wybranym kolorze.<\/p>\n","protected":false},"featured_media":25928,"template":"","meta":{"_seopress_robots_primary_cat":"none","_seopress_titles_title":"","_seopress_titles_desc":"","_seopress_robots_index":""},"product_brand":[],"product_cat":[425],"product_tag":[447,448,434],"class_list":{"0":"post-25717","1":"product","2":"type-product","3":"status-publish","4":"has-post-thumbnail","6":"product_cat-certyfikaty-dyplomy","7":"product_tag-eventy","8":"product_tag-konferencje-kursy-szkolenia","9":"product_tag-metallic-3d-zlocenie","11":"first","12":"instock","13":"taxable","14":"shipping-taxable","15":"purchasable","16":"product-type-simple"},"_links":{"self":[{"href":"https:\/\/printagram.com\/pl\/wp-json\/wp\/v2\/product\/25717","targetHints":{"allow":["GET"]}}],"collection":[{"href":"https:\/\/printagram.com\/pl\/wp-json\/wp\/v2\/product"}],"about":[{"href":"https:\/\/printagram.com\/pl\/wp-json\/wp\/v2\/types\/product"}],"wp:featuredmedia":[{"embeddable":true,"href":"https:\/\/printagram.com\/pl\/wp-json\/wp\/v2\/media\/25928"}],"wp:attachment":[{"href":"https:\/\/printagram.com\/pl\/wp-json\/wp\/v2\/media?parent=25717"}],"wp:term":[{"taxonomy":"product_brand","embeddable":true,"href":"https:\/\/printagram.com\/pl\/wp-json\/wp\/v2\/product_brand?post=25717"},{"taxonomy":"product_cat","embeddable":true,"href":"https:\/\/printagram.com\/pl\/wp-json\/wp\/v2\/product_cat?post=25717"},{"taxonomy":"product_tag","embeddable":true,"href":"https:\/\/printagram.com\/pl\/wp-json\/wp\/v2\/product_tag?post=25717"}],"curies":[{"name":"wp","href":"https:\/\/api.w.org\/{rel}","templated":true}]}}