{"id":25644,"date":"2023-05-12T09:53:36","date_gmt":"2023-05-12T07:53:36","guid":{"rendered":"https:\/\/printagram.com\/produkt\/voucher-miedzine-zlocenie-soft-touch-klinika-medycyny-estetycznej-4010-mlodosc-na-zadanie-copy-copy\/"},"modified":"2026-01-12T12:22:29","modified_gmt":"2026-01-12T11:22:29","slug":"certyfikat-wypukly-lakier-uv-soft-touch-makijaz-szkolenie-4011-mistrzowski-dyplom-upiekszania","status":"publish","type":"product","link":"https:\/\/printagram.com\/pl\/produkt\/certyfikat-wypukly-lakier-uv-soft-touch-makijaz-szkolenie-4011-mistrzowski-dyplom-upiekszania\/","title":{"rendered":"Certyfikaty lakierowane wypuk\u0142e \u201eMistrzowski Dyplom Upi\u0119kszania&#8221; #4011"},"content":{"rendered":"<p>Certyfikaty z elementami projektu pokrytymi wypuk\u0142ym przezroczystym lakierem. Lakier UV nadaje blasku wyr\u00f3\u017cnionym elementom (na przyk\u0142ad logo). Pokryte nim obiekty wydaj\u0105 si\u0119 jakby \u201enamalowane\u201d g\u0119st\u0105, plastyczn\u0105, b\u0142yszcz\u0105c\u0105 farb\u0105. Promienie \u015bwiat\u0142a odbijaj\u0105c si\u0119 podkre\u015blaj\u0105 wypuk\u0142o\u015b\u0107, kt\u00f3r\u0105 \u0142atwo wyczu\u0107. Przy dotykaniu wyczuwa si\u0119 \u015blisko\u015b\u0107 i g\u0142adko\u015b\u0107 lakieru UV, kt\u00f3ry kontrastuje z aksamitn\u0105 \u201emi\u0119kk\u0105\u201d powierzchni\u0105 papieru pokrytego foli\u0105 soft-touch.<\/p>\n<p class=\"szukasz\"><strong>Szukasz innych opcji?<\/strong> Je\u015bli chcesz mo\u017cesz skonfigurowa\u0107 certyfikaty tego typu z wszystkimi mo\u017cliwymi opcjami korzystaj\u0105c z <a href=\"\/pl\/produkt\/konfigurator-certyfikaty-dyplomy-zlocone-lakier-uv\/\">Konfiguratora certyfikat\u00f3w i dyplom\u00f3w z\u0142oconych i z lakierem UV<\/a><\/p>\n<h5>Lakierowanie UV wybi\u00f3rcze<\/h5>\n<p>Lakier na\u0142o\u017cony na matow\u0105 powierzchni\u0119 powoduje \u017ce wybrane elementy takie jak logo, grafika, nazwisko itp s\u0105 b\u0142yszcz\u0105ce i \u0142adnie uwydatnione. Mo\u017cna te\u017c utworzy\u0107 nowe elementy graficzne widoczne pod odpowiednim k\u0105tem wzbogacaj\u0105ce projekt. Dzi\u0119ki temu mo\u017cna stosowa\u0107 lakierowane t\u0142a, \"znaki wodne\", desenie, tekstury itp. Wi\u0119cej o samej technice mo\u017cna przeczyta\u0107 w <a href=\"\/pl\/lakier-uv-selektywny\/\">artykule o lakierowaniu UV<\/a>.<\/p>\n\n","protected":false},"excerpt":{"rendered":"<p>Certyfikaty dyplomy A4, o gramaturze 350, pe\u0142nokolorowe, laminowane soft-touch (mi\u0142e w dotyku). Z przodu wypuk\u0142y lakier UV.<\/p>\n","protected":false},"featured_media":25927,"template":"","meta":{"_seopress_robots_primary_cat":"","_seopress_titles_title":"","_seopress_titles_desc":"","_seopress_robots_index":""},"product_brand":[],"product_cat":[425],"product_tag":[447,448,437],"class_list":{"0":"post-25644","1":"product","2":"type-product","3":"status-publish","4":"has-post-thumbnail","6":"product_cat-certyfikaty-dyplomy","7":"product_tag-eventy","8":"product_tag-konferencje-kursy-szkolenia","9":"product_tag-lakier-uv-selektywny","11":"first","12":"instock","13":"taxable","14":"shipping-taxable","15":"purchasable","16":"product-type-simple"},"_links":{"self":[{"href":"https:\/\/printagram.com\/pl\/wp-json\/wp\/v2\/product\/25644","targetHints":{"allow":["GET"]}}],"collection":[{"href":"https:\/\/printagram.com\/pl\/wp-json\/wp\/v2\/product"}],"about":[{"href":"https:\/\/printagram.com\/pl\/wp-json\/wp\/v2\/types\/product"}],"wp:featuredmedia":[{"embeddable":true,"href":"https:\/\/printagram.com\/pl\/wp-json\/wp\/v2\/media\/25927"}],"wp:attachment":[{"href":"https:\/\/printagram.com\/pl\/wp-json\/wp\/v2\/media?parent=25644"}],"wp:term":[{"taxonomy":"product_brand","embeddable":true,"href":"https:\/\/printagram.com\/pl\/wp-json\/wp\/v2\/product_brand?post=25644"},{"taxonomy":"product_cat","embeddable":true,"href":"https:\/\/printagram.com\/pl\/wp-json\/wp\/v2\/product_cat?post=25644"},{"taxonomy":"product_tag","embeddable":true,"href":"https:\/\/printagram.com\/pl\/wp-json\/wp\/v2\/product_tag?post=25644"}],"curies":[{"name":"wp","href":"https:\/\/api.w.org\/{rel}","templated":true}]}}