{"id":25643,"date":"2023-05-12T09:53:25","date_gmt":"2023-05-12T07:53:25","guid":{"rendered":"https:\/\/printagram.com\/produkt\/voucher-miedzine-zlocenie-soft-touch-klinika-medycyny-estetycznej-4010-mlodosc-na-zadanie-copy\/"},"modified":"2025-11-26T16:23:57","modified_gmt":"2025-11-26T15:23:57","slug":"kartka-swiateczna-zlocenie-wypukla-czerwona-folia-soft-touch-3013-swiateczny-wyslannik","status":"publish","type":"product","link":"https:\/\/printagram.com\/pl\/produkt\/kartka-swiateczna-zlocenie-wypukla-czerwona-folia-soft-touch-3013-swiateczny-wyslannik\/","title":{"rendered":"Z\u0142ocone kartki \u015bwi\u0105teczne &#8220;\u015awi\u0105teczny Wys\u0142annik&#8221; #3013"},"content":{"rendered":"<p>Eleganckie kartki \u015bwi\u0105teczne dla klient\u00f3w, drukowane na solidnym, kredowym papierze 350g. Dzi\u0119ki cyfrowemu drukowi CMYK kolory s\u0105 \u017cywe i g\u0142\u0119bokie, a dwustronna folia soft-touch nadaje mi\u0142e w dotyku wyko\u0144czenie.<\/p>\n<p>Wypuk\u0142e z\u0142ocenie oraz b\u0142yszcz\u0105ca czerwona folia na obu stronach podkre\u015blaj\u0105 \u015bwi\u0105teczny nastr\u00f3j, dodaj\u0105c kartkom luksusowego charakteru. Idealny spos\u00f3b na przekazanie \u017cycze\u0144 w wyj\u0105tkowej formie.<\/p>\n","protected":false},"excerpt":{"rendered":"<div class=\"woocommerce-product-details__short-description\">\n<p>Sk\u0142adany karnet \u015bwiateczny formatu A6 po z\u0142o\u017ceniu. Pe\u0142nokolorowy, laminowany soft-touch (mi\u0142e w dotyku) na obu stronach. Z przodu folia metaliczna wypuk\u0142a w dowolnym kolorze. Opcjonalnie folia metaliczna wypuk\u0142a r\u00f3wnie\u017c na odwrocie. R\u00f3wnie\u017c opcjonalnie lakier UV wypuk\u0142y z przodu i z ty\u0142u.<\/p>\n<\/div>\n","protected":false},"featured_media":25934,"template":"","meta":{"_seopress_robots_primary_cat":"","_seopress_titles_title":"","_seopress_titles_desc":"","_seopress_robots_index":""},"product_brand":[],"product_cat":[308],"product_tag":[447,437,434,446],"class_list":{"0":"post-25643","1":"product","2":"type-product","3":"status-publish","4":"has-post-thumbnail","6":"product_cat-pocztowki-karnety","7":"product_tag-eventy","8":"product_tag-lakier-uv-selektywny","9":"product_tag-metallic-3d-zlocenie","10":"product_tag-promowanie","12":"first","13":"instock","14":"taxable","15":"shipping-taxable","16":"purchasable","17":"product-type-simple"},"_links":{"self":[{"href":"https:\/\/printagram.com\/pl\/wp-json\/wp\/v2\/product\/25643","targetHints":{"allow":["GET"]}}],"collection":[{"href":"https:\/\/printagram.com\/pl\/wp-json\/wp\/v2\/product"}],"about":[{"href":"https:\/\/printagram.com\/pl\/wp-json\/wp\/v2\/types\/product"}],"wp:featuredmedia":[{"embeddable":true,"href":"https:\/\/printagram.com\/pl\/wp-json\/wp\/v2\/media\/25934"}],"wp:attachment":[{"href":"https:\/\/printagram.com\/pl\/wp-json\/wp\/v2\/media?parent=25643"}],"wp:term":[{"taxonomy":"product_brand","embeddable":true,"href":"https:\/\/printagram.com\/pl\/wp-json\/wp\/v2\/product_brand?post=25643"},{"taxonomy":"product_cat","embeddable":true,"href":"https:\/\/printagram.com\/pl\/wp-json\/wp\/v2\/product_cat?post=25643"},{"taxonomy":"product_tag","embeddable":true,"href":"https:\/\/printagram.com\/pl\/wp-json\/wp\/v2\/product_tag?post=25643"}],"curies":[{"name":"wp","href":"https:\/\/api.w.org\/{rel}","templated":true}]}}