{"id":25467,"date":"2023-05-11T14:59:26","date_gmt":"2023-05-11T12:59:26","guid":{"rendered":"https:\/\/printagram.com\/produkt\/zawieszka-blackgold-czarny-hot-stamping-letterpress-3010-czarny-urok-szafy-copy\/"},"modified":"2025-02-13T18:02:22","modified_gmt":"2025-02-13T17:02:22","slug":"zawieszki-weselne-zlocenie-wypukle-folia-soft-touch-5004-zawieszone-w-procentach","status":"publish","type":"product","link":"https:\/\/printagram.com\/pl\/produkt\/zawieszki-weselne-zlocenie-wypukle-folia-soft-touch-5004-zawieszone-w-procentach\/","title":{"rendered":"Zawieszki z\u0142ocone &#8220;Zawieszone w Procentach&#8221; #5004"},"content":{"rendered":"<p>Zawieszki z efektem metalicznej wypuk\u0142o\u015bci. Dotykaj\u0105c tak\u0105 wizyt\u00f3wk\u0119 ma si\u0119 wra\u017cenie zastygni\u0119tego p\u0142ynnego metalu. Jaskrawe metaliczne kolory wyra\u017anie odbijaj\u0105 \u015bwiat\u0142o i ju\u017c z daleka daj\u0105 wra\u017cenie wypuk\u0142o\u015bci i wyj\u0105tkowo\u015bci.<\/p>\n","protected":false},"excerpt":{"rendered":"<p>Zawieszki rozmiar 8&#215;8 cm na papierze standardowym 350 g, pe\u0142nokolorowe, laminowane soft-touch (mi\u0142e w dotyku). Z przodu folia metaliczna wypuk\u0142a w wybranym kolorze. Opcjonalnie folia metaliczna wypuk\u0142a r\u00f3wnie\u017c na odwrocie. Dziurka dowolnej \u015brednicy.<\/p>\n","protected":false},"featured_media":25963,"template":"","meta":{"_seopress_robots_primary_cat":"none","_seopress_titles_title":"","_seopress_titles_desc":"","_seopress_robots_index":""},"product_brand":[],"product_cat":[289],"product_tag":[434,449,446,445],"class_list":{"0":"post-25467","1":"product","2":"type-product","3":"status-publish","4":"has-post-thumbnail","6":"product_cat-metki-zawieszki","7":"product_tag-metallic-3d-zlocenie","8":"product_tag-produkcja","9":"product_tag-promowanie","10":"product_tag-sprzedaz-handel","12":"first","13":"instock","14":"taxable","15":"shipping-taxable","16":"purchasable","17":"product-type-simple"},"_links":{"self":[{"href":"https:\/\/printagram.com\/pl\/wp-json\/wp\/v2\/product\/25467","targetHints":{"allow":["GET"]}}],"collection":[{"href":"https:\/\/printagram.com\/pl\/wp-json\/wp\/v2\/product"}],"about":[{"href":"https:\/\/printagram.com\/pl\/wp-json\/wp\/v2\/types\/product"}],"wp:featuredmedia":[{"embeddable":true,"href":"https:\/\/printagram.com\/pl\/wp-json\/wp\/v2\/media\/25963"}],"wp:attachment":[{"href":"https:\/\/printagram.com\/pl\/wp-json\/wp\/v2\/media?parent=25467"}],"wp:term":[{"taxonomy":"product_brand","embeddable":true,"href":"https:\/\/printagram.com\/pl\/wp-json\/wp\/v2\/product_brand?post=25467"},{"taxonomy":"product_cat","embeddable":true,"href":"https:\/\/printagram.com\/pl\/wp-json\/wp\/v2\/product_cat?post=25467"},{"taxonomy":"product_tag","embeddable":true,"href":"https:\/\/printagram.com\/pl\/wp-json\/wp\/v2\/product_tag?post=25467"}],"curies":[{"name":"wp","href":"https:\/\/api.w.org\/{rel}","templated":true}]}}