{"id":25377,"date":"2023-05-11T13:55:51","date_gmt":"2023-05-11T11:55:51","guid":{"rendered":"https:\/\/printagram.com\/produkt\/voucher-wypukle-zloto-folia-soft-touch-czern-i-zloto-4005-viva-la-vizaz-2-copy\/"},"modified":"2025-01-26T19:46:49","modified_gmt":"2025-01-26T18:46:49","slug":"metki-biale-na-grubym-papierze-sirio-white-5002-tagi-trendow","status":"publish","type":"product","link":"https:\/\/printagram.com\/pl\/produkt\/metki-biale-na-grubym-papierze-sirio-white-5002-tagi-trendow\/","title":{"rendered":"Metki &#8220;Tagi Trend\u00f3w&#8221; #5002"},"content":{"rendered":"<p><strong><i>Metki kaszerowane<\/i><\/strong> z\u0142o\u017cone s\u0105 z wi\u0119cej ni\u017c jednej warstwy papieru. Ich podstawow\u0105 cech\u0105 jest to, \u017ce s\u0105 grubsze ni\u017c standardowe metki.<br \/>\n<p>Wi\u0119cej informacji mo\u017cesz znale\u017a\u0107 na stronie o <a href=\"\/pl\/druk-i-uszlachetnienia\/\">technikach druku i uszlachetniania<\/a>.<\/p>\n<p class=\"szukasz\"><strong>Szukasz czego\u015b innego?<\/strong> Je\u015bli chcesz mo\u017cesz skonfigurowa\u0107 w\u0142asne metki z wszystkimi mo\u017cliwymi opcjami i dowolnymi papierami korzystaj\u0105c z <a href=\"\/pl\/produkt\/metki-zawieszki-ekskluzywne-konfigurator\/\">konfiguratora metek ekskluzywnych<\/a>.<\/p>\n<\/p>\n","protected":false},"excerpt":{"rendered":"<p>Metka kaszerowana &#8211; sk\u0142ada si\u0119 z dw\u00f3ch warstw papieru Sirio color white 400g. Nadruk jednokolorowy z obu stron. Opcjonalnie z\u0142ocenie lub srebrzenie kraw\u0119dzi.<\/p>\n","protected":false},"featured_media":25108,"template":"","meta":{"_seopress_robots_primary_cat":"","_seopress_titles_title":"","_seopress_titles_desc":"","_seopress_robots_index":""},"product_brand":[],"product_cat":[289],"product_tag":[439,449,446,443,445,442],"class_list":{"0":"post-25377","1":"product","2":"type-product","3":"status-publish","4":"has-post-thumbnail","6":"product_cat-metki-zawieszki","7":"product_tag-kaszerowanie","8":"product_tag-produkcja","9":"product_tag-promowanie","10":"product_tag-sitodruk","11":"product_tag-sprzedaz-handel","12":"product_tag-zlote-krawedzie","14":"first","15":"instock","16":"taxable","17":"shipping-taxable","18":"purchasable","19":"product-type-simple"},"_links":{"self":[{"href":"https:\/\/printagram.com\/pl\/wp-json\/wp\/v2\/product\/25377","targetHints":{"allow":["GET"]}}],"collection":[{"href":"https:\/\/printagram.com\/pl\/wp-json\/wp\/v2\/product"}],"about":[{"href":"https:\/\/printagram.com\/pl\/wp-json\/wp\/v2\/types\/product"}],"wp:featuredmedia":[{"embeddable":true,"href":"https:\/\/printagram.com\/pl\/wp-json\/wp\/v2\/media\/25108"}],"wp:attachment":[{"href":"https:\/\/printagram.com\/pl\/wp-json\/wp\/v2\/media?parent=25377"}],"wp:term":[{"taxonomy":"product_brand","embeddable":true,"href":"https:\/\/printagram.com\/pl\/wp-json\/wp\/v2\/product_brand?post=25377"},{"taxonomy":"product_cat","embeddable":true,"href":"https:\/\/printagram.com\/pl\/wp-json\/wp\/v2\/product_cat?post=25377"},{"taxonomy":"product_tag","embeddable":true,"href":"https:\/\/printagram.com\/pl\/wp-json\/wp\/v2\/product_tag?post=25377"}],"curies":[{"name":"wp","href":"https:\/\/api.w.org\/{rel}","templated":true}]}}