{"id":25020,"date":"2023-05-08T11:45:13","date_gmt":"2023-05-08T09:45:13","guid":{"rendered":"https:\/\/printagram.com\/?post_type=product&#038;p=25020"},"modified":"2025-01-26T19:39:31","modified_gmt":"2025-01-26T18:39:31","slug":"konfigurator-certyfikaty-dyplomy-zlocone-lakier-uv","status":"publish","type":"product","link":"https:\/\/printagram.com\/pl\/produkt\/konfigurator-certyfikaty-dyplomy-zlocone-lakier-uv\/","title":{"rendered":"Konfigurator &#8211; Certyfikaty dyplomy z\u0142ocone + lakier UV"},"content":{"rendered":"<p>Certyfikaty dyplomy z efektem metalicznej wypuk\u0142o\u015bci i lakierem UV. Dotykaj\u0105c tego produktu ma si\u0119 wra\u017cenie zastygni\u0119tego p\u0142ynnego metalu. Jaskrawe metaliczne kolory wyra\u017anie odbijaj\u0105 \u015bwiat\u0142o i ju\u017c z daleka daj\u0105 wra\u017cenie wypuk\u0142o\u015bci i wyj\u0105tkowo\u015bci.<br \/>\nLakier UV nadaje blasku wyr\u00f3\u017cnionym elementom. Pokryte nim obiekty wydaj\u0105 si\u0119 jakby \u201enamalowane\u201d g\u0119st\u0105, plastyczn\u0105, b\u0142yszcz\u0105c\u0105 farb\u0105. Promienie \u015bwiat\u0142a odbijaj\u0105c si\u0119 podkre\u015blaj\u0105 wypuk\u0142o\u015b\u0107, kt\u00f3r\u0105 \u0142atwo wyczu\u0107. Przy dotykaniu wyczuwa si\u0119 \u015blisko\u015b\u0107 i g\u0142adko\u015b\u0107 lakieru UV, kt\u00f3ry kontrastuje z aksamitn\u0105 \u201emi\u0119kk\u0105\u201d powierzchni\u0105 papieru pokrytego foli\u0105 soft-touch.<\n\n<h5>Z\u0142ocenie wypuk\u0142e<\/h5>\n<p><em>Metaliczna folia wypuk\u0142a<\/em>. Ta technika to bezmatrycowe nak\u0142adanie metalizowanej folii. Przy pomocy bardzo silnych wa\u0142k\u00f3w dociskowych jest nak\u0142adana na ca\u0142\u0105 powierzchni\u0119. Metalizowana folia przylega tylko do wypuk\u0142ego specjalnego materia\u0142u daj\u0105c pi\u0119kny efekt grubej wypuk\u0142ej warstwy z\u0142ota, srebra lub innego koloru. Mo\u017cesz przeczyta\u0107 wiecej o tej technice w <a href=\"\/pl\/metallic-3d-zlocenie\/\">artykule o z\u0142oceniu wypuk\u0142ym<\/a>.<\/p>\n\n<h5>Lakierowanie UV wybi\u00f3rcze<\/h5>\n<p>Lakier na\u0142o\u017cony na matow\u0105 powierzchni\u0119 powoduje \u017ce wybrane elementy takie jak logo, grafika, nazwisko itp s\u0105 b\u0142yszcz\u0105ce i \u0142adnie uwydatnione. Mo\u017cna te\u017c utworzy\u0107 nowe elementy graficzne widoczne pod odpowiednim k\u0105tem wzbogacaj\u0105ce projekt. Dzi\u0119ki temu mo\u017cna stosowa\u0107 lakierowane t\u0142a, \"znaki wodne\", desenie, tekstury itp. Wi\u0119cej o samej technice mo\u017cna przeczyta\u0107 w <a href=\"\/pl\/lakier-uv-selektywny\/\">artykule o lakierowaniu UV<\/a>.<\/p>\n\n\n<\/p>\n","protected":false},"excerpt":{"rendered":"<p>Certyfikaty i dyplomy z\u0142ocone wypuk\u0142e i lakierowane UV &#8211; wszystkie opcje.<\/p>\n","protected":false},"featured_media":34095,"template":"","meta":{"_seopress_robots_primary_cat":"none","_seopress_titles_title":"","_seopress_titles_desc":"","_seopress_robots_index":""},"product_brand":[],"product_cat":[425],"product_tag":[447,448,437,434],"class_list":{"0":"post-25020","1":"product","2":"type-product","3":"status-publish","4":"has-post-thumbnail","6":"product_cat-certyfikaty-dyplomy","7":"product_tag-eventy","8":"product_tag-konferencje-kursy-szkolenia","9":"product_tag-lakier-uv-selektywny","10":"product_tag-metallic-3d-zlocenie","12":"first","13":"instock","14":"taxable","15":"shipping-taxable","16":"purchasable","17":"product-type-simple"},"_links":{"self":[{"href":"https:\/\/printagram.com\/pl\/wp-json\/wp\/v2\/product\/25020","targetHints":{"allow":["GET"]}}],"collection":[{"href":"https:\/\/printagram.com\/pl\/wp-json\/wp\/v2\/product"}],"about":[{"href":"https:\/\/printagram.com\/pl\/wp-json\/wp\/v2\/types\/product"}],"wp:featuredmedia":[{"embeddable":true,"href":"https:\/\/printagram.com\/pl\/wp-json\/wp\/v2\/media\/34095"}],"wp:attachment":[{"href":"https:\/\/printagram.com\/pl\/wp-json\/wp\/v2\/media?parent=25020"}],"wp:term":[{"taxonomy":"product_brand","embeddable":true,"href":"https:\/\/printagram.com\/pl\/wp-json\/wp\/v2\/product_brand?post=25020"},{"taxonomy":"product_cat","embeddable":true,"href":"https:\/\/printagram.com\/pl\/wp-json\/wp\/v2\/product_cat?post=25020"},{"taxonomy":"product_tag","embeddable":true,"href":"https:\/\/printagram.com\/pl\/wp-json\/wp\/v2\/product_tag?post=25020"}],"curies":[{"name":"wp","href":"https:\/\/api.w.org\/{rel}","templated":true}]}}