{"id":24962,"date":"2023-05-07T18:58:18","date_gmt":"2023-05-07T16:58:18","guid":{"rendered":"https:\/\/printagram.com\/?post_type=product&#038;p=24962"},"modified":"2025-01-26T20:23:54","modified_gmt":"2025-01-26T19:23:54","slug":"wizytowka-hotstamping-ceo-el-presidente-1002","status":"publish","type":"product","link":"https:\/\/printagram.com\/pl\/produkt\/wizytowka-hotstamping-ceo-el-presidente-1002\/","title":{"rendered":"Wizyt\u00f3wka hotstamping &#8220;The C.E.O. &#8211; El Presidente&#8221; #1002"},"content":{"rendered":"<p><strong><i>Wizyt\u00f3wki kaszerowane<\/i><\/strong> z\u0142o\u017cone s\u0105 z wi\u0119cej ni\u017c jednej warstwy papieru. Ich podstawow\u0105 cech\u0105 jest to, \u017ce s\u0105 grubsze ni\u017c standardowe wizyt\u00f3wki.<br \/>\n<strong><i>Hot-stamping<\/i><\/strong> to t\u0142oczona na gor\u0105co folia idealnie kontrastuj\u0105ca z powierzchni\u0105 wizyt\u00f3wki, tworz\u0105c atrakcyjny efekt wizualny.<br \/>\n<p>Wi\u0119cej informacji mo\u017cesz znale\u017a\u0107 na stronie o <a href=\"\/pl\/category\/technologie\/\">technikach druku i uszlachetniania<\/a>.<\/p>\n<p class=\"szukasz\"><strong>Szukasz czego\u015b innego?<\/strong> Je\u015bli chcesz mo\u017cesz skonfigurowa\u0107 w\u0142asne wizyt\u00f3wki z wszystkimi mo\u017cliwymi opcjami i dowolnymi papierami korzystaj\u0105c z <a href=\"\/pl\/produkt\/wizytowki-ekskluzywne-konfigurator\/\">konfiguratora wizyt\u00f3wek ekskluzywnych<\/a>.<\/p>\n<\/p>\n","protected":false},"excerpt":{"rendered":"<p>Wizyt\u00f3wka kaszerowana 2-warstwowa. Ciemnogranatowy papier Sirio color dark blue 290 g (razem 580 g\/m2). Hot-stamping w dowolnym kolorze na obu stronach. Kraw\u0119dzie z\u0142ote. Opcjonalnie nadruk farb\u0105 na przodzie.<\/p>\n","protected":false},"featured_media":22468,"template":"","meta":{"_seopress_robots_primary_cat":"","_seopress_titles_title":"","_seopress_titles_desc":"","_seopress_robots_index":""},"product_brand":[],"product_cat":[413,415],"product_tag":[444,438,439,448,446,443,442],"class_list":{"0":"post-24962","1":"product","2":"type-product","3":"status-publish","4":"has-post-thumbnail","6":"product_cat-wizytowki-hot-stamping","7":"product_cat-wizytowki-kaszerowane","8":"product_tag-firma-biuro","9":"product_tag-hot-stamping","10":"product_tag-kaszerowanie","11":"product_tag-konferencje-kursy-szkolenia","12":"product_tag-promowanie","13":"product_tag-sitodruk","14":"product_tag-zlote-krawedzie","16":"first","17":"instock","18":"taxable","19":"shipping-taxable","20":"purchasable","21":"product-type-simple"},"_links":{"self":[{"href":"https:\/\/printagram.com\/pl\/wp-json\/wp\/v2\/product\/24962","targetHints":{"allow":["GET"]}}],"collection":[{"href":"https:\/\/printagram.com\/pl\/wp-json\/wp\/v2\/product"}],"about":[{"href":"https:\/\/printagram.com\/pl\/wp-json\/wp\/v2\/types\/product"}],"wp:featuredmedia":[{"embeddable":true,"href":"https:\/\/printagram.com\/pl\/wp-json\/wp\/v2\/media\/22468"}],"wp:attachment":[{"href":"https:\/\/printagram.com\/pl\/wp-json\/wp\/v2\/media?parent=24962"}],"wp:term":[{"taxonomy":"product_brand","embeddable":true,"href":"https:\/\/printagram.com\/pl\/wp-json\/wp\/v2\/product_brand?post=24962"},{"taxonomy":"product_cat","embeddable":true,"href":"https:\/\/printagram.com\/pl\/wp-json\/wp\/v2\/product_cat?post=24962"},{"taxonomy":"product_tag","embeddable":true,"href":"https:\/\/printagram.com\/pl\/wp-json\/wp\/v2\/product_tag?post=24962"}],"curies":[{"name":"wp","href":"https:\/\/api.w.org\/{rel}","templated":true}]}}